{"id":1185,"date":"2022-02-09T17:23:53","date_gmt":"2022-02-09T16:23:53","guid":{"rendered":"https:\/\/maurice-tieche.fr\/?page_id=1185"},"modified":"2025-03-13T10:00:12","modified_gmt":"2025-03-13T09:00:12","slug":"bibliotheque","status":"publish","type":"page","link":"https:\/\/maurice-tieche.fr\/en\/vie-scolaire\/bibliotheque\/","title":{"rendered":"Library"},"content":{"rendered":"<div class=\"wpb-content-wrapper\"><div class=\"vc_row wpb_row vc_row-fluid vc_custom_1491472723216\"><div class=\"wpb_column vc_column_container vc_col-sm-12\"><div class=\"vc_column-inner vc_custom_1490090587979\"><div class=\"wpb_wrapper\"><h1 style=\"text-align: left\" class=\"vc_custom_heading vc_do_custom_heading vc_custom_1644421962638\" >The Library<\/h1><h4 style=\"text-align: left\" class=\"vc_custom_heading vc_do_custom_heading\" >The library is a place of conviviality, research and discovery, but also of knowledge and information. A variety of resources are available through various paper (books, magazines, etc.) and digital media (DVDs, CD-ROMs, etc.). This privileged space, open to all, is an important element for the academic success and development of our students.<\/h4><\/div><\/div><\/div><\/div><div class=\"vc_row wpb_row vc_row-fluid\"><div class=\"wpb_column vc_column_container vc_col-sm-6\"><div class=\"vc_column-inner vc_custom_1490090609198\"><div class=\"wpb_wrapper\">\n\t<div  class=\"wpb_single_image wpb_content_element vc_align_left wpb_content_element wpb_animate_when_almost_visible wpb_fadeIn fadeIn\">\n\t\t\n\t\t<figure class=\"wpb_wrapper vc_figure\">\n\t\t\t<div class=\"vc_single_image-wrapper   vc_box_border_grey\"><img loading=\"lazy\" decoding=\"async\" width=\"1680\" height=\"1050\" src=\"https:\/\/maurice-tieche.fr\/wp-content\/uploads\/2022\/02\/Screenshot-2022-02-09-17-12-22.png\" class=\"vc_single_image-img attachment-full\" alt=\"\" title=\"Screenshot 2022-02-09 17-12-22\" srcset=\"https:\/\/maurice-tieche.fr\/wp-content\/uploads\/2022\/02\/Screenshot-2022-02-09-17-12-22.png 1680w, https:\/\/maurice-tieche.fr\/wp-content\/uploads\/2022\/02\/Screenshot-2022-02-09-17-12-22-300x188.png 300w, https:\/\/maurice-tieche.fr\/wp-content\/uploads\/2022\/02\/Screenshot-2022-02-09-17-12-22-1024x640.png 1024w, https:\/\/maurice-tieche.fr\/wp-content\/uploads\/2022\/02\/Screenshot-2022-02-09-17-12-22-16x10.png 16w\" sizes=\"(max-width: 1680px) 100vw, 1680px\" \/><\/div>\n\t\t<\/figure>\n\t<\/div>\n<\/div><\/div><\/div><div class=\"wpb_column vc_column_container vc_col-sm-6\"><div class=\"vc_column-inner\"><div class=\"wpb_wrapper\"><h4 style=\"text-align: left\" class=\"vc_custom_heading vc_do_custom_heading vc_custom_1644422290054\" >Viewing and borrowing<\/h4>\n\t<div class=\"wpb_text_column wpb_content_element vc_custom_1644422261759\" >\n\t\t<div class=\"wpb_wrapper\">\n\t\t\t<p>At the library, students can consult and borrow various documents during class visits. For kindergartens and primary schools, these visits are weekly.<\/p>\n<p>Outside school time, parents who have created an account also have this possibility.<\/p>\n\n\t\t<\/div>\n\t<\/div>\n<\/div><\/div><\/div><\/div><div class=\"vc_row wpb_row vc_row-fluid\"><div class=\"wpb_column vc_column_container vc_col-sm-6\"><div class=\"vc_column-inner vc_custom_1490090614115\"><div class=\"wpb_wrapper\">\n\t<div  class=\"wpb_single_image wpb_content_element vc_align_left wpb_content_element wpb_animate_when_almost_visible wpb_fadeIn fadeIn\">\n\t\t\n\t\t<figure class=\"wpb_wrapper vc_figure\">\n\t\t\t<div class=\"vc_single_image-wrapper   vc_box_border_grey\"><img loading=\"lazy\" decoding=\"async\" width=\"1680\" height=\"1050\" src=\"https:\/\/maurice-tieche.fr\/wp-content\/uploads\/2022\/02\/Screenshot-2022-02-09-17-18-03.png\" class=\"vc_single_image-img attachment-full\" alt=\"\" title=\"Screenshot 2022-02-09 17-18-03\" srcset=\"https:\/\/maurice-tieche.fr\/wp-content\/uploads\/2022\/02\/Screenshot-2022-02-09-17-18-03.png 1680w, https:\/\/maurice-tieche.fr\/wp-content\/uploads\/2022\/02\/Screenshot-2022-02-09-17-18-03-300x188.png 300w, https:\/\/maurice-tieche.fr\/wp-content\/uploads\/2022\/02\/Screenshot-2022-02-09-17-18-03-1024x640.png 1024w, https:\/\/maurice-tieche.fr\/wp-content\/uploads\/2022\/02\/Screenshot-2022-02-09-17-18-03-16x10.png 16w\" sizes=\"(max-width: 1680px) 100vw, 1680px\" \/><\/div>\n\t\t<\/figure>\n\t<\/div>\n<\/div><\/div><\/div><div class=\"wpb_column vc_column_container vc_col-sm-6\"><div class=\"vc_column-inner\"><div class=\"wpb_wrapper\"><h4 style=\"text-align: left\" class=\"vc_custom_heading vc_do_custom_heading vc_custom_1644422397381\" >Our librarians<\/h4>\n\t<div class=\"wpb_text_column wpb_content_element vc_custom_1741856406375\" >\n\t\t<div class=\"wpb_wrapper\">\n\t\t\t<p>Jessica et son \u00e9quipe accueillent les \u00e9l\u00e8ves et apportent des r\u00e9ponses \u00e0 leurs questions.<\/p>\n<p>The library is an assistance to the realization of presentations and various projects.<\/p>\n\n\t\t<\/div>\n\t<\/div>\n<\/div><\/div><\/div><\/div><div class=\"vc_row wpb_row vc_row-fluid\"><div class=\"wpb_column vc_column_container vc_col-sm-6\"><div class=\"vc_column-inner vc_custom_1490090614115\"><div class=\"wpb_wrapper\">\n\t<div  class=\"wpb_single_image wpb_content_element vc_align_left wpb_content_element wpb_animate_when_almost_visible wpb_fadeIn fadeIn\">\n\t\t\n\t\t<figure class=\"wpb_wrapper vc_figure\">\n\t\t\t<div class=\"vc_single_image-wrapper   vc_box_border_grey\"><img loading=\"lazy\" decoding=\"async\" width=\"1680\" height=\"1050\" src=\"https:\/\/maurice-tieche.fr\/wp-content\/uploads\/2022\/02\/Screenshot-2022-02-09-15-34-54.png\" class=\"vc_single_image-img attachment-full\" alt=\"\" title=\"Screenshot 2022-02-09 15-34-54\" srcset=\"https:\/\/maurice-tieche.fr\/wp-content\/uploads\/2022\/02\/Screenshot-2022-02-09-15-34-54.png 1680w, https:\/\/maurice-tieche.fr\/wp-content\/uploads\/2022\/02\/Screenshot-2022-02-09-15-34-54-300x188.png 300w, https:\/\/maurice-tieche.fr\/wp-content\/uploads\/2022\/02\/Screenshot-2022-02-09-15-34-54-1024x640.png 1024w, https:\/\/maurice-tieche.fr\/wp-content\/uploads\/2022\/02\/Screenshot-2022-02-09-15-34-54-16x10.png 16w\" sizes=\"(max-width: 1680px) 100vw, 1680px\" \/><\/div>\n\t\t<\/figure>\n\t<\/div>\n<\/div><\/div><\/div><div class=\"wpb_column vc_column_container vc_col-sm-6\"><div class=\"vc_column-inner\"><div class=\"wpb_wrapper\"><h4 style=\"text-align: left\" class=\"vc_custom_heading vc_do_custom_heading vc_custom_1644422501919\" >Web access<\/h4>\n\t<div class=\"wpb_text_column wpb_content_element vc_custom_1644422630892\" >\n\t\t<div class=\"wpb_wrapper\">\n\t\t\t<p>Computer rooms with internet access are available for students who wish to consult documentation for research purposes.<\/p>\n\n\t\t<\/div>\n\t<\/div>\n<\/div><\/div><\/div><\/div>\n<\/div>","protected":false},"excerpt":{"rendered":"La biblioth\u00e8queLa biblioth\u00e8que est un lieu de convivialit\u00e9, de recherche, de d\u00e9couverte, mais aussi de savoirs et d\u2019informations. Des ressources&nbsp;<a href=\"https:\/\/maurice-tieche.fr\/en\/vie-scolaire\/bibliotheque\/\">&hellip;<\/a>","protected":false},"author":1,"featured_media":0,"parent":240,"menu_order":0,"comment_status":"closed","ping_status":"closed","template":"template-sidebar-right-childpages.php","meta":{"rank_math_lock_modified_date":false,"footnotes":""},"class_list":["post-1185","page","type-page","status-publish","hentry","odd"],"_links":{"self":[{"href":"https:\/\/maurice-tieche.fr\/en\/wp-json\/wp\/v2\/pages\/1185"}],"collection":[{"href":"https:\/\/maurice-tieche.fr\/en\/wp-json\/wp\/v2\/pages"}],"about":[{"href":"https:\/\/maurice-tieche.fr\/en\/wp-json\/wp\/v2\/types\/page"}],"author":[{"embeddable":true,"href":"https:\/\/maurice-tieche.fr\/en\/wp-json\/wp\/v2\/users\/1"}],"replies":[{"embeddable":true,"href":"https:\/\/maurice-tieche.fr\/en\/wp-json\/wp\/v2\/comments?post=1185"}],"version-history":[{"count":3,"href":"https:\/\/maurice-tieche.fr\/en\/wp-json\/wp\/v2\/pages\/1185\/revisions"}],"predecessor-version":[{"id":2290,"href":"https:\/\/maurice-tieche.fr\/en\/wp-json\/wp\/v2\/pages\/1185\/revisions\/2290"}],"up":[{"embeddable":true,"href":"https:\/\/maurice-tieche.fr\/en\/wp-json\/wp\/v2\/pages\/240"}],"wp:attachment":[{"href":"https:\/\/maurice-tieche.fr\/en\/wp-json\/wp\/v2\/media?parent=1185"}],"curies":[{"name":"wp","href":"https:\/\/api.w.org\/{rel}","templated":true}]}}