{"id":149,"date":"2017-03-01T12:14:46","date_gmt":"2017-03-01T11:14:46","guid":{"rendered":"http:\/\/ed.aislinthemes.com\/?page_id=1568"},"modified":"2026-01-19T11:40:42","modified_gmt":"2026-01-19T10:40:42","slug":"admission","status":"publish","type":"page","link":"https:\/\/maurice-tieche.fr\/en\/admission\/","title":{"rendered":"Demandes d&#8217;admission"},"content":{"rendered":"<div class=\"wpb-content-wrapper\"><div data-vc-full-width=\"true\" data-vc-full-width-init=\"false\" class=\"vc_row wpb_row vc_row-fluid vc_custom_1588192032074\"><div class=\"wpb_column vc_column_container vc_col-sm-12\"><div class=\"vc_column-inner vc_custom_1491469743240\"><div class=\"wpb_wrapper\"><h1 style=\"text-align: left\" class=\"vc_custom_heading vc_do_custom_heading vc_custom_1580068328518\" >Admission request<\/h1><h4 style=\"text-align: left\" class=\"vc_custom_heading vc_do_custom_heading\" >Thank you for your interest in the Ensemble Scolaire Maurice Ti\u00e8che (ESMT). We are pleased that you have taken the time to get to know us better.<\/h4><div class=\"vc_separator wpb_content_element vc_separator_align_center vc_sep_width_100 vc_sep_border_width_3 vc_sep_pos_align_center vc_separator_no_text vc_sep_color_grey wpb_content_element  wpb_content_element\" ><span class=\"vc_sep_holder vc_sep_holder_l\"><span class=\"vc_sep_line\"><\/span><\/span><span class=\"vc_sep_holder vc_sep_holder_r\"><span class=\"vc_sep_line\"><\/span><\/span>\n<\/div>\n\t<div class=\"wpb_text_column wpb_content_element\" >\n\t\t<div class=\"wpb_wrapper\">\n\t\t\t<p>Pour d\u00e9poser une demande d&#8217;admission, merci de remplir un dossier de demande d\u2019admission qui sera examin\u00e9 par la commission d\u2019admission. Cette commission consid\u00e8re tant les r\u00e9sultats que le comportement de l\u2019\u00e9l\u00e8ve et les motivations de la famille \u00e0 rejoindre notre \u00e9tablissement.<\/p>\n<p>Apr\u00e8s cette premi\u00e8re \u00e9tape, si le dossier est retenu \u00e0 ce stade et en fonction des places disponibles, le directeur de l\u2019Ensemble Scolaire propose un rendez-vous aux parents pour pr\u00e9senter l\u2019\u00e9cole et ses objectifs. <strong>Dans le cas d\u2019une admission \u00e0 l\u2019\u00e9cole primaire, une matin\u00e9e d\u2019adaptation de l\u2019enfant est n\u00e9cessaire pour que la d\u00e9cision d\u00e9finitive de la commission soit communiqu\u00e9e.<\/strong><\/p>\n\n\t\t<\/div>\n\t<\/div>\n<\/div><\/div><\/div><\/div><div class=\"vc_row-full-width vc_clearfix\"><\/div><div class=\"vc_row wpb_row vc_row-fluid vc_custom_1491467924293 vc_row-has-fill\"><div class=\"wpb_column vc_column_container vc_col-sm-12\"><div class=\"vc_column-inner\"><div class=\"wpb_wrapper\">\t\t<div class=\"our-process\" data-breakpoint=\"768\">\n\t\t\t\t\t\t<div class=\"dots\">\n\t\t\t\t\t\t<div class=\"dot-container  scp_our_process_item-b5dab25ba51f183235e920b8b0776a38\">\n\t\t\t<div class=\"line\"><\/div>\n\t\t\t<div class=\"triangle\"><\/div>\n\t\t\t<div class=\"dot-wrap center\">\n\t\t\t\t<div class=\"dot\">\n\t\t\t\t\t<i class=\"icon-ednumber-1\"><\/i>\n\t\t\t\t<\/div>\n\t\t\t<\/div>\n\t\t\t<div class=\"text\">\n\t\t\t\t<h6 class=\"title\">FIRST CONTACT<\/h6>\t\t\t\tSubmit your completed application to the secretary's office or by e-mail.\t\t\t<\/div>\n\t\t<\/div>\n\t\t\t\t<div class=\"dot-container  scp_our_process_item-6412dd81548324e89a4787f41073de7a\">\n\t\t\t<div class=\"line\"><\/div>\n\t\t\t<div class=\"triangle\"><\/div>\n\t\t\t<div class=\"dot-wrap center\">\n\t\t\t\t<div class=\"dot\">\n\t\t\t\t\t<i class=\"icon-ednumber-2\"><\/i>\n\t\t\t\t<\/div>\n\t\t\t<\/div>\n\t\t\t<div class=\"text\">\n\t\t\t\t<h6 class=\"title\">REVIEW OF THE FILE<\/h6>\t\t\t\t<span style=\"font-weight: 400\">La commission d&#8217;admission \u00e9value les dossiers en fonction du comportement, de l\u2019attitude, du travail et du niveau de l\u2019\u00e9l\u00e8ve.\u00a0<\/span>\t\t\t<\/div>\n\t\t<\/div>\n\t\t\t\t<div class=\"dot-container  scp_our_process_item-c7fdda63df371520fde571c9ffe47b4d\">\n\t\t\t<div class=\"line\"><\/div>\n\t\t\t<div class=\"triangle\"><\/div>\n\t\t\t<div class=\"dot-wrap center\">\n\t\t\t\t<div class=\"dot\">\n\t\t\t\t\t<i class=\"icon-ednumber-3\"><\/i>\n\t\t\t\t<\/div>\n\t\t\t<\/div>\n\t\t\t<div class=\"text\">\n\t\t\t\t<h6 class=\"title\">RENCONTRE AVEC LA DIRECTION<\/h6>\t\t\t\tSi le dossier est retenu, une rencontre avec la Direction vous est propos\u00e9e.\t\t\t<\/div>\n\t\t<\/div>\n\t\t\t\t<div class=\"dot-container  scp_our_process_item-f918221d46d4ac2402e00cf876e12c9e\">\n\t\t\t<div class=\"line\"><\/div>\n\t\t\t<div class=\"triangle\"><\/div>\n\t\t\t<div class=\"dot-wrap center\">\n\t\t\t\t<div class=\"dot\">\n\t\t\t\t\t<i class=\"icon-ednumber-4\"><\/i>\n\t\t\t\t<\/div>\n\t\t\t<\/div>\n\t\t\t<div class=\"text\">\n\t\t\t\t<h6 class=\"title\">DEFINITIVE ANSWER<\/h6>\t\t\t\t<span style=\"font-weight: 400\">Si la r\u00e9ponse d\u00e9finitive est positive, nous vous demandons de remplir un dossier d&#8217;inscription.\u00a0<\/span>\t\t\t<\/div>\n\t\t<\/div>\n\t\t\t\t\t<\/div>\n\t\t<\/div>\n\t\t<\/div><\/div><\/div><\/div><div class=\"vc_row wpb_row vc_row-fluid\"><div class=\"wpb_column vc_column_container vc_col-sm-12\"><div class=\"vc_column-inner\"><div class=\"wpb_wrapper\"><h4 style=\"text-align: left\" class=\"vc_custom_heading vc_do_custom_heading\" >The completed application, together with the report cards for the last 2 school years, will be sent to :<\/h4><div class=\"vc_empty_space\"   style=\"height: 32px\"><span class=\"vc_empty_space_inner\"><\/span><\/div><\/div><\/div><\/div><\/div><div class=\"vc_row wpb_row vc_row-fluid\"><div class=\"wpb_column vc_column_container vc_col-sm-3\"><div class=\"vc_column-inner\"><div class=\"wpb_wrapper\"><div class=\"vc_empty_space\"   style=\"height: 32px\"><span class=\"vc_empty_space_inner\"><\/span><\/div><\/div><\/div><\/div><div class=\"wpb_column vc_column_container vc_col-sm-3\"><div class=\"vc_column-inner vc_custom_1459416622945\"><div class=\"wpb_wrapper\"><h6 style=\"font-size: 16px;color: #020202;line-height: 23px;text-align: left\" class=\"vc_custom_heading vc_do_custom_heading vc_custom_1580071647305\" >By post to the following address<\/h6>\n\t<div class=\"wpb_text_column wpb_content_element vc_custom_1741690471898\" >\n\t\t<div class=\"wpb_wrapper\">\n\t\t\t<h5>Ensemble scolaire de Maurice Ti\u00e8che<br \/>\nDirection<br \/>\n545 chemin de Bottecreux<br \/>\n74160 Collonges-sous-Sal\u00e8ve<\/h5>\n\n\t\t<\/div>\n\t<\/div>\n<\/div><\/div><\/div><div class=\"wpb_column vc_column_container vc_col-sm-3\"><div class=\"vc_column-inner\"><div class=\"wpb_wrapper\"><h6 style=\"font-size: 16px;color: #020202;line-height: 23px;text-align: left\" class=\"vc_custom_heading vc_do_custom_heading vc_custom_1580071876113\" >By e-mail<\/h6><a href=\"mailto: secretariat@m-tieche.net\" class=\"wh-button  scp_theme_button-de947d3ae150ccbabc22ea233e97b710\" target=\"_blank\">SEND BY EMAIL<\/a><\/div><\/div><\/div><div class=\"wpb_column vc_column_container vc_col-sm-3\"><div class=\"vc_column-inner\"><div class=\"wpb_wrapper\"><\/div><\/div><\/div><\/div><div class=\"vc_row wpb_row vc_row-fluid\"><div class=\"wpb_column vc_column_container vc_col-sm-4\"><div class=\"vc_column-inner\"><div class=\"wpb_wrapper\">\n\t<div  class=\"wpb_single_image wpb_content_element vc_align_left wpb_content_element\">\n\t\t\n\t\t<figure class=\"wpb_wrapper vc_figure\">\n\t\t\t<div class=\"vc_single_image-wrapper   vc_box_border_grey\"><img loading=\"lazy\" decoding=\"async\" width=\"1024\" height=\"683\" src=\"https:\/\/maurice-tieche.fr\/wp-content\/uploads\/2020\/01\/esmt-43-1024x683.jpg\" class=\"vc_single_image-img attachment-large\" alt=\"\" title=\"Gar\u00e7on d&#039;\u00e9cole primaire\" srcset=\"https:\/\/maurice-tieche.fr\/wp-content\/uploads\/2020\/01\/esmt-43-1024x683.jpg 1024w, https:\/\/maurice-tieche.fr\/wp-content\/uploads\/2020\/01\/esmt-43-300x200.jpg 300w, https:\/\/maurice-tieche.fr\/wp-content\/uploads\/2020\/01\/esmt-43.jpg 1500w, https:\/\/maurice-tieche.fr\/wp-content\/uploads\/2020\/01\/esmt-43-150x100.jpg 150w, https:\/\/maurice-tieche.fr\/wp-content\/uploads\/2020\/01\/esmt-43-16x12.jpg 16w\" sizes=\"(max-width: 1024px) 100vw, 1024px\" \/><\/div>\n\t\t<\/figure>\n\t<\/div>\n<a href=\"https:\/\/maurice-tieche.fr\/wp-content\/uploads\/2026\/01\/DEMANDE-ADMISSION-PRIMAIRE-2026-2027.pdf\" class=\"wh-button  scp_theme_button-3f332338eefe988642c41c3462b7a19c\" target=\"_blank\">Application for Primary school admission<\/a><div class=\"vc_empty_space\"   style=\"height: 32px\"><span class=\"vc_empty_space_inner\"><\/span><\/div><\/div><\/div><\/div><div class=\"wpb_column vc_column_container vc_col-sm-4\"><div class=\"vc_column-inner vc_custom_1459416622945\"><div class=\"wpb_wrapper\">\n\t<div  class=\"wpb_single_image wpb_content_element vc_align_left wpb_content_element\">\n\t\t\n\t\t<figure class=\"wpb_wrapper vc_figure\">\n\t\t\t<div class=\"vc_single_image-wrapper   vc_box_border_grey\"><img loading=\"lazy\" decoding=\"async\" width=\"1024\" height=\"683\" src=\"https:\/\/maurice-tieche.fr\/wp-content\/uploads\/2020\/01\/esmt-5-1024x683.jpg\" class=\"vc_single_image-img attachment-large\" alt=\"\" title=\"ESMT - biblioth\u00e8que\" srcset=\"https:\/\/maurice-tieche.fr\/wp-content\/uploads\/2020\/01\/esmt-5-1024x683.jpg 1024w, https:\/\/maurice-tieche.fr\/wp-content\/uploads\/2020\/01\/esmt-5-300x200.jpg 300w, https:\/\/maurice-tieche.fr\/wp-content\/uploads\/2020\/01\/esmt-5.jpg 1500w, https:\/\/maurice-tieche.fr\/wp-content\/uploads\/2020\/01\/esmt-5-150x100.jpg 150w, https:\/\/maurice-tieche.fr\/wp-content\/uploads\/2020\/01\/esmt-5-16x12.jpg 16w\" sizes=\"(max-width: 1024px) 100vw, 1024px\" \/><\/div>\n\t\t<\/figure>\n\t<\/div>\n<a href=\"https:\/\/maurice-tieche.fr\/wp-content\/uploads\/2026\/01\/DEMANDE-ADMISSION-COLLEGE-LYCEE-2026-2027.pdf\" class=\"wh-button  scp_theme_button-960855ec90a6c9adbd756091afeaecb6\" target=\"_blank\">Application for Secondary and High school admission<\/a><\/div><\/div><\/div><div class=\"wpb_column vc_column_container vc_col-sm-4\"><div class=\"vc_column-inner\"><div class=\"wpb_wrapper\">\n\t<div  class=\"wpb_single_image wpb_content_element vc_align_left wpb_content_element\">\n\t\t\n\t\t<figure class=\"wpb_wrapper vc_figure\">\n\t\t\t<div class=\"vc_single_image-wrapper   vc_box_border_grey\"><img loading=\"lazy\" decoding=\"async\" width=\"1024\" height=\"682\" src=\"https:\/\/maurice-tieche.fr\/wp-content\/uploads\/2020\/01\/jean-wiedner-internat-1024x682.jpg\" class=\"vc_single_image-img attachment-large\" alt=\"jean-wiedner-internat\" title=\"jean-wiedner-internat\" srcset=\"https:\/\/maurice-tieche.fr\/wp-content\/uploads\/2020\/01\/jean-wiedner-internat-1024x682.jpg 1024w, https:\/\/maurice-tieche.fr\/wp-content\/uploads\/2020\/01\/jean-wiedner-internat-300x200.jpg 300w, https:\/\/maurice-tieche.fr\/wp-content\/uploads\/2020\/01\/jean-wiedner-internat.jpg 1184w, https:\/\/maurice-tieche.fr\/wp-content\/uploads\/2020\/01\/jean-wiedner-internat-150x100.jpg 150w, https:\/\/maurice-tieche.fr\/wp-content\/uploads\/2020\/01\/jean-wiedner-internat-16x12.jpg 16w\" sizes=\"(max-width: 1024px) 100vw, 1024px\" \/><\/div>\n\t\t<\/figure>\n\t<\/div>\n<a href=\"https:\/\/maurice-tieche.fr\/wp-content\/uploads\/2025\/09\/DEMANDE-ADMISSION-INTERNAT-2026-2027.pdf\" class=\"wh-button  scp_theme_button-a1cab402f8922a20311a79cb2d6f0e3e\" target=\"_blank\">Application for boarding school admission<\/a><\/div><\/div><\/div><\/div>\n<\/div>","protected":false},"excerpt":{"rendered":"Demande d'admissionMerci de votre int\u00e9r\u00eat pour l'Ensemble Scolaire Maurice Ti\u00e8che (ESMT). Nous sommes contents que vous ayez pris le temps&nbsp;<a href=\"https:\/\/maurice-tieche.fr\/en\/admission\/\">&hellip;<\/a>","protected":false},"author":1,"featured_media":0,"parent":0,"menu_order":0,"comment_status":"closed","ping_status":"closed","template":"template-fullwidth.php","meta":{"rank_math_lock_modified_date":false,"footnotes":""},"class_list":["post-149","page","type-page","status-publish","hentry","odd"],"_links":{"self":[{"href":"https:\/\/maurice-tieche.fr\/en\/wp-json\/wp\/v2\/pages\/149"}],"collection":[{"href":"https:\/\/maurice-tieche.fr\/en\/wp-json\/wp\/v2\/pages"}],"about":[{"href":"https:\/\/maurice-tieche.fr\/en\/wp-json\/wp\/v2\/types\/page"}],"author":[{"embeddable":true,"href":"https:\/\/maurice-tieche.fr\/en\/wp-json\/wp\/v2\/users\/1"}],"replies":[{"embeddable":true,"href":"https:\/\/maurice-tieche.fr\/en\/wp-json\/wp\/v2\/comments?post=149"}],"version-history":[{"count":77,"href":"https:\/\/maurice-tieche.fr\/en\/wp-json\/wp\/v2\/pages\/149\/revisions"}],"predecessor-version":[{"id":2407,"href":"https:\/\/maurice-tieche.fr\/en\/wp-json\/wp\/v2\/pages\/149\/revisions\/2407"}],"wp:attachment":[{"href":"https:\/\/maurice-tieche.fr\/en\/wp-json\/wp\/v2\/media?parent=149"}],"curies":[{"name":"wp","href":"https:\/\/api.w.org\/{rel}","templated":true}]}}