{"id":153,"date":"2017-02-21T12:24:34","date_gmt":"2017-02-21T11:24:34","guid":{"rendered":"http:\/\/ed.aislinthemes.com\/?page_id=1129"},"modified":"2022-02-09T15:47:14","modified_gmt":"2022-02-09T14:47:14","slug":"sport","status":"publish","type":"page","link":"https:\/\/maurice-tieche.fr\/en\/vie-scolaire\/sport\/","title":{"rendered":"Sport"},"content":{"rendered":"<div class=\"wpb-content-wrapper\"><div class=\"vc_row wpb_row vc_row-fluid vc_custom_1487255601180\"><div class=\"wpb_column vc_column_container vc_col-sm-12\"><div class=\"vc_column-inner vc_custom_1459848263527\"><div class=\"wpb_wrapper\"><h1 style=\"text-align: left\" class=\"vc_custom_heading vc_do_custom_heading vc_custom_1580189848170\" >Sporting activities<\/h1><h4 style=\"text-align: left\" class=\"vc_custom_heading vc_do_custom_heading vc_custom_1588710719655\" >Various sports activities are supported by the infrastructure we have at our disposal: a gymnasium, three sports fields, a climbing gym, and the nature that surrounds us.<\/p>\n<p>Depending on the class, sports activities such as skiing, climbing, swimming or cross-country running are organised in addition to the physical education and sports lessons.<\/h4><\/div><\/div><\/div><\/div><div class=\"vc_row wpb_row vc_row-fluid\"><div class=\"wpb_column vc_column_container vc_col-sm-6\"><div class=\"vc_column-inner vc_custom_1459847629856\"><div class=\"wpb_wrapper\"><h4 style=\"text-align: left\" class=\"vc_custom_heading vc_do_custom_heading vc_custom_1580189903510\" ><a href=\"#\">Gymnasium<\/a><\/h4>\n\t<div class=\"wpb_text_column wpb_content_element vc_custom_1588895908680\" >\n\t\t<div class=\"wpb_wrapper\">\n\t\t\t<p>An area equipped for a wide range of sporting activities. Ideal for gymnastics, volleyball, badminton or table tennis. Mainly used for Physical Education and Sports classes, extra-curricular activities are also held here.<\/p>\n\n\t\t<\/div>\n\t<\/div>\n<\/div><\/div><\/div><div class=\"wpb_column vc_column_container vc_col-sm-6\"><div class=\"vc_column-inner\"><div class=\"wpb_wrapper\">\n\t<div  class=\"wpb_single_image wpb_content_element vc_align_left wpb_content_element wpb_animate_when_almost_visible wpb_fadeIn fadeIn\">\n\t\t\n\t\t<figure class=\"wpb_wrapper vc_figure\">\n\t\t\t<div class=\"vc_single_image-wrapper   vc_box_border_grey\"><img loading=\"lazy\" decoding=\"async\" width=\"1500\" height=\"1000\" src=\"https:\/\/maurice-tieche.fr\/wp-content\/uploads\/2020\/01\/esmt-10.jpg\" class=\"vc_single_image-img attachment-full\" alt=\"\" title=\"Basket au gymnase\" srcset=\"https:\/\/maurice-tieche.fr\/wp-content\/uploads\/2020\/01\/esmt-10.jpg 1500w, https:\/\/maurice-tieche.fr\/wp-content\/uploads\/2020\/01\/esmt-10-300x200.jpg 300w, https:\/\/maurice-tieche.fr\/wp-content\/uploads\/2020\/01\/esmt-10-1024x683.jpg 1024w, https:\/\/maurice-tieche.fr\/wp-content\/uploads\/2020\/01\/esmt-10-16x12.jpg 16w\" sizes=\"(max-width: 1500px) 100vw, 1500px\" \/><\/div>\n\t\t<\/figure>\n\t<\/div>\n<\/div><\/div><\/div><\/div><div class=\"vc_row wpb_row vc_row-fluid\"><div class=\"wpb_column vc_column_container vc_col-sm-6\"><div class=\"vc_column-inner vc_custom_1459847672941\"><div class=\"wpb_wrapper\"><h4 style=\"text-align: left\" class=\"vc_custom_heading vc_do_custom_heading vc_custom_1580189916042\" ><a href=\"#\">Sports fields<\/a><\/h4>\n\t<div class=\"wpb_text_column wpb_content_element vc_custom_1588894192269\" >\n\t\t<div class=\"wpb_wrapper\">\n\t\t\t<p>The primary school students benefit from a dedicated outdoor synthetic area. A sports field and a football pitch can welcome students from the whole ESMT. These facilities offer the possibility of a wide range of sporting activities.<\/p>\n\n\t\t<\/div>\n\t<\/div>\n<\/div><\/div><\/div><div class=\"wpb_column vc_column_container vc_col-sm-6\"><div class=\"vc_column-inner\"><div class=\"wpb_wrapper\">\n\t<div  class=\"wpb_single_image wpb_content_element vc_align_left wpb_content_element wpb_animate_when_almost_visible wpb_fadeIn fadeIn vc_custom_1581091874597\">\n\t\t\n\t\t<figure class=\"wpb_wrapper vc_figure\">\n\t\t\t<div class=\"vc_single_image-wrapper   vc_box_border_grey\"><img loading=\"lazy\" decoding=\"async\" width=\"595\" height=\"446\" src=\"https:\/\/maurice-tieche.fr\/wp-content\/uploads\/2020\/02\/ESMT-79.jpg\" class=\"vc_single_image-img attachment-full\" alt=\"terrain de sport ESMT\" title=\"terrain de sport ESMT\" srcset=\"https:\/\/maurice-tieche.fr\/wp-content\/uploads\/2020\/02\/ESMT-79.jpg 595w, https:\/\/maurice-tieche.fr\/wp-content\/uploads\/2020\/02\/ESMT-79-300x225.jpg 300w, https:\/\/maurice-tieche.fr\/wp-content\/uploads\/2020\/02\/ESMT-79-16x12.jpg 16w\" sizes=\"(max-width: 595px) 100vw, 595px\" \/><\/div>\n\t\t<\/figure>\n\t<\/div>\n<div class=\"vc_empty_space\"   style=\"height: 32px\"><span class=\"vc_empty_space_inner\"><\/span><\/div><\/div><\/div><\/div><\/div><div class=\"vc_row wpb_row vc_row-fluid\"><div class=\"wpb_column vc_column_container vc_col-sm-6\"><div class=\"vc_column-inner vc_custom_1459847629856\"><div class=\"wpb_wrapper\"><h4 style=\"text-align: left\" class=\"vc_custom_heading vc_do_custom_heading vc_custom_1580190089410\" ><a href=\"#\">Climbing<\/a><\/h4>\n\t<div class=\"wpb_text_column wpb_content_element vc_custom_1588894305628\" >\n\t\t<div class=\"wpb_wrapper\">\n\t\t\t<p>Students from kindergarten to Primary benefit from climbing sessions, an activity that is very valuable in terms of psychomotor skills and self-confidence. The Club Nature et Sports de Montagne du Sal\u00e8ve shares this climbing wall with the ESMT.<\/p>\n\n\t\t<\/div>\n\t<\/div>\n<\/div><\/div><\/div><div class=\"wpb_column vc_column_container vc_col-sm-6\"><div class=\"vc_column-inner\"><div class=\"wpb_wrapper\">\n\t<div  class=\"wpb_single_image wpb_content_element vc_align_left wpb_content_element wpb_animate_when_almost_visible wpb_fadeIn fadeIn\">\n\t\t\n\t\t<figure class=\"wpb_wrapper vc_figure\">\n\t\t\t<div class=\"vc_single_image-wrapper   vc_box_border_grey\"><img loading=\"lazy\" decoding=\"async\" width=\"2560\" height=\"1706\" src=\"https:\/\/maurice-tieche.fr\/wp-content\/uploads\/2020\/02\/50746188_xl-scaled.jpg\" class=\"vc_single_image-img attachment-full\" alt=\"\" title=\"escalade\" srcset=\"https:\/\/maurice-tieche.fr\/wp-content\/uploads\/2020\/02\/50746188_xl-scaled.jpg 2560w, https:\/\/maurice-tieche.fr\/wp-content\/uploads\/2020\/02\/50746188_xl-scaled-300x200.jpg 300w, https:\/\/maurice-tieche.fr\/wp-content\/uploads\/2020\/02\/50746188_xl-scaled-1024x682.jpg 1024w, https:\/\/maurice-tieche.fr\/wp-content\/uploads\/2020\/02\/50746188_xl-scaled-16x12.jpg 16w\" sizes=\"(max-width: 2560px) 100vw, 2560px\" \/><\/div>\n\t\t<\/figure>\n\t<\/div>\n<\/div><\/div><\/div><\/div><div class=\"vc_row wpb_row vc_row-fluid\"><div class=\"wpb_column vc_column_container vc_col-sm-6\"><div class=\"vc_column-inner vc_custom_1459847629856\"><div class=\"wpb_wrapper\"><h4 style=\"text-align: left\" class=\"vc_custom_heading vc_do_custom_heading vc_custom_1580190121932\" ><a href=\"#\">Swimming pool outings<\/a><\/h4>\n\t<div class=\"wpb_text_column wpb_content_element vc_custom_1588894595681\" >\n\t\t<div class=\"wpb_wrapper\">\n\t\t\t<p>8 swimming pool outings are organised for the 2nde and 3rde classes of Primary school.<\/p>\n<p>Students in the first year of Secondary school<sup>.<\/sup> participate in the \"Savoir Nager en 6<sup>.<\/sup> \u00e8me \u00bb programme funded by the Haute-Savoie Department.<\/p>\n\n\t\t<\/div>\n\t<\/div>\n<\/div><\/div><\/div><div class=\"wpb_column vc_column_container vc_col-sm-6\"><div class=\"vc_column-inner\"><div class=\"wpb_wrapper\">\n\t<div  class=\"wpb_single_image wpb_content_element vc_align_left wpb_content_element wpb_animate_when_almost_visible wpb_fadeIn fadeIn\">\n\t\t\n\t\t<figure class=\"wpb_wrapper vc_figure\">\n\t\t\t<div class=\"vc_single_image-wrapper   vc_box_border_grey\"><img loading=\"lazy\" decoding=\"async\" width=\"1016\" height=\"677\" src=\"https:\/\/maurice-tieche.fr\/wp-content\/uploads\/2020\/02\/esmt-natation.jpg\" class=\"vc_single_image-img attachment-full\" alt=\"esmt-natation\" title=\"esmt-natation\" srcset=\"https:\/\/maurice-tieche.fr\/wp-content\/uploads\/2020\/02\/esmt-natation.jpg 1016w, https:\/\/maurice-tieche.fr\/wp-content\/uploads\/2020\/02\/esmt-natation-300x200.jpg 300w, https:\/\/maurice-tieche.fr\/wp-content\/uploads\/2020\/02\/esmt-natation-16x12.jpg 16w\" sizes=\"(max-width: 1016px) 100vw, 1016px\" \/><\/div>\n\t\t<\/figure>\n\t<\/div>\n<\/div><\/div><\/div><\/div><div class=\"vc_row wpb_row vc_row-fluid\"><div class=\"wpb_column vc_column_container vc_col-sm-6\"><div class=\"vc_column-inner vc_custom_1459847629856\"><div class=\"wpb_wrapper\"><h4 style=\"text-align: left\" class=\"vc_custom_heading vc_do_custom_heading vc_custom_1580190139135\" ><a href=\"#\">Natural<\/a><\/h4>\n\t<div class=\"wpb_text_column wpb_content_element vc_custom_1588894636971\" >\n\t\t<div class=\"wpb_wrapper\">\n\t\t\t<p>Our school is located on a 21-hectare campus at the foot of the mountains and on the edge of the forest. Not only is it a pleasant place to come to school, it also offers plenty of opportunities for sporting activities.<\/p>\n\n\t\t<\/div>\n\t<\/div>\n<\/div><\/div><\/div><div class=\"wpb_column vc_column_container vc_col-sm-6\"><div class=\"vc_column-inner\"><div class=\"wpb_wrapper\">\n\t<div  class=\"wpb_single_image wpb_content_element vc_align_left wpb_content_element wpb_animate_when_almost_visible wpb_fadeIn fadeIn\">\n\t\t\n\t\t<figure class=\"wpb_wrapper vc_figure\">\n\t\t\t<div class=\"vc_single_image-wrapper   vc_box_border_grey\"><img loading=\"lazy\" decoding=\"async\" width=\"1680\" height=\"1050\" src=\"https:\/\/maurice-tieche.fr\/wp-content\/uploads\/2022\/02\/Screenshot-2022-02-09-15-45-13.png\" class=\"vc_single_image-img attachment-full\" alt=\"\" title=\"Screenshot 2022-02-09 15-45-13\" srcset=\"https:\/\/maurice-tieche.fr\/wp-content\/uploads\/2022\/02\/Screenshot-2022-02-09-15-45-13.png 1680w, https:\/\/maurice-tieche.fr\/wp-content\/uploads\/2022\/02\/Screenshot-2022-02-09-15-45-13-300x188.png 300w, https:\/\/maurice-tieche.fr\/wp-content\/uploads\/2022\/02\/Screenshot-2022-02-09-15-45-13-1024x640.png 1024w, https:\/\/maurice-tieche.fr\/wp-content\/uploads\/2022\/02\/Screenshot-2022-02-09-15-45-13-16x10.png 16w\" sizes=\"(max-width: 1680px) 100vw, 1680px\" \/><\/div>\n\t\t<\/figure>\n\t<\/div>\n<\/div><\/div><\/div><\/div>\n<\/div>","protected":false},"excerpt":{"rendered":"Activit\u00e9s sportivesDiverses activit\u00e9s sportives sont favoris\u00e9es par l\u2019infrastructure dont nous disposons : un gymnase, trois terrains de sport, une salle&nbsp;<a href=\"https:\/\/maurice-tieche.fr\/en\/vie-scolaire\/sport\/\">&hellip;<\/a>","protected":false},"author":1,"featured_media":0,"parent":240,"menu_order":2,"comment_status":"closed","ping_status":"closed","template":"template-sidebar-right-childpages.php","meta":{"rank_math_lock_modified_date":false,"footnotes":""},"class_list":["post-153","page","type-page","status-publish","hentry","odd"],"_links":{"self":[{"href":"https:\/\/maurice-tieche.fr\/en\/wp-json\/wp\/v2\/pages\/153"}],"collection":[{"href":"https:\/\/maurice-tieche.fr\/en\/wp-json\/wp\/v2\/pages"}],"about":[{"href":"https:\/\/maurice-tieche.fr\/en\/wp-json\/wp\/v2\/types\/page"}],"author":[{"embeddable":true,"href":"https:\/\/maurice-tieche.fr\/en\/wp-json\/wp\/v2\/users\/1"}],"replies":[{"embeddable":true,"href":"https:\/\/maurice-tieche.fr\/en\/wp-json\/wp\/v2\/comments?post=153"}],"version-history":[{"count":13,"href":"https:\/\/maurice-tieche.fr\/en\/wp-json\/wp\/v2\/pages\/153\/revisions"}],"predecessor-version":[{"id":1183,"href":"https:\/\/maurice-tieche.fr\/en\/wp-json\/wp\/v2\/pages\/153\/revisions\/1183"}],"up":[{"embeddable":true,"href":"https:\/\/maurice-tieche.fr\/en\/wp-json\/wp\/v2\/pages\/240"}],"wp:attachment":[{"href":"https:\/\/maurice-tieche.fr\/en\/wp-json\/wp\/v2\/media?parent=153"}],"curies":[{"name":"wp","href":"https:\/\/api.w.org\/{rel}","templated":true}]}}