{"id":154,"date":"2017-02-21T11:55:14","date_gmt":"2017-02-21T10:55:14","guid":{"rendered":"http:\/\/ed.aislinthemes.com\/?page_id=1109"},"modified":"2025-02-14T11:57:59","modified_gmt":"2025-02-14T10:57:59","slug":"transport","status":"publish","type":"page","link":"https:\/\/maurice-tieche.fr\/en\/vie-scolaire\/transport\/","title":{"rendered":"School bus"},"content":{"rendered":"<div class=\"wpb-content-wrapper\"><div class=\"vc_row wpb_row vc_row-fluid vc_custom_1489054173546\"><div class=\"wpb_column vc_column_container vc_col-sm-12\"><div class=\"vc_column-inner vc_custom_1459848263527\"><div class=\"wpb_wrapper\"><h1 style=\"text-align: left\" class=\"vc_custom_heading vc_do_custom_heading vc_custom_1487678130279\" >Transport<\/h1>\n\t<div  class=\"wpb_single_image wpb_content_element vc_align_left wpb_content_element\">\n\t\t\n\t\t<figure class=\"wpb_wrapper vc_figure\">\n\t\t\t<div class=\"vc_single_image-wrapper   vc_box_border_grey\"><img decoding=\"async\" class=\"vc_single_image-img\" src=\"https:\/\/maurice-tieche.fr\/wp-content\/uploads\/2020\/02\/esmt-transport-1000x400.jpg\" width=\"1000\" height=\"400\" alt=\"esmt-transport\" title=\"esmt-transport\" loading=\"lazy\" \/><\/div>\n\t\t<\/figure>\n\t<\/div>\n\n\t<div class=\"wpb_text_column wpb_content_element vc_custom_1739530384720\" >\n\t\t<div class=\"wpb_wrapper\">\n\t\t\t<h4>L\u2019\u00e9cole s\u2019efforce de r\u00e9pondre aux besoins des familles en mati\u00e8re de transport. Ainsi, en fonction des demandes et des possibilit\u00e9s, nous organisons des transports dans les villes et communes voisines.<\/h4>\n<h4>This service is for children from Primary to High school (limited number of places) and is subject to a fee.<\/h4>\n\n\t\t<\/div>\n\t<\/div>\n<\/div><\/div><\/div><\/div>\n<\/div>","protected":false},"excerpt":{"rendered":"Transport L\u2019\u00e9cole s\u2019efforce de r\u00e9pondre aux besoins des familles en mati\u00e8re de transport. Ainsi, en fonction des demandes et des&nbsp;<a href=\"https:\/\/maurice-tieche.fr\/en\/vie-scolaire\/transport\/\">&hellip;<\/a>","protected":false},"author":1,"featured_media":0,"parent":240,"menu_order":5,"comment_status":"closed","ping_status":"closed","template":"template-sidebar-right-childpages.php","meta":{"rank_math_lock_modified_date":false,"footnotes":""},"class_list":["post-154","page","type-page","status-publish","hentry","odd"],"_links":{"self":[{"href":"https:\/\/maurice-tieche.fr\/en\/wp-json\/wp\/v2\/pages\/154"}],"collection":[{"href":"https:\/\/maurice-tieche.fr\/en\/wp-json\/wp\/v2\/pages"}],"about":[{"href":"https:\/\/maurice-tieche.fr\/en\/wp-json\/wp\/v2\/types\/page"}],"author":[{"embeddable":true,"href":"https:\/\/maurice-tieche.fr\/en\/wp-json\/wp\/v2\/users\/1"}],"replies":[{"embeddable":true,"href":"https:\/\/maurice-tieche.fr\/en\/wp-json\/wp\/v2\/comments?post=154"}],"version-history":[{"count":10,"href":"https:\/\/maurice-tieche.fr\/en\/wp-json\/wp\/v2\/pages\/154\/revisions"}],"predecessor-version":[{"id":2184,"href":"https:\/\/maurice-tieche.fr\/en\/wp-json\/wp\/v2\/pages\/154\/revisions\/2184"}],"up":[{"embeddable":true,"href":"https:\/\/maurice-tieche.fr\/en\/wp-json\/wp\/v2\/pages\/240"}],"wp:attachment":[{"href":"https:\/\/maurice-tieche.fr\/en\/wp-json\/wp\/v2\/media?parent=154"}],"curies":[{"name":"wp","href":"https:\/\/api.w.org\/{rel}","templated":true}]}}