{"id":156,"date":"2017-02-16T13:27:51","date_gmt":"2017-02-16T12:27:51","guid":{"rendered":"http:\/\/ed.aislinthemes.com\/?page_id=912"},"modified":"2025-03-12T10:27:40","modified_gmt":"2025-03-12T09:27:40","slug":"college-lycee","status":"publish","type":"page","link":"https:\/\/maurice-tieche.fr\/en\/accueil\/classes\/college-lycee\/","title":{"rendered":"Secondary &amp; High school"},"content":{"rendered":"<div class=\"wpb-content-wrapper\"><div class=\"vc_row wpb_row vc_row-fluid\"><div class=\"wpb_column vc_column_container vc_col-sm-12\"><div class=\"vc_column-inner\"><div class=\"wpb_wrapper\"><h1 style=\"text-align: left\" class=\"vc_custom_heading vc_do_custom_heading vc_custom_1580081665427\" >Secondary &amp; High school<\/h1><h4 style=\"color: #000000;text-align: left\" class=\"vc_custom_heading vc_do_custom_heading\" >Secondary and high school are the continuation of schooling with a view to obtaining state exams (Brevet des coll\u00e8ges and Baccalaur\u00e9at), as well as preparation for the reality of higher education and the professional world.<\/h4>\n\t<div  class=\"wpb_single_image wpb_content_element vc_align_left wpb_content_element wpb_animate_when_almost_visible wpb_fadeIn fadeIn vc_custom_1644332643392\">\n\t\t\n\t\t<figure class=\"wpb_wrapper vc_figure\">\n\t\t\t<div class=\"vc_single_image-wrapper   vc_box_border_grey\"><img loading=\"lazy\" decoding=\"async\" width=\"1679\" height=\"944\" src=\"https:\/\/maurice-tieche.fr\/wp-content\/uploads\/2022\/02\/Screenshot-2022-02-08-13-29-33-1.png\" class=\"vc_single_image-img attachment-full\" alt=\"\" title=\"Screenshot 2022-02-08 13-29-33\" srcset=\"https:\/\/maurice-tieche.fr\/wp-content\/uploads\/2022\/02\/Screenshot-2022-02-08-13-29-33-1.png 1679w, https:\/\/maurice-tieche.fr\/wp-content\/uploads\/2022\/02\/Screenshot-2022-02-08-13-29-33-1-300x169.png 300w, https:\/\/maurice-tieche.fr\/wp-content\/uploads\/2022\/02\/Screenshot-2022-02-08-13-29-33-1-1024x576.png 1024w, https:\/\/maurice-tieche.fr\/wp-content\/uploads\/2022\/02\/Screenshot-2022-02-08-13-29-33-1-16x9.png 16w\" sizes=\"(max-width: 1679px) 100vw, 1679px\" \/><\/div>\n\t\t<\/figure>\n\t<\/div>\n<div class=\"vc_separator wpb_content_element vc_separator_align_center vc_sep_width_100 vc_sep_border_width_4 vc_sep_pos_align_center vc_separator_no_text vc_sep_color_grey wpb_content_element  wpb_content_element\" ><span class=\"vc_sep_holder vc_sep_holder_l\"><span class=\"vc_sep_line\"><\/span><\/span><span class=\"vc_sep_holder vc_sep_holder_r\"><span class=\"vc_sep_line\"><\/span><\/span>\n<\/div><\/div><\/div><\/div><\/div><div class=\"vc_row wpb_row vc_row-fluid vc_custom_1501154357449 vc_column-gap-10\"><div class=\"wpb_column vc_column_container vc_col-sm-6\"><div class=\"vc_column-inner vc_custom_1490084518194\"><div class=\"wpb_wrapper\">\n\t<div  class=\"wpb_single_image wpb_content_element vc_align_left wpb_content_element\">\n\t\t\n\t\t<figure class=\"wpb_wrapper vc_figure\">\n\t\t\t<div class=\"vc_single_image-wrapper   vc_box_border_grey\"><img loading=\"lazy\" decoding=\"async\" width=\"1024\" height=\"683\" src=\"https:\/\/maurice-tieche.fr\/wp-content\/uploads\/2020\/01\/esmt-5-1024x683.jpg\" class=\"vc_single_image-img attachment-large\" alt=\"\" title=\"ESMT - biblioth\u00e8que\" srcset=\"https:\/\/maurice-tieche.fr\/wp-content\/uploads\/2020\/01\/esmt-5-1024x683.jpg 1024w, https:\/\/maurice-tieche.fr\/wp-content\/uploads\/2020\/01\/esmt-5-300x200.jpg 300w, https:\/\/maurice-tieche.fr\/wp-content\/uploads\/2020\/01\/esmt-5.jpg 1500w, https:\/\/maurice-tieche.fr\/wp-content\/uploads\/2020\/01\/esmt-5-150x100.jpg 150w, https:\/\/maurice-tieche.fr\/wp-content\/uploads\/2020\/01\/esmt-5-16x12.jpg 16w\" sizes=\"(max-width: 1024px) 100vw, 1024px\" \/><\/div>\n\t\t<\/figure>\n\t<\/div>\n<h4 style=\"color: #000000;text-align: left\" class=\"vc_custom_heading vc_do_custom_heading vc_custom_1580082174331\" >Educational team<\/h4>\n\t<div class=\"wpb_text_column wpb_content_element vc_custom_1580187105632\" >\n\t\t<div class=\"wpb_wrapper\">\n\t\t\t<p align=\"left\">A seasoned and motivated teaching team is at the service of the students to provide them with the ingredients for success and life skills.<\/p>\n<p align=\"left\">Methodology classes are provided to give them the necessary tools for their personal work.<\/p>\n<p align=\"left\">Les responsables de la Vie Scolaire s&#8217;appliquent \u00e0 suivre les \u00e9l\u00e8ves au plus pr\u00e8s afin de les orienter, leur offrir un espace de parole, les accompagner dans les remises en question n\u00e9cessaires.<\/p>\n<p align=\"left\">Un haut niveau d&#8217;exigence sur le plan du travail et sur le plan du comportement sont les piliers de notre fort taux de r\u00e9ussite aux examens.<\/p>\n\n\t\t<\/div>\n\t<\/div>\n<\/div><\/div><\/div><div class=\"wpb_column vc_column_container vc_col-sm-6\"><div class=\"vc_column-inner vc_custom_1490084524065\"><div class=\"wpb_wrapper\">\n\t<div  class=\"wpb_single_image wpb_content_element vc_align_left wpb_content_element\">\n\t\t\n\t\t<figure class=\"wpb_wrapper vc_figure\">\n\t\t\t<div class=\"vc_single_image-wrapper   vc_box_border_grey\"><img decoding=\"async\" class=\"vc_single_image-img\" src=\"https:\/\/maurice-tieche.fr\/wp-content\/uploads\/2022\/02\/Screenshot-2022-02-08-15-09-46-1-400x268.png\" width=\"400\" height=\"268\" alt=\"Screenshot 2022-02-08 15-09-46\" title=\"Screenshot 2022-02-08 15-09-46\" loading=\"lazy\" \/><\/div>\n\t\t<\/figure>\n\t<\/div>\n<h4 style=\"color: #000000;text-align: left\" class=\"vc_custom_heading vc_do_custom_heading vc_custom_1581002767762\" >Schedules<\/h4>\n\t<div class=\"wpb_text_column wpb_content_element vc_custom_1741771506349\" >\n\t\t<div class=\"wpb_wrapper\">\n\t\t\t<p><span style=\"font-weight: 400;\">Classes are held from <strong>8:00 a.m. to 12:40 p.m.<\/strong> and from <strong>2:00 to 4:50 p.m.<\/strong>. <\/span><\/p>\n<p><span style=\"font-weight: 400;\">Students are <strong>libres les mercredis apr\u00e8s-midi et vendredis apr\u00e8s-midi<\/strong>. <\/span><\/p>\n<p><span style=\"font-weight: 400;\">There are <strong>no classes on Saturdays.<\/strong>. <\/span><\/p>\n\n\t\t<\/div>\n\t<\/div>\n<\/div><\/div><\/div><\/div><div class=\"vc_row wpb_row vc_row-fluid vc_custom_1501154357449 vc_column-gap-10\"><div class=\"wpb_column vc_column_container vc_col-sm-6\"><div class=\"vc_column-inner vc_custom_1490084518194\"><div class=\"wpb_wrapper\">\n\t<div  class=\"wpb_single_image wpb_content_element vc_align_left wpb_content_element\">\n\t\t\n\t\t<figure class=\"wpb_wrapper vc_figure\">\n\t\t\t<div class=\"vc_single_image-wrapper   vc_box_border_grey\"><img loading=\"lazy\" decoding=\"async\" width=\"1024\" height=\"683\" src=\"https:\/\/maurice-tieche.fr\/wp-content\/uploads\/2020\/01\/esmt-40-1024x683.jpg\" class=\"vc_single_image-img attachment-large\" alt=\"\" title=\"Cours d&#039;informatique\" srcset=\"https:\/\/maurice-tieche.fr\/wp-content\/uploads\/2020\/01\/esmt-40-1024x683.jpg 1024w, https:\/\/maurice-tieche.fr\/wp-content\/uploads\/2020\/01\/esmt-40-300x200.jpg 300w, https:\/\/maurice-tieche.fr\/wp-content\/uploads\/2020\/01\/esmt-40-16x12.jpg 16w, https:\/\/maurice-tieche.fr\/wp-content\/uploads\/2020\/01\/esmt-40.jpg 1500w\" sizes=\"(max-width: 1024px) 100vw, 1024px\" \/><\/div>\n\t\t<\/figure>\n\t<\/div>\n<h4 style=\"color: #000000;text-align: left\" class=\"vc_custom_heading vc_do_custom_heading vc_custom_1644400384684\" >Managed headcount<\/h4>\n\t<div class=\"wpb_text_column wpb_content_element vc_custom_1644400413653\" >\n\t\t<div class=\"wpb_wrapper\">\n\t\t\t<p><span style=\"font-weight: 400;\">The number of students is kept to a minimum, so that students benefit from a rigorous and attentive follow-up. <\/span><\/p>\n<p><span style=\"font-weight: 400;\">Les \u00e9l\u00e8ves de premi\u00e8re et de terminale b\u00e9n\u00e9ficient d&#8217;effectifs r\u00e9duits qui leurs permettent une pr\u00e9paration optimale du baccalaur\u00e9at. <\/span><\/p>\n\n\t\t<\/div>\n\t<\/div>\n<\/div><\/div><\/div><div class=\"wpb_column vc_column_container vc_col-sm-6\"><div class=\"vc_column-inner vc_custom_1490084524065\"><div class=\"wpb_wrapper\">\n\t<div  class=\"wpb_single_image wpb_content_element vc_align_center wpb_content_element\">\n\t\t\n\t\t<figure class=\"wpb_wrapper vc_figure\">\n\t\t\t<div class=\"vc_single_image-wrapper   vc_box_border_grey\"><img decoding=\"async\" class=\"vc_single_image-img\" src=\"https:\/\/maurice-tieche.fr\/wp-content\/uploads\/2022\/02\/Screenshot-2022-02-08-15-17-21-400x270.png\" width=\"400\" height=\"270\" alt=\"Screenshot 2022-02-08 15-17-21\" title=\"Screenshot 2022-02-08 15-17-21\" loading=\"lazy\" \/><\/div>\n\t\t<\/figure>\n\t<\/div>\n<h4 style=\"color: #000000;text-align: left\" class=\"vc_custom_heading vc_do_custom_heading vc_custom_1581003447968\" >Choice of foreign languages<\/h4>\n\t<div class=\"wpb_text_column wpb_content_element vc_custom_1581003521635\" >\n\t\t<div class=\"wpb_wrapper\">\n\t\t\t<p><span style=\"font-weight: 400;\"><strong>Modern language 1 (LV1) :<\/strong><br \/>\nEnglish for all classes (Secondary and High school)<\/span><\/p>\n<p><span style=\"font-weight: 400;\"><strong>Modern language 2 (LV2) :<\/strong><br \/>\nSpanish or German (from second year of Secondary School)\u00a0<\/span><\/p>\n<p><span style=\"font-weight: 400;\">Other languages are possible with the Centre National d'Enseignement \u00e0 Distance (CNED). The inversion of LV1 and LV2 is possible in the final year for the baccalaur\u00e9at test. <\/span><\/p>\n\n\t\t<\/div>\n\t<\/div>\n<\/div><\/div><\/div><\/div><div class=\"vc_row wpb_row vc_row-fluid vc_custom_1501154357449 vc_column-gap-10\"><div class=\"wpb_column vc_column_container vc_col-sm-12\"><div class=\"vc_column-inner vc_custom_1490084518194\"><div class=\"wpb_wrapper\">\n\t<div class=\"wpb_text_column wpb_content_element\" >\n\t\t<div class=\"wpb_wrapper\">\n\t\t\t<h4>CDI<\/h4>\n<p><span style=\"font-weight: 400;\">All students have free access to the library to borrow books, access the internet, consult documentation and do research.<\/span><\/p>\n\n\t\t<\/div>\n\t<\/div>\n<\/div><\/div><\/div><\/div><div class=\"vc_row wpb_row vc_row-fluid vc_custom_1501154357449 vc_column-gap-10\"><div class=\"wpb_column vc_column_container vc_col-sm-12\"><div class=\"vc_column-inner vc_custom_1490084518194\"><div class=\"wpb_wrapper\">\n\t<div class=\"wpb_text_column wpb_content_element\" >\n\t\t<div class=\"wpb_wrapper\">\n\t\t\t<h4>Exam preparation<\/h4>\n\n\t\t<\/div>\n\t<\/div>\n\n\t<div  class=\"wpb_single_image wpb_content_element vc_align_left wpb_content_element\">\n\t\t\n\t\t<figure class=\"wpb_wrapper vc_figure\">\n\t\t\t<div class=\"vc_single_image-wrapper   vc_box_border_grey\"><img decoding=\"async\" class=\"vc_single_image-img\" src=\"https:\/\/maurice-tieche.fr\/wp-content\/uploads\/2017\/07\/06-726x400.jpg\" width=\"726\" height=\"400\" alt=\"06\" title=\"06\" loading=\"lazy\" \/><\/div>\n\t\t<\/figure>\n\t<\/div>\n\n\t<div class=\"wpb_text_column wpb_content_element\" >\n\t\t<div class=\"wpb_wrapper\">\n\t\t\t<p><b>Dipl\u00f4me National du Brevet and Baccalaur\u00e9at<\/b><\/p>\n<p><span style=\"font-weight: 400;\">Le coll\u00e8ge pr\u00e9pare \u00e0 l&#8217;obtention du Dipl\u00f4me National du Brevet. Le lyc\u00e9e pr\u00e9pare au baccalaur\u00e9at g\u00e9n\u00e9ral et propose les sp\u00e9cialit\u00e9s suivantes * :<\/span><\/p>\n<ul>\n<li>Mathematics<\/li>\n<li>biology<\/li>\n<li>Physics-Chemistry<\/li>\n<li>social and economic sience<\/li>\n<li>history-geography, geopolitics and political science<\/li>\n<\/ul>\n<p><em>*the offer of specialities may vary according to demand<\/em><\/p>\n<p><span style=\"font-weight: 400;\">Accommodations are possible to follow other specialities through the CNED.\u00a0<\/span><\/p>\n<p>For the last year of high school, two options are offered (depending on demand):<\/p>\n<ul>\n<li>Complementary Mathematics (for students who did not take the Mathematics speciality in second year of High school or who stopped it at the end of second year of high school).<\/li>\n<li>Expert Mathematics<\/li>\n<\/ul>\n<p><b>Success rate\u00a0<\/b><\/p>\n<p>DNB (Brevet des Coll\u00e8ges) &#8211; R\u00e9sultats sur les 3 derni\u00e8res ann\u00e9es <strong>97 %<\/strong><\/p>\n<p>Baccalaur\u00e9at &#8211; R\u00e9sultats sur les 3 derni\u00e8res ann\u00e9es<strong> 96 %<\/strong><\/p>\n<p>We have small head counts and the success rate is therefore extremely variable. Furthermore, we have chosen to regularly open our enrolment to students with apparently less successful records, under very specific conditions, in order to give them a chance and to help them succeed.<\/p>\n<p><b>Mock exams<\/b><\/p>\n<p><span style=\"font-weight: 400;\">A mock bac test is organised each trimester for last year of High school students for all subjects. The same applies to the second year students, who take the early bac exams over two days. In addition to this, the students in the exam classes (second and last year.) are given training for the bac exams on Wednesday afternoons at an average rate of two per month.\u00a0<\/span><\/p>\n<p><span style=\"font-weight: 400;\">A \"brevet blanc\" (mock exam) is organised over 2 or 3 days for pupils in last year of Secondary school at the end of each trimester.\u00a0<\/span><\/p>\n<p><span style=\"font-weight: 400;\">\u00a0<\/span><\/p>\n<p><b>Personalized support\u00a0<\/b><\/p>\n<p><span style=\"font-weight: 400;\">Un cours de m\u00e9thodologie est pr\u00e9vu pour toutes les classes du coll\u00e8ge, de 2nde et de 1\u00e8re. Le conseil des professeurs propose l&#8217;attribution d&#8217;un tuteur aux lyc\u00e9ens qui rencontrent des difficult\u00e9s.<\/span><\/p>\n<p><span style=\"font-weight: 400;\">Guidance is also offered.\u00a0<\/span><\/p>\n\n\t\t<\/div>\n\t<\/div>\n<\/div><\/div><\/div><\/div><div class=\"vc_row wpb_row vc_row-fluid vc_custom_1501154363855\"><div class=\"wpb_column vc_column_container vc_col-sm-6\"><div class=\"vc_column-inner\"><div class=\"wpb_wrapper\">\n\t<div  class=\"wpb_single_image wpb_content_element vc_align_left wpb_content_element\">\n\t\t\n\t\t<figure class=\"wpb_wrapper vc_figure\">\n\t\t\t<div class=\"vc_single_image-wrapper   vc_box_border_grey\"><img loading=\"lazy\" decoding=\"async\" width=\"300\" height=\"161\" src=\"https:\/\/maurice-tieche.fr\/wp-content\/uploads\/2025\/03\/Prep-centre-logo_RGB-300x161.jpg\" class=\"vc_single_image-img attachment-medium\" alt=\"\" title=\"Prep centre logo_RGB\" srcset=\"https:\/\/maurice-tieche.fr\/wp-content\/uploads\/2025\/03\/Prep-centre-logo_RGB-300x161.jpg 300w, https:\/\/maurice-tieche.fr\/wp-content\/uploads\/2025\/03\/Prep-centre-logo_RGB-1024x550.jpg 1024w, https:\/\/maurice-tieche.fr\/wp-content\/uploads\/2025\/03\/Prep-centre-logo_RGB-18x10.jpg 18w, https:\/\/maurice-tieche.fr\/wp-content\/uploads\/2025\/03\/Prep-centre-logo_RGB.jpg 1787w\" sizes=\"(max-width: 300px) 100vw, 300px\" \/><\/div>\n\t\t<\/figure>\n\t<\/div>\n<\/div><\/div><\/div><div class=\"wpb_column vc_column_container vc_col-sm-6\"><div class=\"vc_column-inner\"><div class=\"wpb_wrapper\"><h4 style=\"color: #000000;text-align: left\" class=\"vc_custom_heading vc_do_custom_heading vc_custom_1741265971906\" >Certificate of Cambridge<\/h4>\n\t<div class=\"wpb_text_column wpb_content_element vc_custom_1741268974503\" >\n\t\t<div class=\"wpb_wrapper\">\n\t\t\t<p>L\u2019\u00e9cole offre l\u2019opportunit\u00e9 aux \u00e9l\u00e8ves du Coll\u00e8ge et du Lyc\u00e9e la Certification Cambridge en niveau A1, A2 et B1.<\/p>\n<p>Cette certification est en option.<\/p>\n\n\t\t<\/div>\n\t<\/div>\n<\/div><\/div><\/div><\/div><div class=\"vc_row wpb_row vc_row-fluid\"><div class=\"wpb_column vc_column_container vc_col-sm-12\"><div class=\"vc_column-inner\"><div class=\"wpb_wrapper\"><div class=\"vc_separator wpb_content_element vc_separator_align_center vc_sep_width_100 vc_sep_border_width_4 vc_sep_pos_align_center vc_separator_no_text vc_sep_color_grey vc_custom_1491471819352 wpb_content_element  vc_custom_1491471819352 wpb_content_element\" ><span class=\"vc_sep_holder vc_sep_holder_l\"><span class=\"vc_sep_line\"><\/span><\/span><span class=\"vc_sep_holder vc_sep_holder_r\"><span class=\"vc_sep_line\"><\/span><\/span>\n<\/div>\n\t<div class=\"wpb_text_column wpb_content_element\" >\n\t\t<div class=\"wpb_wrapper\">\n\t\t\t<h4><span style=\"font-weight: 400;\">Secondary and High School rates<\/span><\/h4>\n<h5><span style=\"font-weight: 400;\">Conditions et modalit\u00e9s financi\u00e8res 2025-2026<br \/>\n<\/span><span style=\"font-weight: 400;\">Half-board and external students<\/span><\/h5>\n\n\t\t<\/div>\n\t<\/div>\n<a href=\"https:\/\/maurice-tieche.fr\/wp-content\/uploads\/2024\/11\/COLLEGE_FINANCE_2025_2026.pdf\" class=\"wh-button  scp_theme_button-338254daa91d97e6d794335e12243b38\" target=\"_blank\">DOWNLOAD THE TARIFFS<\/a><\/div><\/div><\/div><\/div>\n<\/div>","protected":false},"excerpt":{"rendered":"Coll\u00e8ge &amp; Lyc\u00e9eLe Coll\u00e8ge et le Lyc\u00e9e, c'est la poursuite de la scolarit\u00e9 en vue de l'obtention des examens d'\u00e9tat&nbsp;<a href=\"https:\/\/maurice-tieche.fr\/en\/accueil\/classes\/college-lycee\/\">&hellip;<\/a>","protected":false},"author":1,"featured_media":0,"parent":148,"menu_order":2,"comment_status":"closed","ping_status":"closed","template":"template-sidebar-right-childpages.php","meta":{"rank_math_lock_modified_date":false,"footnotes":""},"class_list":["post-156","page","type-page","status-publish","hentry","odd"],"_links":{"self":[{"href":"https:\/\/maurice-tieche.fr\/en\/wp-json\/wp\/v2\/pages\/156"}],"collection":[{"href":"https:\/\/maurice-tieche.fr\/en\/wp-json\/wp\/v2\/pages"}],"about":[{"href":"https:\/\/maurice-tieche.fr\/en\/wp-json\/wp\/v2\/types\/page"}],"author":[{"embeddable":true,"href":"https:\/\/maurice-tieche.fr\/en\/wp-json\/wp\/v2\/users\/1"}],"replies":[{"embeddable":true,"href":"https:\/\/maurice-tieche.fr\/en\/wp-json\/wp\/v2\/comments?post=156"}],"version-history":[{"count":44,"href":"https:\/\/maurice-tieche.fr\/en\/wp-json\/wp\/v2\/pages\/156\/revisions"}],"predecessor-version":[{"id":2280,"href":"https:\/\/maurice-tieche.fr\/en\/wp-json\/wp\/v2\/pages\/156\/revisions\/2280"}],"up":[{"embeddable":true,"href":"https:\/\/maurice-tieche.fr\/en\/wp-json\/wp\/v2\/pages\/148"}],"wp:attachment":[{"href":"https:\/\/maurice-tieche.fr\/en\/wp-json\/wp\/v2\/media?parent=156"}],"curies":[{"name":"wp","href":"https:\/\/api.w.org\/{rel}","templated":true}]}}