{"id":157,"date":"2017-02-16T13:19:53","date_gmt":"2017-02-16T12:19:53","guid":{"rendered":"http:\/\/ed.aislinthemes.com\/?page_id=895"},"modified":"2025-03-13T11:04:36","modified_gmt":"2025-03-13T10:04:36","slug":"cantine","status":"publish","type":"page","link":"https:\/\/maurice-tieche.fr\/en\/vie-scolaire\/cantine\/","title":{"rendered":"Cafeteria"},"content":{"rendered":"<div class=\"wpb-content-wrapper\"><div class=\"vc_row wpb_row vc_row-fluid vc_custom_1489054095756\"><div class=\"wpb_column vc_column_container vc_col-sm-12\"><div class=\"vc_column-inner vc_custom_1459848263527\"><div class=\"wpb_wrapper\"><h1 style=\"text-align: left\" class=\"vc_custom_heading vc_do_custom_heading vc_custom_1581090746837\" >Cafeteria<\/h1><h4 style=\"text-align: left\" class=\"vc_custom_heading vc_do_custom_heading vc_custom_1741860195739\" >L\u2019\u00e9quipe de la restauration scolaire propose chaque jour un plat v\u00e9g\u00e9tarien auquel s\u2019ajoute au choix, une fois par semaine de la viande ou du poisson. R\u00e9guli\u00e8rement des repas \u00e0 th\u00e8me, au moment de No\u00ebl par exemple, sont propos\u00e9s aux \u00e9l\u00e8ves.<\/h4>\n\t<div  class=\"wpb_single_image wpb_content_element vc_align_left wpb_content_element vc_custom_1741860136901\">\n\t\t\n\t\t<figure class=\"wpb_wrapper vc_figure\">\n\t\t\t<div class=\"vc_single_image-wrapper   vc_box_border_grey\"><img decoding=\"async\" class=\"vc_single_image-img\" src=\"https:\/\/maurice-tieche.fr\/wp-content\/uploads\/2025\/03\/Design-sans-titre-2-1.png\" width=\"768\" height=\"510\" alt=\"Design sans titre (2)\" title=\"Design sans titre (2)\" loading=\"lazy\" \/><\/div>\n\t\t<\/figure>\n\t<\/div>\n<h4 style=\"text-align: left\" class=\"vc_custom_heading vc_do_custom_heading vc_custom_1741860259829\" >La caf\u00e9t\u00e9ria re\u00e7oit les maternelles dans une salle qui leur est d\u00e9di\u00e9e tandis que la salle principale r\u00e9serve un espace pour les \u00e9l\u00e9mentaires, un autre pour les coll\u00e9giens et lyc\u00e9ens, le tout sous le regard vigilant d\u2019une \u00e9quipe de surveillance. Tous nos repas sont pr\u00e9par\u00e9s sur place le jour m\u00eame. <\/h4><\/div><\/div><\/div><\/div>\n<\/div>","protected":false},"excerpt":{"rendered":"Cantine scolaireL\u2019\u00e9quipe de la restauration scolaire propose chaque jour un plat v\u00e9g\u00e9tarien auquel s\u2019ajoute au choix, une fois par semaine&nbsp;<a href=\"https:\/\/maurice-tieche.fr\/en\/vie-scolaire\/cantine\/\">&hellip;<\/a>","protected":false},"author":1,"featured_media":0,"parent":240,"menu_order":6,"comment_status":"closed","ping_status":"closed","template":"template-sidebar-right-childpages.php","meta":{"rank_math_lock_modified_date":false,"footnotes":""},"class_list":["post-157","page","type-page","status-publish","hentry","odd"],"_links":{"self":[{"href":"https:\/\/maurice-tieche.fr\/en\/wp-json\/wp\/v2\/pages\/157"}],"collection":[{"href":"https:\/\/maurice-tieche.fr\/en\/wp-json\/wp\/v2\/pages"}],"about":[{"href":"https:\/\/maurice-tieche.fr\/en\/wp-json\/wp\/v2\/types\/page"}],"author":[{"embeddable":true,"href":"https:\/\/maurice-tieche.fr\/en\/wp-json\/wp\/v2\/users\/1"}],"replies":[{"embeddable":true,"href":"https:\/\/maurice-tieche.fr\/en\/wp-json\/wp\/v2\/comments?post=157"}],"version-history":[{"count":11,"href":"https:\/\/maurice-tieche.fr\/en\/wp-json\/wp\/v2\/pages\/157\/revisions"}],"predecessor-version":[{"id":2307,"href":"https:\/\/maurice-tieche.fr\/en\/wp-json\/wp\/v2\/pages\/157\/revisions\/2307"}],"up":[{"embeddable":true,"href":"https:\/\/maurice-tieche.fr\/en\/wp-json\/wp\/v2\/pages\/240"}],"wp:attachment":[{"href":"https:\/\/maurice-tieche.fr\/en\/wp-json\/wp\/v2\/media?parent=157"}],"curies":[{"name":"wp","href":"https:\/\/api.w.org\/{rel}","templated":true}]}}