{"id":159,"date":"2017-02-16T12:55:59","date_gmt":"2017-02-16T11:55:59","guid":{"rendered":"http:\/\/ed.aislinthemes.com\/?page_id=860"},"modified":"2025-03-06T14:47:38","modified_gmt":"2025-03-06T13:47:38","slug":"maternelle-elementaire","status":"publish","type":"page","link":"https:\/\/maurice-tieche.fr\/en\/accueil\/classes\/maternelle-elementaire\/","title":{"rendered":"Kindergarten &amp; Primary"},"content":{"rendered":"<div class=\"wpb-content-wrapper\"><div class=\"vc_row wpb_row vc_row-fluid vc_custom_1487250199380\"><div class=\"wpb_column vc_column_container vc_col-sm-12\"><div class=\"vc_column-inner vc_custom_1490018662966\"><div class=\"wpb_wrapper\"><h1 style=\"text-align: left\" class=\"vc_custom_heading vc_do_custom_heading vc_custom_1585912302863\" >Kindergarten &amp; Primary school<\/h1><h4 style=\"text-align: left\" class=\"vc_custom_heading vc_do_custom_heading\" >The school has one class per level from kindergarten to last year of primary school. The kindergarten classes are designed to encourage free activities and games, artistic activities, manipulation and motor skills, autonomy and socialisation of the child.<\/h4>\n\t<div  class=\"wpb_single_image wpb_content_element vc_align_left wpb_content_element wpb_animate_when_almost_visible wpb_fadeIn fadeIn\">\n\t\t\n\t\t<figure class=\"wpb_wrapper vc_figure\">\n\t\t\t<div class=\"vc_single_image-wrapper   vc_box_border_grey\"><img loading=\"lazy\" decoding=\"async\" width=\"1500\" height=\"1000\" src=\"https:\/\/maurice-tieche.fr\/wp-content\/uploads\/2020\/01\/esmt-30.jpg\" class=\"vc_single_image-img attachment-full\" alt=\"\" title=\"ecole primaire\" srcset=\"https:\/\/maurice-tieche.fr\/wp-content\/uploads\/2020\/01\/esmt-30.jpg 1500w, https:\/\/maurice-tieche.fr\/wp-content\/uploads\/2020\/01\/esmt-30-300x200.jpg 300w, https:\/\/maurice-tieche.fr\/wp-content\/uploads\/2020\/01\/esmt-30-1024x683.jpg 1024w, https:\/\/maurice-tieche.fr\/wp-content\/uploads\/2020\/01\/esmt-30-16x12.jpg 16w\" sizes=\"(max-width: 1500px) 100vw, 1500px\" \/><\/div>\n\t\t<\/figure>\n\t<\/div>\n<\/div><\/div><\/div><\/div><div class=\"vc_row wpb_row vc_row-fluid\"><div class=\"wpb_column vc_column_container vc_col-sm-6\"><div class=\"vc_column-inner vc_custom_1459847629856\"><div class=\"wpb_wrapper\">\n\t<div  class=\"wpb_single_image wpb_content_element vc_align_left wpb_content_element wpb_animate_when_almost_visible wpb_fadeIn fadeIn\">\n\t\t\n\t\t<figure class=\"wpb_wrapper vc_figure\">\n\t\t\t<div class=\"vc_single_image-wrapper   vc_box_border_grey\"><img loading=\"lazy\" decoding=\"async\" width=\"1500\" height=\"1000\" src=\"https:\/\/maurice-tieche.fr\/wp-content\/uploads\/2020\/01\/esmt-37.jpg\" class=\"vc_single_image-img attachment-full\" alt=\"\" title=\"d\u00e9veloppement durable\" srcset=\"https:\/\/maurice-tieche.fr\/wp-content\/uploads\/2020\/01\/esmt-37.jpg 1500w, https:\/\/maurice-tieche.fr\/wp-content\/uploads\/2020\/01\/esmt-37-300x200.jpg 300w, https:\/\/maurice-tieche.fr\/wp-content\/uploads\/2020\/01\/esmt-37-1024x683.jpg 1024w, https:\/\/maurice-tieche.fr\/wp-content\/uploads\/2020\/01\/esmt-37-16x12.jpg 16w\" sizes=\"(max-width: 1500px) 100vw, 1500px\" \/><\/div>\n\t\t<\/figure>\n\t<\/div>\n<h4 style=\"text-align: left\" class=\"vc_custom_heading vc_do_custom_heading vc_custom_1588708389129\" ><a href=\"#\">Suitable support in kindergarten<\/a><\/h4>\n\t<div class=\"wpb_text_column wpb_content_element vc_custom_1588708471346\" >\n\t\t<div class=\"wpb_wrapper\">\n\t\t\t<p>Each teacher is accompanied by an assistant to give the child all the attention necessary for their development.<\/p>\n<p>The school gives priority to welcoming the children as well as the parents in order to facilitate the moment of separation in good conditions of trust.<\/p>\n\n\t\t<\/div>\n\t<\/div>\n<\/div><\/div><\/div><div class=\"wpb_column vc_column_container vc_col-sm-6\"><div class=\"vc_column-inner\"><div class=\"wpb_wrapper\">\n\t<div  class=\"wpb_single_image wpb_content_element vc_align_left wpb_content_element wpb_animate_when_almost_visible wpb_fadeIn fadeIn\">\n\t\t\n\t\t<figure class=\"wpb_wrapper vc_figure\">\n\t\t\t<div class=\"vc_single_image-wrapper   vc_box_border_grey\"><img decoding=\"async\" class=\"vc_single_image-img\" src=\"https:\/\/maurice-tieche.fr\/wp-content\/uploads\/2020\/01\/esmt-41-400x275.jpg\" width=\"400\" height=\"275\" alt=\"enfant avec une plante\" title=\"enfant avec une plante\" loading=\"lazy\" \/><\/div>\n\t\t<\/figure>\n\t<\/div>\n<h4 style=\"text-align: left\" class=\"vc_custom_heading vc_do_custom_heading vc_custom_1580081300501\" ><a href=\"#\">Our Goals<\/a><\/h4>\n\t<div class=\"wpb_text_column wpb_content_element vc_custom_1741268265535\" >\n\t\t<div class=\"wpb_wrapper\">\n\t\t\t<p>Tout au long de l&#8217;\u00e9cole primaire, l&#8217;\u00e9quipe p\u00e9dagogique se donne pour objectif de :<\/p>\n<ul>\n<li><strong>develop self-confidence<\/strong><\/li>\n<li><strong>motivation<\/strong><\/li>\n<li><strong>curiosity<\/strong><\/li>\n<li><strong>self-control<\/strong><\/li>\n<\/ul>\n<p>dans le respect de la personnalit\u00e9 de l&#8217;enfant.<\/p>\n\n\t\t<\/div>\n\t<\/div>\n<\/div><\/div><\/div><\/div><div class=\"vc_row wpb_row vc_row-fluid\"><div class=\"wpb_column vc_column_container vc_col-sm-6\"><div class=\"vc_column-inner vc_custom_1459847672941\"><div class=\"wpb_wrapper\">\n\t<div  class=\"wpb_single_image wpb_content_element vc_align_left wpb_content_element wpb_animate_when_almost_visible wpb_fadeIn fadeIn\">\n\t\t\n\t\t<figure class=\"wpb_wrapper vc_figure\">\n\t\t\t<div class=\"vc_single_image-wrapper   vc_box_border_grey\"><img loading=\"lazy\" decoding=\"async\" width=\"799\" height=\"394\" src=\"https:\/\/maurice-tieche.fr\/wp-content\/uploads\/2017\/02\/art-03.jpg\" class=\"vc_single_image-img attachment-full\" alt=\"\" title=\"art-03\" srcset=\"https:\/\/maurice-tieche.fr\/wp-content\/uploads\/2017\/02\/art-03.jpg 799w, https:\/\/maurice-tieche.fr\/wp-content\/uploads\/2017\/02\/art-03-300x148.jpg 300w, https:\/\/maurice-tieche.fr\/wp-content\/uploads\/2017\/02\/art-03-16x8.jpg 16w\" sizes=\"(max-width: 799px) 100vw, 799px\" \/><\/div>\n\t\t<\/figure>\n\t<\/div>\n<h4 style=\"text-align: left\" class=\"vc_custom_heading vc_do_custom_heading vc_custom_1580994882909\" ><a href=\"#\">Schedules<\/a><\/h4>\n\t<div class=\"wpb_text_column wpb_content_element vc_custom_1741267811609\" >\n\t\t<div class=\"wpb_wrapper\">\n\t\t\t<p><span style=\"font-weight: 400;\">Les cours ont lieu du Lundi au vendredi de <strong>8:30 to 12:30<\/strong> and from <strong>14:00 to 16:00.<\/strong>. <\/span><\/p>\n<p><span style=\"font-weight: 400;\">Students are <strong>libres les mercredis apr\u00e8s-midi<\/strong> and <strong>Friday afternoons.<\/strong>.<\/span><\/p>\n<p><span style=\"font-weight: 400;\">There are <strong>no classes on Saturdays.<\/strong>.<\/span><\/p>\n\n\t\t<\/div>\n\t<\/div>\n<\/div><\/div><\/div><div class=\"wpb_column vc_column_container vc_col-sm-6\"><div class=\"vc_column-inner vc_custom_1490170360438\"><div class=\"wpb_wrapper\">\n\t<div  class=\"wpb_single_image wpb_content_element vc_align_left wpb_content_element wpb_animate_when_almost_visible wpb_fadeIn fadeIn\">\n\t\t\n\t\t<figure class=\"wpb_wrapper vc_figure\">\n\t\t\t<div class=\"vc_single_image-wrapper   vc_box_border_grey\"><img decoding=\"async\" class=\"vc_single_image-img\" src=\"https:\/\/maurice-tieche.fr\/wp-content\/uploads\/2017\/02\/event-02-400x200.jpg\" width=\"400\" height=\"200\" alt=\"event-02\" title=\"event-02\" loading=\"lazy\" \/><\/div>\n\t\t<\/figure>\n\t<\/div>\n<h4 style=\"text-align: left\" class=\"vc_custom_heading vc_do_custom_heading vc_custom_1644400345518\" ><a href=\"#\">Managed headcount<\/a><\/h4>\n\t<div class=\"wpb_text_column wpb_content_element vc_custom_1644400223623\" >\n\t\t<div class=\"wpb_wrapper\">\n\t\t\t<p><span style=\"font-weight: 400;\">The number of students is kept to a minimum in order to create a good work dynamic and to <\/span><span style=\"font-weight: 400;\">ensure that the students benefit from a rigorous and attentive follow-up. <\/span><\/p>\n\n\t\t<\/div>\n\t<\/div>\n<\/div><\/div><\/div><\/div><div class=\"vc_row wpb_row vc_row-fluid\"><div class=\"wpb_column vc_column_container vc_col-sm-6\"><div class=\"vc_column-inner vc_custom_1459847672941\"><div class=\"wpb_wrapper\">\n\t<div  class=\"wpb_single_image wpb_content_element vc_align_left wpb_content_element wpb_animate_when_almost_visible wpb_fadeIn fadeIn\">\n\t\t\n\t\t<figure class=\"wpb_wrapper vc_figure\">\n\t\t\t<div class=\"vc_single_image-wrapper   vc_box_border_grey\"><img loading=\"lazy\" decoding=\"async\" width=\"799\" height=\"394\" src=\"https:\/\/maurice-tieche.fr\/wp-content\/uploads\/2017\/02\/art-02.jpg\" class=\"vc_single_image-img attachment-full\" alt=\"\" title=\"art-02\" srcset=\"https:\/\/maurice-tieche.fr\/wp-content\/uploads\/2017\/02\/art-02.jpg 799w, https:\/\/maurice-tieche.fr\/wp-content\/uploads\/2017\/02\/art-02-300x148.jpg 300w, https:\/\/maurice-tieche.fr\/wp-content\/uploads\/2017\/02\/art-02-16x8.jpg 16w\" sizes=\"(max-width: 799px) 100vw, 799px\" \/><\/div>\n\t\t<\/figure>\n\t<\/div>\n<h4 style=\"text-align: left\" class=\"vc_custom_heading vc_do_custom_heading vc_custom_1580995197929\" ><a href=\"#\">Childcare<\/a><\/h4>\n\t<div class=\"wpb_text_column wpb_content_element vc_custom_1675332112898\" >\n\t\t<div class=\"wpb_wrapper\">\n\t\t\t<p><span style=\"font-weight: 400;\">Childcare is available from <strong>7.30am to 8.30am<\/strong> and from <strong>4pm to 6.15pm.<\/strong>. <\/span><\/p>\n<p><span style=\"font-weight: 400;\">\u00a0<\/span><\/p>\n\n\t\t<\/div>\n\t<\/div>\n<\/div><\/div><\/div><div class=\"wpb_column vc_column_container vc_col-sm-6\"><div class=\"vc_column-inner vc_custom_1490170360438\"><div class=\"wpb_wrapper\">\n\t<div  class=\"wpb_single_image wpb_content_element vc_align_left wpb_content_element wpb_animate_when_almost_visible wpb_fadeIn fadeIn\">\n\t\t\n\t\t<figure class=\"wpb_wrapper vc_figure\">\n\t\t\t<div class=\"vc_single_image-wrapper   vc_box_border_grey\"><img decoding=\"async\" class=\"vc_single_image-img\" src=\"https:\/\/maurice-tieche.fr\/wp-content\/uploads\/2020\/01\/esmt-5-400x200.jpg\" width=\"400\" height=\"200\" alt=\"ESMT - biblioth\u00e8que\" title=\"ESMT - biblioth\u00e8que\" loading=\"lazy\" \/><\/div>\n\t\t<\/figure>\n\t<\/div>\n<h4 style=\"text-align: left\" class=\"vc_custom_heading vc_do_custom_heading vc_custom_1581002475313\" ><a href=\"#\">Visits to the library<\/a><\/h4>\n\t<div class=\"wpb_text_column wpb_content_element vc_custom_1581002529797\" >\n\t\t<div class=\"wpb_wrapper\">\n\t\t\t<p>Visits to the library<span style=\"font-weight: 400;\"> are a real pleasure for children of all ages. They enjoy coming every week with their teachers to choose books and read in a special corner. Each year, <strong>plus de 2&#8217;000 livres<\/strong> are borrowed by the primary school children.\u00a0 <\/span><\/p>\n\n\t\t<\/div>\n\t<\/div>\n<\/div><\/div><\/div><\/div><div class=\"vc_row wpb_row vc_row-fluid\"><div class=\"wpb_column vc_column_container vc_col-sm-6\"><div class=\"vc_column-inner vc_custom_1459847672941\"><div class=\"wpb_wrapper\"><h4 style=\"text-align: left\" class=\"vc_custom_heading vc_do_custom_heading vc_custom_1741268007435\" ><a href=\"#\">Les projets communs<\/a><\/h4>\n\t<div class=\"wpb_text_column wpb_content_element\" >\n\t\t<div class=\"wpb_wrapper\">\n\t\t\t<p><span style=\"font-weight: 400;\">Chaque ann\u00e9e, <\/span><b>des activit\u00e9s et \u00e9v\u00e8nements sont organis\u00e9es pour rassembler les enfants de plusieurs classes autour d\u2019un m\u00eame th\u00e8me p\u00e9dagogique.<\/b><span style=\"font-weight: 400;\"> Les plus grands ont ainsi l\u2019occasion d\u2019aider les plus petits lors d\u2019apr\u00e8s-midi de jeux, d\u2019ateliers de travaux manuels, de sorties et de rencontres.<\/span><\/p>\n\n\t\t<\/div>\n\t<\/div>\n<\/div><\/div><\/div><div class=\"wpb_column vc_column_container vc_col-sm-6\"><div class=\"vc_column-inner\"><div class=\"wpb_wrapper\">\n\t<div  class=\"wpb_single_image wpb_content_element vc_align_center wpb_content_element\">\n\t\t\n\t\t<figure class=\"wpb_wrapper vc_figure\">\n\t\t\t<div class=\"vc_single_image-wrapper   vc_box_border_grey\"><img loading=\"lazy\" decoding=\"async\" width=\"280\" height=\"300\" src=\"https:\/\/maurice-tieche.fr\/wp-content\/uploads\/2024\/09\/2024-25_logo_couleur-280x300.jpg\" class=\"vc_single_image-img attachment-medium\" alt=\"\" title=\"2024-25_logo_couleur\" srcset=\"https:\/\/maurice-tieche.fr\/wp-content\/uploads\/2024\/09\/2024-25_logo_couleur-280x300.jpg 280w, https:\/\/maurice-tieche.fr\/wp-content\/uploads\/2024\/09\/2024-25_logo_couleur.jpg 808w, https:\/\/maurice-tieche.fr\/wp-content\/uploads\/2024\/09\/2024-25_logo_couleur-11x12.jpg 11w, https:\/\/maurice-tieche.fr\/wp-content\/uploads\/2024\/09\/2024-25_logo_couleur-140x150.jpg 140w\" sizes=\"(max-width: 280px) 100vw, 280px\" \/><\/div>\n\t\t<\/figure>\n\t<\/div>\n<\/div><\/div><\/div><\/div><div class=\"vc_row wpb_row vc_row-fluid vc_custom_1459427754259\"><div class=\"wpb_column vc_column_container vc_col-sm-12\"><div class=\"vc_column-inner vc_custom_1490170363831\"><div class=\"wpb_wrapper\"><div class=\"vc_separator wpb_content_element vc_separator_align_center vc_sep_width_100 vc_sep_border_width_4 vc_sep_pos_align_center vc_separator_no_text vc_sep_color_grey wpb_content_element  wpb_content_element\" ><span class=\"vc_sep_holder vc_sep_holder_l\"><span class=\"vc_sep_line\"><\/span><\/span><span class=\"vc_sep_holder vc_sep_holder_r\"><span class=\"vc_sep_line\"><\/span><\/span>\n<\/div><\/div><\/div><\/div><\/div><div class=\"vc_row wpb_row vc_row-fluid\"><div class=\"wpb_column vc_column_container vc_col-sm-12\"><div class=\"vc_column-inner\"><div class=\"wpb_wrapper\">\n\t<div class=\"wpb_text_column wpb_content_element\" >\n\t\t<div class=\"wpb_wrapper\">\n\t\t\t<h4>Kindergarten &amp; Primary School Rates<\/h4>\n<h5><span style=\"font-weight: 400;\">Conditions et modalit\u00e9s financi\u00e8res 2025-2026<br \/>\n<\/span><\/h5>\n\n\t\t<\/div>\n\t<\/div>\n<a href=\"https:\/\/maurice-tieche.fr\/wp-content\/uploads\/2024\/11\/PRIMAIRE_FINANCE_2025_2026.pdf\" class=\"wh-button  scp_theme_button-37347a701ead9939229b9adb271d133a\" target=\"_blank\">DOWNLOAD THE TARIFFS<\/a><\/div><\/div><\/div><\/div>\n<\/div>","protected":false},"excerpt":{"rendered":"\u00c9cole Maternelle &amp; \u00c9l\u00e9mentaireL'\u00e9cole compte une classe par niveau de la petite section de maternelle au CM2. Les classes maternelles&nbsp;<a href=\"https:\/\/maurice-tieche.fr\/en\/accueil\/classes\/maternelle-elementaire\/\">&hellip;<\/a>","protected":false},"author":1,"featured_media":0,"parent":148,"menu_order":1,"comment_status":"closed","ping_status":"closed","template":"","meta":{"rank_math_lock_modified_date":false,"footnotes":""},"class_list":["post-159","page","type-page","status-publish","hentry","odd"],"_links":{"self":[{"href":"https:\/\/maurice-tieche.fr\/en\/wp-json\/wp\/v2\/pages\/159"}],"collection":[{"href":"https:\/\/maurice-tieche.fr\/en\/wp-json\/wp\/v2\/pages"}],"about":[{"href":"https:\/\/maurice-tieche.fr\/en\/wp-json\/wp\/v2\/types\/page"}],"author":[{"embeddable":true,"href":"https:\/\/maurice-tieche.fr\/en\/wp-json\/wp\/v2\/users\/1"}],"replies":[{"embeddable":true,"href":"https:\/\/maurice-tieche.fr\/en\/wp-json\/wp\/v2\/comments?post=159"}],"version-history":[{"count":41,"href":"https:\/\/maurice-tieche.fr\/en\/wp-json\/wp\/v2\/pages\/159\/revisions"}],"predecessor-version":[{"id":2245,"href":"https:\/\/maurice-tieche.fr\/en\/wp-json\/wp\/v2\/pages\/159\/revisions\/2245"}],"up":[{"embeddable":true,"href":"https:\/\/maurice-tieche.fr\/en\/wp-json\/wp\/v2\/pages\/148"}],"wp:attachment":[{"href":"https:\/\/maurice-tieche.fr\/en\/wp-json\/wp\/v2\/media?parent=159"}],"curies":[{"name":"wp","href":"https:\/\/api.w.org\/{rel}","templated":true}]}}