{"id":160,"date":"2017-02-14T08:33:57","date_gmt":"2017-02-14T07:33:57","guid":{"rendered":"http:\/\/ed.aislinthemes.com\/?page_id=664"},"modified":"2022-02-09T15:24:30","modified_gmt":"2022-02-09T14:24:30","slug":"localisation","status":"publish","type":"page","link":"https:\/\/maurice-tieche.fr\/en\/localisation\/","title":{"rendered":"Location"},"content":{"rendered":"<div class=\"wpb-content-wrapper\"><div class=\"vc_row wpb_row vc_row-fluid\"><div class=\"wpb_column vc_column_container vc_col-sm-12\"><div class=\"vc_column-inner vc_custom_1490017888375\"><div class=\"wpb_wrapper\"><h1 style=\"text-align: left\" class=\"vc_custom_heading vc_do_custom_heading vc_custom_1580072706955\" >Location<\/h1>\n\t<div class=\"wpb_text_column wpb_content_element vc_custom_1588893289369\" >\n\t\t<div class=\"wpb_wrapper\">\n\t\t\t<p><span style=\"font-weight: 400;\">L\u2019Ensemble Scolaire Maurice-Ti\u00e8che est situ\u00e9 sur la commune de Collonges-sous-Sal\u00e8ve, \u00e0 la fronti\u00e8re avec la Suisse (Croix de Rozon), entre les villes d&#8217;Annemasse et de Saint-Julien-en-Genevois. Depuis le bas de Collonges-sous-Sal\u00e8ve suivre les panneaux Campus Adventiste du Sal\u00e8ve.<\/span><\/p>\n\n\t\t<\/div>\n\t<\/div>\n<\/div><\/div><\/div><\/div><div class=\"vc_row wpb_row vc_row-fluid\"><div class=\"wpb_column vc_column_container vc_col-sm-12\"><div class=\"vc_column-inner\"><div class=\"wpb_wrapper\">\n\t<div  class=\"wpb_single_image wpb_content_element vc_align_left wpb_content_element\">\n\t\t\n\t\t<figure class=\"wpb_wrapper vc_figure\">\n\t\t\t<div class=\"vc_single_image-wrapper   vc_box_border_grey\"><img loading=\"lazy\" decoding=\"async\" width=\"2560\" height=\"1920\" src=\"https:\/\/maurice-tieche.fr\/wp-content\/uploads\/2022\/02\/DJI_0015-scaled.jpg\" class=\"vc_single_image-img attachment-full\" alt=\"\" title=\"DCIM101MEDIADJI_0015.JPG\" srcset=\"https:\/\/maurice-tieche.fr\/wp-content\/uploads\/2022\/02\/DJI_0015-scaled.jpg 2560w, https:\/\/maurice-tieche.fr\/wp-content\/uploads\/2022\/02\/DJI_0015-scaled-300x225.jpg 300w, https:\/\/maurice-tieche.fr\/wp-content\/uploads\/2022\/02\/DJI_0015-scaled-1024x768.jpg 1024w, https:\/\/maurice-tieche.fr\/wp-content\/uploads\/2022\/02\/DJI_0015-scaled-16x12.jpg 16w\" sizes=\"(max-width: 2560px) 100vw, 2560px\" \/><\/div>\n\t\t<\/figure>\n\t<\/div>\n<\/div><\/div><\/div><\/div><div class=\"vc_row wpb_row vc_row-fluid vc_row-o-equal-height vc_row-flex\"><div class=\"wpb_column vc_column_container vc_col-sm-12\"><div class=\"vc_column-inner\"><div class=\"wpb_wrapper\"><div class=\"wpb_gmaps_widget wpb_content_element\"><div class=\"wpb_wrapper\"><div class=\"wpb_map_wraper\"><iframe loading=\"lazy\" src=\"https:\/\/www.google.com\/maps\/embed?pb=!1m18!1m12!1m3!1d2764.74416949218!2d6.155637951333312!3d46.135925696287934!2m3!1f0!2f0!3f0!3m2!1i1024!2i768!4f13.1!3m3!1m2!1s0x478c7a12387f47b5%3A0xa6320df03b98a190!2sSchool%20Complex%20Maurice%20Tieche!5e0!3m2!1sen!2sch!4v1580072774713!5m2!1sen!2sch\" width=\"600\" height=\"400\" frameborder=\"0\" style=\"border:0;\" allowfullscreen=\"\"><\/iframe><\/div><\/div><\/div><\/div><\/div><\/div><\/div>\n<\/div>","protected":false},"excerpt":{"rendered":"Localisation L\u2019Ensemble Scolaire Maurice-Ti\u00e8che est situ\u00e9 sur la commune de Collonges-sous-Sal\u00e8ve, \u00e0 la fronti\u00e8re avec la Suisse (Croix de Rozon),&nbsp;<a href=\"https:\/\/maurice-tieche.fr\/en\/localisation\/\">&hellip;<\/a>","protected":false},"author":1,"featured_media":0,"parent":0,"menu_order":7,"comment_status":"closed","ping_status":"closed","template":"template-sidebar-right-childpages.php","meta":{"rank_math_lock_modified_date":false,"footnotes":""},"class_list":["post-160","page","type-page","status-publish","hentry","odd"],"_links":{"self":[{"href":"https:\/\/maurice-tieche.fr\/en\/wp-json\/wp\/v2\/pages\/160"}],"collection":[{"href":"https:\/\/maurice-tieche.fr\/en\/wp-json\/wp\/v2\/pages"}],"about":[{"href":"https:\/\/maurice-tieche.fr\/en\/wp-json\/wp\/v2\/types\/page"}],"author":[{"embeddable":true,"href":"https:\/\/maurice-tieche.fr\/en\/wp-json\/wp\/v2\/users\/1"}],"replies":[{"embeddable":true,"href":"https:\/\/maurice-tieche.fr\/en\/wp-json\/wp\/v2\/comments?post=160"}],"version-history":[{"count":6,"href":"https:\/\/maurice-tieche.fr\/en\/wp-json\/wp\/v2\/pages\/160\/revisions"}],"predecessor-version":[{"id":1179,"href":"https:\/\/maurice-tieche.fr\/en\/wp-json\/wp\/v2\/pages\/160\/revisions\/1179"}],"wp:attachment":[{"href":"https:\/\/maurice-tieche.fr\/en\/wp-json\/wp\/v2\/media?parent=160"}],"curies":[{"name":"wp","href":"https:\/\/api.w.org\/{rel}","templated":true}]}}