{"id":162,"date":"2017-02-14T08:32:22","date_gmt":"2017-02-14T08:32:22","guid":{"rendered":"http:\/\/ed.aislinthemes.com\/?page_id=659"},"modified":"2020-05-10T23:09:26","modified_gmt":"2020-05-10T21:09:26","slug":"equipe","status":"publish","type":"page","link":"https:\/\/maurice-tieche.fr\/en\/equipe\/","title":{"rendered":"L&#8217;\u00e9quipe"},"content":{"rendered":"<div class=\"wpb-content-wrapper\"><div class=\"vc_row wpb_row vc_row-fluid\"><div class=\"wpb_column vc_column_container vc_col-sm-12\"><div class=\"vc_column-inner vc_custom_1489757465967\"><div class=\"wpb_wrapper\"><h1 style=\"text-align: left\" class=\"vc_custom_heading vc_do_custom_heading vc_custom_1588714026446\" >The Team<\/h1><div class=\"vc_row wpb_row vc_inner vc_row-fluid\"><div class=\"wpb_column vc_column_container vc_col-sm-12\"><div class=\"vc_column-inner\"><div class=\"wpb_wrapper\">\n\t<div class=\"wpb_text_column wpb_content_element\" >\n\t\t<div class=\"wpb_wrapper\">\n\t\t\t<h4>A dynamic, committed team with a shared passion for education.<\/h4>\n<h4>Made up of qualified, experienced staff who benefit from ongoing training, the teaching and administrative team's aim is to support students in their progress and in the success of their project.<\/h4>\n\n\t\t<\/div>\n\t<\/div>\n<\/div><\/div><\/div><\/div>\n\t<div class=\"wpb_text_column wpb_content_element vc_custom_1588714082357\" >\n\t\t<div class=\"wpb_wrapper\">\n\t\t\t<p dir=\"ltr\">\n<table id=\"tablepress-4\" class=\"tablepress tablepress-id-4\">\n<tbody class=\"row-hover\">\n<tr class=\"row-1 odd\">\n\t<td class=\"column-1\">Administration<\/td><td class=\"column-2\"><\/td>\n<\/tr>\n<tr class=\"row-2 even\">\n\t<td class=\"column-1\">M. LEHMANN Jean-Philippe<\/td><td class=\"column-2\">Managing Director and Head of Secondary and High School<\/td>\n<\/tr>\n<tr class=\"row-3 odd\">\n\t<td class=\"column-1\">M. LUTHRINGER Michel<\/td><td class=\"column-2\">ESMT Director<\/td>\n<\/tr>\n<tr class=\"row-4 even\">\n\t<td class=\"column-1\">Mme FAYARD Maryline<\/td><td class=\"column-2\">Directrice Ecole Primaire<\/td>\n<\/tr>\n<tr class=\"row-5 odd\">\n\t<td class=\"column-1\">Mme MIRALPEIX Anna<\/td><td class=\"column-2\">Deputy Head of Secondary and High School<\/td>\n<\/tr>\n<tr class=\"row-6 even\">\n\t<td class=\"column-1\">Mme ROSA Sandrine et Mme MICHEL Elo\u00efse<\/td><td class=\"column-2\">Assistantes de Direction<\/td>\n<\/tr>\n<tr class=\"row-7 odd\">\n\t<td class=\"column-1\">Mme TRONCIN La\u00ebtitia<\/td><td class=\"column-2\">Accountant<\/td>\n<\/tr>\n<tr class=\"row-8 even\">\n\t<td class=\"column-1\">M. MARTORELL Alain<\/td><td class=\"column-2\">Principal education advisor<\/td>\n<\/tr>\n<tr class=\"row-9 odd\">\n\t<td class=\"column-1\">Services<\/td><td class=\"column-2\"><\/td>\n<\/tr>\n<tr class=\"row-10 even\">\n\t<td class=\"column-1\">Mme BESSIERE Jessica<\/td><td class=\"column-2\">Librarian<\/td>\n<\/tr>\n<tr class=\"row-11 odd\">\n\t<td class=\"column-1\">Mme CIANI Christelle<\/td><td class=\"column-2\">Head of Girls' Boarding School<\/td>\n<\/tr>\n<tr class=\"row-12 even\">\n\t<td class=\"column-1\">M. SENTY Benjamin<\/td><td class=\"column-2\">Head of Boys' Boarding School<\/td>\n<\/tr>\n<tr class=\"row-13 odd\">\n\t<td class=\"column-1\">Primary Teaching Team<\/td><td class=\"column-2\"><\/td>\n<\/tr>\n<tr class=\"row-14 even\">\n\t<td class=\"column-1\">Mme LUTHRINGER Ga\u00eblle<\/td><td class=\"column-2\">First classe of Kindergarten<\/td>\n<\/tr>\n<tr class=\"row-15 odd\">\n\t<td class=\"column-1\">Mme MARTORELL M\u00e9lanie<\/td><td class=\"column-2\">Assistante PS<\/td>\n<\/tr>\n<tr class=\"row-16 even\">\n\t<td class=\"column-1\">Mme CORPSD'HOMME<br \/>\nMurielle<\/td><td class=\"column-2\">Middle classe of Kindergarten<\/td>\n<\/tr>\n<tr class=\"row-17 odd\">\n\t<td class=\"column-1\">Mme LOPES C\u00e9cilia<\/td><td class=\"column-2\">Assistante  MS<\/td>\n<\/tr>\n<tr class=\"row-18 even\">\n\t<td class=\"column-1\">Mme MONTEGUT Genevi\u00e8ve <\/td><td class=\"column-2\">Last classe of Kindergarten<\/td>\n<\/tr>\n<tr class=\"row-19 odd\">\n\t<td class=\"column-1\">Mme RAKOTOZAFY Felana<\/td><td class=\"column-2\">Assistante GS<\/td>\n<\/tr>\n<tr class=\"row-20 even\">\n\t<td class=\"column-1\">Mme FAYARD Maryline<\/td><td class=\"column-2\">First classe of Primary<\/td>\n<\/tr>\n<tr class=\"row-21 odd\">\n\t<td class=\"column-1\">Mme PROVIDENCE La\u00ebtitia<\/td><td class=\"column-2\">First classe of Primary<\/td>\n<\/tr>\n<tr class=\"row-22 even\">\n\t<td class=\"column-1\">Mme MONTGAILLARD V\u00e9ronique<\/td><td class=\"column-2\">Second classe of Primary<\/td>\n<\/tr>\n<tr class=\"row-23 odd\">\n\t<td class=\"column-1\">Mme TUMARAE Moevai<\/td><td class=\"column-2\">Third classe of Primary<\/td>\n<\/tr>\n<tr class=\"row-24 even\">\n\t<td class=\"column-1\">Mme SAMPERIO Manon<\/td><td class=\"column-2\">Fourth classe of Primary<\/td>\n<\/tr>\n<tr class=\"row-25 odd\">\n\t<td class=\"column-1\">Mme MATHIEU Elodie<\/td><td class=\"column-2\">Fifth classe of Primary<\/td>\n<\/tr>\n<tr class=\"row-26 even\">\n\t<td class=\"column-1\">Mme BOHN Ir\u00e8ne<\/td><td class=\"column-2\">School Life Assistant<\/td>\n<\/tr>\n<tr class=\"row-27 odd\">\n\t<td class=\"column-1\">Mme WAHL Patricia <\/td><td class=\"column-2\">Music<\/td>\n<\/tr>\n<tr class=\"row-28 even\">\n\t<td class=\"column-1\">Mme PROVIDENCE L\u00e4etitia<\/td><td class=\"column-2\">English<\/td>\n<\/tr>\n<tr class=\"row-29 odd\">\n\t<td class=\"column-1\">Secondary and High School Teaching Team<\/td><td class=\"column-2\"><\/td>\n<\/tr>\n<tr class=\"row-30 even\">\n\t<td class=\"column-1\">Mme CUSIN Delphine<\/td><td class=\"column-2\">Physique-Chimie, Maths<\/td>\n<\/tr>\n<tr class=\"row-31 odd\">\n\t<td class=\"column-1\">Mme DE ALMEIDA LALLEMAND Raquel<\/td><td class=\"column-2\">English<\/td>\n<\/tr>\n<tr class=\"row-32 even\">\n\t<td class=\"column-1\">M. GIRAUD Florent<\/td><td class=\"column-2\">SES, HGGSP, Methodologie<\/td>\n<\/tr>\n<tr class=\"row-33 odd\">\n\t<td class=\"column-1\">M. GUILLERME Th\u00e9rence<\/td><td class=\"column-2\">Music<\/td>\n<\/tr>\n<tr class=\"row-34 even\">\n\t<td class=\"column-1\">M. DOUILLET Yann<\/td><td class=\"column-2\">History-Geo, EMC, HGGSP<\/td>\n<\/tr>\n<tr class=\"row-35 odd\">\n\t<td class=\"column-1\">Mme FRANCO Audrey<\/td><td class=\"column-2\">Sport<\/td>\n<\/tr>\n<tr class=\"row-36 even\">\n\t<td class=\"column-1\">M. FRANCO Pierre<\/td><td class=\"column-2\">Physique-Chimie, EVB, Enseignement scientifique<\/td>\n<\/tr>\n<tr class=\"row-37 odd\">\n\t<td class=\"column-1\">Mme GROLLEAU Corinne<\/td><td class=\"column-2\">History-Geo, EMC<\/td>\n<\/tr>\n<tr class=\"row-38 even\">\n\t<td class=\"column-1\">Mme COLOMBIER Christina<\/td><td class=\"column-2\">German<\/td>\n<\/tr>\n<tr class=\"row-39 odd\">\n\t<td class=\"column-1\">Mme VAN RIJN-HOHN Marit<\/td><td class=\"column-2\">German<\/td>\n<\/tr>\n<tr class=\"row-40 even\">\n\t<td class=\"column-1\">Mme LABYRE Catherine<\/td><td class=\"column-2\">Math\u00e9matiques, Sciences num\u00e9riques et technologiques<\/td>\n<\/tr>\n<tr class=\"row-41 odd\">\n\t<td class=\"column-1\">Mlle LECLERCQ Roselyne<\/td><td class=\"column-2\">French and Philosophy<\/td>\n<\/tr>\n<tr class=\"row-42 even\">\n\t<td class=\"column-1\">M. LUTHRINGER Michel<\/td><td class=\"column-2\">EVB<\/td>\n<\/tr>\n<tr class=\"row-43 odd\">\n\t<td class=\"column-1\">Mme MIRALPEIX-HERNICOT Anna<\/td><td class=\"column-2\">EVB<\/td>\n<\/tr>\n<tr class=\"row-44 even\">\n\t<td class=\"column-1\">Mme MONACHINI Laura<\/td><td class=\"column-2\">French<\/td>\n<\/tr>\n<tr class=\"row-45 odd\">\n\t<td class=\"column-1\">M. PAYET Jacques<\/td><td class=\"column-2\">Math\u00e9matiques, Technologie<\/td>\n<\/tr>\n<tr class=\"row-46 even\">\n\t<td class=\"column-1\">Mme RITLEWSKI Marielle<\/td><td class=\"column-2\">Arts<\/td>\n<\/tr>\n<tr class=\"row-47 odd\">\n\t<td class=\"column-1\">Mme SEENUNDUN Karen<\/td><td class=\"column-2\">Espagnol<\/td>\n<\/tr>\n<tr class=\"row-48 even\">\n\t<td class=\"column-1\">M. WAGNON Damien<\/td><td class=\"column-2\">SVT, Enseignement scientifique<\/td>\n<\/tr>\n<tr class=\"row-49 odd\">\n\t<td class=\"column-1\">Mme WAGNON-VERRECHIA Lison<\/td><td class=\"column-2\">English<\/td>\n<\/tr>\n<\/tbody>\n<\/table>\n<\/p>\n\n\t\t<\/div>\n\t<\/div>\n<\/div><\/div><\/div><\/div>\n<\/div>","protected":false},"excerpt":{"rendered":"L'\u00e9quipe Une \u00e9quipe dynamique et engag\u00e9e qui partage la m\u00eame passion pour l\u2019\u00e9ducation. Compos\u00e9e de personnel qualifi\u00e9, exp\u00e9riment\u00e9 et b\u00e9n\u00e9ficiant&nbsp;<a href=\"https:\/\/maurice-tieche.fr\/en\/equipe\/\">&hellip;<\/a>","protected":false},"author":1,"featured_media":0,"parent":0,"menu_order":3,"comment_status":"closed","ping_status":"closed","template":"template-sidebar-right-childpages.php","meta":{"rank_math_lock_modified_date":false,"footnotes":""},"class_list":["post-162","page","type-page","status-publish","hentry","odd"],"_links":{"self":[{"href":"https:\/\/maurice-tieche.fr\/en\/wp-json\/wp\/v2\/pages\/162"}],"collection":[{"href":"https:\/\/maurice-tieche.fr\/en\/wp-json\/wp\/v2\/pages"}],"about":[{"href":"https:\/\/maurice-tieche.fr\/en\/wp-json\/wp\/v2\/types\/page"}],"author":[{"embeddable":true,"href":"https:\/\/maurice-tieche.fr\/en\/wp-json\/wp\/v2\/users\/1"}],"replies":[{"embeddable":true,"href":"https:\/\/maurice-tieche.fr\/en\/wp-json\/wp\/v2\/comments?post=162"}],"version-history":[{"count":6,"href":"https:\/\/maurice-tieche.fr\/en\/wp-json\/wp\/v2\/pages\/162\/revisions"}],"predecessor-version":[{"id":757,"href":"https:\/\/maurice-tieche.fr\/en\/wp-json\/wp\/v2\/pages\/162\/revisions\/757"}],"wp:attachment":[{"href":"https:\/\/maurice-tieche.fr\/en\/wp-json\/wp\/v2\/media?parent=162"}],"curies":[{"name":"wp","href":"https:\/\/api.w.org\/{rel}","templated":true}]}}