{"id":163,"date":"2017-02-14T08:13:28","date_gmt":"2017-02-14T07:13:28","guid":{"rendered":"http:\/\/ed.aislinthemes.com\/?page_id=651"},"modified":"2025-03-06T12:55:55","modified_gmt":"2025-03-06T11:55:55","slug":"histoire","status":"publish","type":"page","link":"https:\/\/maurice-tieche.fr\/en\/histoire\/","title":{"rendered":"L&#8217;histoire"},"content":{"rendered":"<div class=\"wpb-content-wrapper\"><div class=\"vc_row wpb_row vc_row-fluid vc_custom_1501154025747\"><div class=\"wpb_column vc_column_container vc_col-sm-12\"><div class=\"vc_column-inner vc_custom_1490017810346\"><div class=\"wpb_wrapper\"><h1 style=\"text-align: left\" class=\"vc_custom_heading vc_do_custom_heading vc_custom_1580076717509\" >The Story<\/h1><\/div><\/div><\/div><\/div><div class=\"vc_row wpb_row vc_row-fluid vc_custom_1501154025747\"><div class=\"wpb_column vc_column_container vc_col-sm-8\"><div class=\"vc_column-inner vc_custom_1490017810346\"><div class=\"wpb_wrapper\"><h4 style=\"text-align: left\" class=\"vc_custom_heading vc_do_custom_heading vc_custom_1588896530333\" >Maurice Tieche, the man<\/h4>\n\t<div class=\"wpb_text_column wpb_content_element\" >\n\t\t<div class=\"wpb_wrapper\">\n\t\t\t<p>Maurice Ti\u00e8che was born in 1895. His academic career took him from the Sorbonne to the Institute of Educational Sciences in Geneva, and from there to Collonges-sous-Sal\u00e8ve where he became professor of literature and philosophy at the Adventist Seminary of Sal\u00e8ve from 1931 to 1949. He taught literature, psychology and philosophy. At the same time he pursued research with Piaget and Brantmey at the Institute of Educational Sciences in Geneva.<\/p>\n<p>Passionate about education, he could not help but notice that this Seminar, where he teaches, is cruelly lacking in a structure that allows for quality education for children starting at a very young age. A structure in which particular care would be taken, certainly in the transmission of knowledge and know-how, but also of interpersonal skills.<\/p>\n<p>His project came to fruition in 1936 with the opening of a primary school that welcomed some fifteen students in the autumn of 1936.<\/p>\n<p>He passed away in 1959, while in the meantime his project had developed into a secondary school and a high school which, since 1953, has been preparing students for the baccalaur\u00e9at.<\/p>\n<p>His holistic vision of the child and adolescent is still present today. An approach that does not only concern itself with the intellectual development of the students but also with their physical, social and spiritual development.<\/p>\n\n\t\t<\/div>\n\t<\/div>\n<\/div><\/div><\/div><div class=\"wpb_column vc_column_container vc_col-sm-4\"><div class=\"vc_column-inner\"><div class=\"wpb_wrapper\"><div class=\"vc_empty_space\"   style=\"height: 60px\"><span class=\"vc_empty_space_inner\"><\/span><\/div>\n\t<div class=\"wpb_text_column wpb_content_element\" >\n\t\t<div class=\"wpb_wrapper\">\n\t\t\t<p><img loading=\"lazy\" decoding=\"async\" class=\"alignnone size-medium wp-image-716\" src=\"https:\/\/maurice-tieche.fr\/wp-content\/uploads\/2020\/05\/maurice-tieche-fondateur-205x300.jpg\" alt=\"maurice-tieche-fondateur\" width=\"205\" height=\"300\" srcset=\"https:\/\/maurice-tieche.fr\/wp-content\/uploads\/2020\/05\/maurice-tieche-fondateur-205x300.jpg 205w, https:\/\/maurice-tieche.fr\/wp-content\/uploads\/2020\/05\/maurice-tieche-fondateur.jpg 587w, https:\/\/maurice-tieche.fr\/wp-content\/uploads\/2020\/05\/maurice-tieche-fondateur-8x12.jpg 8w\" sizes=\"(max-width: 205px) 100vw, 205px\" \/><\/p>\n\n\t\t<\/div>\n\t<\/div>\n<\/div><\/div><\/div><\/div><div class=\"vc_row wpb_row vc_row-fluid vc_custom_1487939485688\"><div class=\"wpb_column vc_column_container vc_col-sm-6\"><div class=\"vc_column-inner\"><div class=\"wpb_wrapper\">\n\t<div  class=\"wpb_single_image wpb_content_element vc_align_left wpb_content_element wpb_animate_when_almost_visible wpb_fadeIn fadeIn vc_custom_1580076335750\">\n\t\t\n\t\t<figure class=\"wpb_wrapper vc_figure\">\n\t\t\t<div class=\"vc_single_image-wrapper   vc_box_border_grey\"><img loading=\"lazy\" decoding=\"async\" width=\"567\" height=\"367\" src=\"https:\/\/maurice-tieche.fr\/wp-content\/uploads\/2020\/01\/centrale.jpg\" class=\"vc_single_image-img attachment-full\" alt=\"\" title=\"centrale\" srcset=\"https:\/\/maurice-tieche.fr\/wp-content\/uploads\/2020\/01\/centrale.jpg 567w, https:\/\/maurice-tieche.fr\/wp-content\/uploads\/2020\/01\/centrale-300x194.jpg 300w, https:\/\/maurice-tieche.fr\/wp-content\/uploads\/2020\/01\/centrale-16x10.jpg 16w\" sizes=\"(max-width: 567px) 100vw, 567px\" \/><\/div>\n\t\t<\/figure>\n\t<\/div>\n<div class=\"vc_empty_space\"   style=\"height: 32px\"><span class=\"vc_empty_space_inner\"><\/span><\/div>\n\t<div  class=\"wpb_single_image wpb_content_element vc_align_left wpb_content_element wpb_animate_when_almost_visible wpb_fadeIn fadeIn vc_custom_1580076654869\">\n\t\t\n\t\t<figure class=\"wpb_wrapper vc_figure\">\n\t\t\t<div class=\"vc_single_image-wrapper   vc_box_border_grey\"><img loading=\"lazy\" decoding=\"async\" width=\"567\" height=\"395\" src=\"https:\/\/maurice-tieche.fr\/wp-content\/uploads\/2020\/01\/champs.jpg\" class=\"vc_single_image-img attachment-full\" alt=\"\" title=\"champs\" srcset=\"https:\/\/maurice-tieche.fr\/wp-content\/uploads\/2020\/01\/champs.jpg 567w, https:\/\/maurice-tieche.fr\/wp-content\/uploads\/2020\/01\/champs-300x209.jpg 300w, https:\/\/maurice-tieche.fr\/wp-content\/uploads\/2020\/01\/champs-16x12.jpg 16w\" sizes=\"(max-width: 567px) 100vw, 567px\" \/><\/div>\n\t\t<\/figure>\n\t<\/div>\n<div class=\"vc_empty_space\"   style=\"height: 32px\"><span class=\"vc_empty_space_inner\"><\/span><\/div>\n\t\t\t\t\t<div class=\"wh-theme-icon  scp_theme_icon-7962e30bf4fc3112f6a19b248c14e0bd\">\n\t\t\t\t<i class=\"icon-edclock-one\"><\/i>\n\t\t\t<\/div>\n\t\t\t\t<h5 style=\"text-align: left\" class=\"vc_custom_heading vc_do_custom_heading vc_custom_1588892875685\" >1936 Maurice Ti\u00e8che founded a primary school in Collonges-sous-Sal\u00e8ve<\/h5>\n\t<div class=\"wpb_text_column wpb_content_element vc_custom_1580075285327\" >\n\t\t<div class=\"wpb_wrapper\">\n\t\t\t<p><span style=\"font-weight: 400;\">The quality of the education and teaching provided encourages families from the region, from various origins, to enrol their children there.<\/span><\/p>\n\n\t\t<\/div>\n\t<\/div>\n\n\t\t\t\t\t<div class=\"wh-theme-icon  scp_theme_icon-7962e30bf4fc3112f6a19b248c14e0bd\">\n\t\t\t\t<i class=\"icon-edclock-one\"><\/i>\n\t\t\t<\/div>\n\t\t\t\t<h5 style=\"text-align: left\" class=\"vc_custom_heading vc_do_custom_heading vc_custom_1588892854367\" >1946 Opening of the First year of Secondary school class<sup>.<\/sup><\/h5>\n\t<div class=\"wpb_text_column wpb_content_element vc_custom_1580075342377\" >\n\t\t<div class=\"wpb_wrapper\">\n\t\t\t<p><span style=\"font-weight: 400;\">then of the rest of the classes of the Secondary school in 1948 which receives its legal existence and becomes the Complementary Course of the Adventist Seminary. <\/span><\/p>\n\n\t\t<\/div>\n\t<\/div>\n\n\t\t\t\t\t<div class=\"wh-theme-icon  scp_theme_icon-7962e30bf4fc3112f6a19b248c14e0bd\">\n\t\t\t\t<i class=\"icon-edclock-one\"><\/i>\n\t\t\t<\/div>\n\t\t\t\t<h5 style=\"text-align: left\" class=\"vc_custom_heading vc_do_custom_heading vc_custom_1588892885845\" >1953 The Complementary Course becomes the Secondary Course<\/h5>\n\t<div class=\"wpb_text_column wpb_content_element vc_custom_1580075396849\" >\n\t\t<div class=\"wpb_wrapper\">\n\t\t\t<p><span style=\"font-weight: 400;\">and has more than a hundred students. It prepares the literary baccalaureate from 1952 and the scientific baccalaureate from 1965. <\/span><\/p>\n\n\t\t<\/div>\n\t<\/div>\n\n\t\t\t\t\t<div class=\"wh-theme-icon  scp_theme_icon-7962e30bf4fc3112f6a19b248c14e0bd\">\n\t\t\t\t<i class=\"icon-edclock-one\"><\/i>\n\t\t\t<\/div>\n\t\t\t\t<h5 style=\"text-align: left\" class=\"vc_custom_heading vc_do_custom_heading vc_custom_1588892897015\" >1973 The Secondary School adopts the name of Cours Priv\u00e9 Maurice Ti\u00e8che<\/h5>\n\t<div class=\"wpb_text_column wpb_content_element vc_custom_1588893071956\" >\n\t\t<div class=\"wpb_wrapper\">\n\t\t\t<p><span style=\"font-weight: 400;\">then, a few years later, the Lyc\u00e9e Priv\u00e9 Maurice-Ti\u00e8che. <\/span><\/p>\n\n\t\t<\/div>\n\t<\/div>\n\n\t\t\t\t\t<div class=\"wh-theme-icon  scp_theme_icon-7962e30bf4fc3112f6a19b248c14e0bd\">\n\t\t\t\t<i class=\"icon-edclock-one\"><\/i>\n\t\t\t<\/div>\n\t\t\t\t<h5 style=\"text-align: left\" class=\"vc_custom_heading vc_do_custom_heading vc_custom_1588892906274\" >2003 Primary and secondary units merge<\/h5>\n\t<div class=\"wpb_text_column wpb_content_element vc_custom_1588893061539\" >\n\t\t<div class=\"wpb_wrapper\">\n\t\t\t<p><span style=\"font-weight: 400;\">into a single school complex which today is called the Maurice-Ti\u00e8che School Ensemble.<br \/>\n<\/span><\/p>\n\n\t\t<\/div>\n\t<\/div>\n\n\t<div class=\"wpb_text_column wpb_content_element\" >\n\t\t<div class=\"wpb_wrapper\">\n\t\t\t\n\t\t<\/div>\n\t<\/div>\n<\/div><\/div><\/div><div class=\"wpb_column vc_column_container vc_col-sm-6\"><div class=\"vc_column-inner vc_custom_1490170268641\"><div class=\"wpb_wrapper\">\n\t<div  class=\"wpb_single_image wpb_content_element vc_align_left wpb_content_element wpb_animate_when_almost_visible wpb_fadeIn fadeIn vc_custom_1581279208924\">\n\t\t\n\t\t<figure class=\"wpb_wrapper vc_figure\">\n\t\t\t<div class=\"vc_single_image-wrapper   vc_box_border_grey\"><img decoding=\"async\" class=\"vc_single_image-img\" src=\"https:\/\/maurice-tieche.fr\/wp-content\/uploads\/2020\/01\/archives2-400x265.jpg\" width=\"400\" height=\"265\" alt=\"archives2\" title=\"archives2\" loading=\"lazy\" \/><\/div>\n\t\t<\/figure>\n\t<\/div>\n<div class=\"vc_empty_space\"   style=\"height: 32px\"><span class=\"vc_empty_space_inner\"><\/span><\/div>\n\t<div  class=\"wpb_single_image wpb_content_element vc_align_left wpb_content_element wpb_animate_when_almost_visible wpb_fadeIn fadeIn vc_custom_1581279276022\">\n\t\t\n\t\t<figure class=\"wpb_wrapper vc_figure\">\n\t\t\t<div class=\"vc_single_image-wrapper   vc_box_border_grey\"><img decoding=\"async\" class=\"vc_single_image-img\" src=\"https:\/\/maurice-tieche.fr\/wp-content\/uploads\/2020\/01\/archives_classe-400x288.jpg\" width=\"400\" height=\"288\" alt=\"archives_classe\" title=\"archives_classe\" loading=\"lazy\" \/><\/div>\n\t\t<\/figure>\n\t<\/div>\n<div class=\"vc_empty_space\"   style=\"height: 32px\"><span class=\"vc_empty_space_inner\"><\/span><\/div>\n\t\t\t\t\t<div class=\"wh-theme-icon  scp_theme_icon-7962e30bf4fc3112f6a19b248c14e0bd\">\n\t\t\t\t<i class=\"icon-edclock-one\"><\/i>\n\t\t\t<\/div>\n\t\t\t\t<h5 style=\"text-align: left\" class=\"vc_custom_heading vc_do_custom_heading vc_custom_1588892917490\" >2013-2014 Four classes of primary school<\/h5>\n\t<div class=\"wpb_text_column wpb_content_element vc_custom_1588893012589\" >\n\t\t<div class=\"wpb_wrapper\">\n\t\t\t<p><span style=\"font-weight: 400;\">passent sous contrat simple avec l&#8217;Education Nationale.<\/span><\/p>\n\n\t\t<\/div>\n\t<\/div>\n\n\t\t\t\t\t<div class=\"wh-theme-icon  scp_theme_icon-7962e30bf4fc3112f6a19b248c14e0bd\">\n\t\t\t\t<i class=\"icon-edclock-one\"><\/i>\n\t\t\t<\/div>\n\t\t\t\t<h5 style=\"text-align: left\" class=\"vc_custom_heading vc_do_custom_heading vc_custom_1588892926030\" >2015-2017 The first and second Secondary school<sup>.<\/sup> classes<sup>.<\/sup><\/h5>\n\t<div class=\"wpb_text_column wpb_content_element vc_custom_1580076053300\" >\n\t\t<div class=\"wpb_wrapper\">\n\t\t\t<p><span style=\"font-weight: 400;\">passent sous contrat d&#8217;association avec l&#8217;Education Nationale.<\/span><\/p>\n\n\t\t<\/div>\n\t<\/div>\n\n\t\t\t\t\t<div class=\"wh-theme-icon  scp_theme_icon-7962e30bf4fc3112f6a19b248c14e0bd\">\n\t\t\t\t<i class=\"icon-edclock-one\"><\/i>\n\t\t\t<\/div>\n\t\t\t\t<h5 style=\"text-align: left\" class=\"vc_custom_heading vc_do_custom_heading vc_custom_1588892977229\" >2017-2018 The Secondary school goes under contract<\/h5>\n\t<div class=\"wpb_text_column wpb_content_element vc_custom_1586365468965\" >\n\t\t<div class=\"wpb_wrapper\">\n\t\t\t<p><span style=\"font-weight: 400;\">due to the contracting of the 3rd and 4th<sup>.<\/sup> Secondary school classes.<sup>.<\/sup>.<\/span><\/p>\n\n\t\t<\/div>\n\t<\/div>\n\n\t\t\t\t\t<div class=\"wh-theme-icon  scp_theme_icon-7962e30bf4fc3112f6a19b248c14e0bd\">\n\t\t\t\t<i class=\"icon-edclock-one\"><\/i>\n\t\t\t<\/div>\n\t\t\t\t<h5 style=\"text-align: left\" class=\"vc_custom_heading vc_do_custom_heading vc_custom_1741261500736\" >2020 Cambridge English<\/h5>\n\t<div class=\"wpb_text_column wpb_content_element vc_custom_1741261981377\" >\n\t\t<div class=\"wpb_wrapper\">\n\t\t\t<p><span style=\"font-weight: 400;\">L&#8217;\u00e9cole offre l&#8217;opportunit\u00e9 aux \u00e9l\u00e8ves du Coll\u00e8ge et du Lyc\u00e9e la Certification Cambridge en niveau A1, A2 et B1.\u00a0<\/span><\/p>\n\n\t\t<\/div>\n\t<\/div>\n\n\t\t\t\t\t<div class=\"wh-theme-icon  scp_theme_icon-7962e30bf4fc3112f6a19b248c14e0bd\">\n\t\t\t\t<i class=\"icon-edclock-one\"><\/i>\n\t\t\t<\/div>\n\t\t\t\t<h5 style=\"text-align: left\" class=\"vc_custom_heading vc_do_custom_heading vc_custom_1741262096123\" >2023 Ouverture d'une deuxi\u00e8me classe de 6\u00e8me<\/h5>\n\t<div class=\"wpb_text_column wpb_content_element vc_custom_1741262152544\" >\n\t\t<div class=\"wpb_wrapper\">\n\t\t\t<p><span style=\"font-weight: 400;\">afin de r\u00e9pondre aux demandes croissantes d&#8217;inscription.<\/span><\/p>\n\n\t\t<\/div>\n\t<\/div>\n\n\t\t\t\t\t<div class=\"wh-theme-icon  scp_theme_icon-7962e30bf4fc3112f6a19b248c14e0bd\">\n\t\t\t\t<i class=\"icon-edclock-one\"><\/i>\n\t\t\t<\/div>\n\t\t\t\t<h5 style=\"text-align: left\" class=\"vc_custom_heading vc_do_custom_heading vc_custom_1580076262599\" >Present<\/h5>\n\t<div class=\"wpb_text_column wpb_content_element vc_custom_1588893095715\" >\n\t\t<div class=\"wpb_wrapper\">\n\t\t\t<p><span style=\"font-weight: 400;\">Primary, Secondary and High School Maurice-Ti\u00e8che are private establishments run by an association under the 1901 law. <\/span><\/p>\n\n\t\t<\/div>\n\t<\/div>\n<\/div><\/div><\/div><\/div>\n<\/div>","protected":false},"excerpt":{"rendered":"L'HistoireMaurice Ti\u00e8che, l'homme Maurice Ti\u00e8che est n\u00e9 en 1895. Son parcours acad\u00e9mique le m\u00e8ne de la Sorbonne \u00e0 l\u2019Institut des&nbsp;<a href=\"https:\/\/maurice-tieche.fr\/en\/histoire\/\">&hellip;<\/a>","protected":false},"author":1,"featured_media":0,"parent":0,"menu_order":6,"comment_status":"closed","ping_status":"closed","template":"template-sidebar-right-childpages.php","meta":{"rank_math_lock_modified_date":false,"footnotes":""},"class_list":["post-163","page","type-page","status-publish","hentry","odd"],"_links":{"self":[{"href":"https:\/\/maurice-tieche.fr\/en\/wp-json\/wp\/v2\/pages\/163"}],"collection":[{"href":"https:\/\/maurice-tieche.fr\/en\/wp-json\/wp\/v2\/pages"}],"about":[{"href":"https:\/\/maurice-tieche.fr\/en\/wp-json\/wp\/v2\/types\/page"}],"author":[{"embeddable":true,"href":"https:\/\/maurice-tieche.fr\/en\/wp-json\/wp\/v2\/users\/1"}],"replies":[{"embeddable":true,"href":"https:\/\/maurice-tieche.fr\/en\/wp-json\/wp\/v2\/comments?post=163"}],"version-history":[{"count":20,"href":"https:\/\/maurice-tieche.fr\/en\/wp-json\/wp\/v2\/pages\/163\/revisions"}],"predecessor-version":[{"id":2216,"href":"https:\/\/maurice-tieche.fr\/en\/wp-json\/wp\/v2\/pages\/163\/revisions\/2216"}],"wp:attachment":[{"href":"https:\/\/maurice-tieche.fr\/en\/wp-json\/wp\/v2\/media?parent=163"}],"curies":[{"name":"wp","href":"https:\/\/api.w.org\/{rel}","templated":true}]}}