{"id":169,"date":"2017-02-09T12:56:16","date_gmt":"2017-02-09T11:56:16","guid":{"rendered":"http:\/\/ed.aislinthemes.com\/?page_id=348"},"modified":"2020-05-10T23:08:31","modified_gmt":"2020-05-10T21:08:31","slug":"projet-educatif","status":"publish","type":"page","link":"https:\/\/maurice-tieche.fr\/en\/projet-educatif\/","title":{"rendered":"Educational project"},"content":{"rendered":"<div class=\"wpb-content-wrapper\"><div class=\"vc_row wpb_row vc_row-fluid\"><div class=\"wpb_column vc_column_container vc_col-sm-12\"><div class=\"vc_column-inner vc_custom_1489757662264\"><div class=\"wpb_wrapper\"><h1 style=\"text-align: left\" class=\"vc_custom_heading vc_do_custom_heading vc_custom_1580073326112\" >Educational project<\/h1><h4 style=\"color: #000000;text-align: left\" class=\"vc_custom_heading vc_do_custom_heading\" >The educational team wishes to develop the child's personality in all its dimensions: physical, social, intellectual and spiritual, based on Christian values.<\/h4><div class=\"vc_separator wpb_content_element vc_separator_align_center vc_sep_width_100 vc_sep_border_width_4 vc_sep_pos_align_center vc_separator_no_text vc_sep_color_grey wpb_content_element  wpb_content_element\" ><span class=\"vc_sep_holder vc_sep_holder_l\"><span class=\"vc_sep_line\"><\/span><\/span><span class=\"vc_sep_holder vc_sep_holder_r\"><span class=\"vc_sep_line\"><\/span><\/span>\n<\/div>\n\t<div  class=\"wpb_single_image wpb_content_element vc_align_left wpb_content_element wpb_animate_when_almost_visible wpb_fadeIn fadeIn\">\n\t\t\n\t\t<figure class=\"wpb_wrapper vc_figure\">\n\t\t\t<div class=\"vc_single_image-wrapper   vc_box_border_grey\"><img loading=\"lazy\" decoding=\"async\" width=\"1500\" height=\"1000\" src=\"https:\/\/maurice-tieche.fr\/wp-content\/uploads\/2020\/01\/esmt-21.jpg\" class=\"vc_single_image-img attachment-full\" alt=\"\" title=\"projet educatif\" srcset=\"https:\/\/maurice-tieche.fr\/wp-content\/uploads\/2020\/01\/esmt-21.jpg 1500w, https:\/\/maurice-tieche.fr\/wp-content\/uploads\/2020\/01\/esmt-21-300x200.jpg 300w, https:\/\/maurice-tieche.fr\/wp-content\/uploads\/2020\/01\/esmt-21-1024x683.jpg 1024w, https:\/\/maurice-tieche.fr\/wp-content\/uploads\/2020\/01\/esmt-21-16x12.jpg 16w\" sizes=\"(max-width: 1500px) 100vw, 1500px\" \/><\/div>\n\t\t<\/figure>\n\t<\/div>\n<\/div><\/div><\/div><\/div><div class=\"vc_row wpb_row vc_row-fluid vc_custom_1489757648863 vc_column-gap-10\"><div class=\"wpb_column vc_column_container vc_col-sm-6\"><div class=\"vc_column-inner vc_custom_1489757736243\"><div class=\"wpb_wrapper\">\n\t\t\t\t\t<div class=\"wh-theme-icon vc_custom_1581278163153  scp_theme_icon-8557b0d3b6e3ecfd21e946bca15c031a\">\n\t\t\t\t<i class=\"icon-edfootball\"><\/i>\n\t\t\t<\/div>\n\t\t\t\t<h2 style=\"font-size: 14px;color: #000000;text-align: left\" class=\"vc_custom_heading vc_do_custom_heading vc_custom_1580073509074\" >Physical :<\/h2>\n\t<div class=\"wpb_text_column wpb_content_element vc_custom_1588891486679\" >\n\t\t<div class=\"wpb_wrapper\">\n\t\t\t<p align=\"left\">Our school complex naturally offers sports activities as part of its courses. These activities are designed to support the psychomotor development of the youngest children. They also guarantee a minimum of exercise for those who are more sedentary. All this is combined with a reflection on the biological rhythms of the child, outdoor games, sports practice, health education and artistic and sensory activities.<\/p>\n\n\t\t<\/div>\n\t<\/div>\n<\/div><\/div><\/div><div class=\"wpb_column vc_column_container vc_col-sm-6\"><div class=\"vc_column-inner vc_custom_1489757740544\"><div class=\"wpb_wrapper\">\n\t\t\t\t\t<div class=\"wh-theme-icon vc_custom_1581278171409  scp_theme_icon-06cb6dfe473267617cada4a8f78e7e64\">\n\t\t\t\t<i class=\"icon-edic_people\"><\/i>\n\t\t\t<\/div>\n\t\t\t\t<h2 style=\"font-size: 14px;color: #000000;text-align: left\" class=\"vc_custom_heading vc_do_custom_heading vc_custom_1580073519817\" >Social :<\/h2>\n\t<div class=\"wpb_text_column wpb_content_element vc_custom_1588700450047\" >\n\t\t<div class=\"wpb_wrapper\">\n\t\t\t<p align=\"left\">\"Respect: giving is receiving\", the heart of our educational policy. Helping children to live a healthy and constructive relationship with others and to develop life skills is essential for us. This implies reflecting on society in order to take our place in it, taking into account others and their needs, without losing sight of our own. Altruism, respect for others, for oneself and for the environment are at the heart of our work.<\/p>\n\n\t\t<\/div>\n\t<\/div>\n<\/div><\/div><\/div><\/div><div class=\"vc_row wpb_row vc_row-fluid vc_custom_1487079487849\"><div class=\"wpb_column vc_column_container vc_col-sm-6\"><div class=\"vc_column-inner vc_custom_1489757745160\"><div class=\"wpb_wrapper\">\n\t\t\t\t\t<div class=\"wh-theme-icon vc_custom_1581278185371  scp_theme_icon-c204aac8c390cbb6f594be51a9157a01\">\n\t\t\t\t<i class=\"icon-edglasses\"><\/i>\n\t\t\t<\/div>\n\t\t\t\t<h2 style=\"font-size: 14px;color: #000000;text-align: left\" class=\"vc_custom_heading vc_do_custom_heading vc_custom_1580073526311\" >Intellectual :<\/h2>\n\t<div class=\"wpb_text_column wpb_content_element vc_custom_1588895605687\" >\n\t\t<div class=\"wpb_wrapper\">\n\t\t\t<p align=\"left\">Through the transmission of knowledge, know-how and interpersonal skills, we aim to fulfil the child's potential by motivating them to invest the best of themselves. We encourage children to develop their thinking, their creativity and to acquire knowledge in order to mobilise it, while regularly evaluating their achievements.<\/p>\n\n\t\t<\/div>\n\t<\/div>\n<\/div><\/div><\/div><div class=\"wpb_column vc_column_container vc_col-sm-6\"><div class=\"vc_column-inner vc_custom_1489757766209\"><div class=\"wpb_wrapper\">\n\t\t\t\t\t<div class=\"wh-theme-icon vc_custom_1581278178768  scp_theme_icon-6c1dc079a9c505f2ec7232928399d7ca\">\n\t\t\t\t<i class=\"icon-edbook-with-white-bookmark2\"><\/i>\n\t\t\t<\/div>\n\t\t\t\t<h2 style=\"font-size: 14px;color: #000000;text-align: left\" class=\"vc_custom_heading vc_do_custom_heading vc_custom_1580073533973\" >Spiritual :<\/h2>\n\t<div class=\"wpb_text_column wpb_content_element vc_custom_1588700472320\" >\n\t\t<div class=\"wpb_wrapper\">\n\t\t\t<p align=\"left\">While respecting the convictions of each individual, we devote time to discovering the Bible, while seeking to integrate the values of the Christian faith into the teaching and daily life. This is an opportunity for the child to question and answer questions about the meaning of their life and their desire to meet God and live in a relationship with God.<\/p>\n\n\t\t<\/div>\n\t<\/div>\n<\/div><\/div><\/div><\/div>\n<\/div>","protected":false},"excerpt":{"rendered":"Projet \u00e9ducatifL\u2019\u00e9quipe p\u00e9dagogique souhaite d\u00e9velopper la personnalit\u00e9 de l'enfant dans toutes ses dimensions : physique, sociale, intellectuelle et spirituelle, en&nbsp;<a href=\"https:\/\/maurice-tieche.fr\/en\/projet-educatif\/\">&hellip;<\/a>","protected":false},"author":1,"featured_media":0,"parent":0,"menu_order":4,"comment_status":"closed","ping_status":"closed","template":"template-sidebar-right-childpages.php","meta":{"rank_math_lock_modified_date":false,"footnotes":""},"class_list":["post-169","page","type-page","status-publish","hentry","odd"],"_links":{"self":[{"href":"https:\/\/maurice-tieche.fr\/en\/wp-json\/wp\/v2\/pages\/169"}],"collection":[{"href":"https:\/\/maurice-tieche.fr\/en\/wp-json\/wp\/v2\/pages"}],"about":[{"href":"https:\/\/maurice-tieche.fr\/en\/wp-json\/wp\/v2\/types\/page"}],"author":[{"embeddable":true,"href":"https:\/\/maurice-tieche.fr\/en\/wp-json\/wp\/v2\/users\/1"}],"replies":[{"embeddable":true,"href":"https:\/\/maurice-tieche.fr\/en\/wp-json\/wp\/v2\/comments?post=169"}],"version-history":[{"count":19,"href":"https:\/\/maurice-tieche.fr\/en\/wp-json\/wp\/v2\/pages\/169\/revisions"}],"predecessor-version":[{"id":755,"href":"https:\/\/maurice-tieche.fr\/en\/wp-json\/wp\/v2\/pages\/169\/revisions\/755"}],"wp:attachment":[{"href":"https:\/\/maurice-tieche.fr\/en\/wp-json\/wp\/v2\/media?parent=169"}],"curies":[{"name":"wp","href":"https:\/\/api.w.org\/{rel}","templated":true}]}}