{"id":170,"date":"2017-02-09T12:12:28","date_gmt":"2017-02-09T11:12:28","guid":{"rendered":"http:\/\/ed.aislinthemes.com\/?page_id=331"},"modified":"2025-03-06T14:58:30","modified_gmt":"2025-03-06T13:58:30","slug":"apercu-esmt","status":"publish","type":"page","link":"https:\/\/maurice-tieche.fr\/en\/apercu-esmt\/","title":{"rendered":"Un aper\u00e7u de l&#8217;ESMT"},"content":{"rendered":"<div class=\"wpb-content-wrapper\"><div class=\"vc_row wpb_row vc_row-fluid vc_custom_1501152841978\"><div class=\"wpb_column vc_column_container vc_col-sm-12\"><div class=\"vc_column-inner vc_custom_1491468571267\"><div class=\"wpb_wrapper\"><h1 style=\"text-align: left\" class=\"vc_custom_heading vc_do_custom_heading vc_custom_1580078386832\" >An overview of the ESMT<\/h1><h4 style=\"text-align: left\" class=\"vc_custom_heading vc_do_custom_heading\" >From kindergarten through high school, primary schools and secondary schools, the Maurice-Ti\u00e8che School Group has a reputation for teaching children and young people high educational and moral values.<\/h4><\/div><\/div><\/div><\/div><div class=\"vc_row wpb_row vc_row-fluid\"><div class=\"wpb_column vc_column_container vc_col-sm-6\"><div class=\"vc_column-inner vc_custom_1491469820815\"><div class=\"wpb_wrapper\"><h4 style=\"text-align: left\" class=\"vc_custom_heading vc_do_custom_heading vc_custom_1580078455593\" >The Team<\/h4>\n\t\t\t\t\t<div class=\"wh-theme-icon  scp_theme_icon-f9dcd53763601280d58fc3e6573f1f72\">\n\t\t\t\t<i class=\"icon-edclock-one\"><\/i>\n\t\t\t<\/div>\n\t\t\t\t<p style=\"text-align: left\" class=\"vc_custom_heading vc_do_custom_heading vc_custom_1588890635579\" >17 full-time teachers<\/p>\n\t\t\t\t\t<div class=\"wh-theme-icon  scp_theme_icon-f9dcd53763601280d58fc3e6573f1f72\">\n\t\t\t\t<i class=\"icon-edclock-one\"><\/i>\n\t\t\t<\/div>\n\t\t\t\t<p style=\"text-align: left\" class=\"vc_custom_heading vc_do_custom_heading vc_custom_1588890655850\" >10 part-time teachers<\/p>\n\t\t\t\t\t<div class=\"wh-theme-icon  scp_theme_icon-f9dcd53763601280d58fc3e6573f1f72\">\n\t\t\t\t<i class=\"icon-edclock-one\"><\/i>\n\t\t\t<\/div>\n\t\t\t\t<p style=\"text-align: left\" class=\"vc_custom_heading vc_do_custom_heading vc_custom_1589145818949\" >Average teaching experience of more than<br \/>\n10 years<\/p><h4 style=\"text-align: left\" class=\"vc_custom_heading vc_do_custom_heading vc_custom_1580079067544\" >Limited staffing<\/h4>\n\t\t\t\t\t<div class=\"wh-theme-icon  scp_theme_icon-f9dcd53763601280d58fc3e6573f1f72\">\n\t\t\t\t<i class=\"icon-edclock-one\"><\/i>\n\t\t\t<\/div>\n\t\t\t\t<p style=\"text-align: left\" class=\"vc_custom_heading vc_do_custom_heading vc_custom_1741269503229\" >\u00c0 20 \u00e9l\u00e8ves en Petite Section<\/p>\n\t\t\t\t\t<div class=\"wh-theme-icon  scp_theme_icon-f9dcd53763601280d58fc3e6573f1f72\">\n\t\t\t\t<i class=\"icon-edclock-one\"><\/i>\n\t\t\t<\/div>\n\t\t\t\t<p style=\"text-align: left\" class=\"vc_custom_heading vc_do_custom_heading vc_custom_1741269489517\" >\u00c0 22 \u00e9l\u00e8ves de la Moyenne Section au CM2<\/p>\n\t\t\t\t\t<div class=\"wh-theme-icon  scp_theme_icon-f9dcd53763601280d58fc3e6573f1f72\">\n\t\t\t\t<i class=\"icon-edclock-one\"><\/i>\n\t\t\t<\/div>\n\t\t\t\t<p style=\"text-align: left\" class=\"vc_custom_heading vc_do_custom_heading vc_custom_1741269476460\" >\u00c0 25 \u00e9l\u00e8ves au Coll\u00e8ge et au Lyc\u00e9e<\/p><\/div><\/div><\/div><div class=\"wpb_column vc_column_container vc_col-sm-6\"><div class=\"vc_column-inner vc_custom_1491469838687\"><div class=\"wpb_wrapper\"><h4 style=\"text-align: left\" class=\"vc_custom_heading vc_do_custom_heading vc_custom_1589145795637\" >DNB success rate<br \/>\n(Brevet des Coll\u00e8ges)<\/h4><div class=\"vc_progress_bar wpb_content_element  vc_progress-bar-color-bar_grey\" ><div class=\"vc_general vc_single_bar vc_progress-bar-color-bar_green\"><small class=\"vc_label\">R\u00e9sultats sur les 3 derni\u00e8res ann\u00e9es 97 %<\/small><span class=\"vc_bar\" data-percentage-value=\"97\" data-value=\"97\"><\/span><\/div><\/div><div class=\"vc_row wpb_row vc_inner vc_row-fluid\"><div class=\"wpb_column vc_column_container vc_col-sm-12\"><div class=\"vc_column-inner\"><div class=\"wpb_wrapper\"><h4 style=\"text-align: left\" class=\"vc_custom_heading vc_do_custom_heading vc_custom_1588700130539\" >Baccalaureate success rate<\/h4><div class=\"vc_progress_bar wpb_content_element  vc_progress-bar-color-bar_grey\" ><div class=\"vc_general vc_single_bar vc_progress-bar-color-bar_green\"><small class=\"vc_label\">R\u00e9sultats sur les 3 derni\u00e8res ann\u00e9es 96 %<\/small><span class=\"vc_bar\" data-percentage-value=\"96\" data-value=\"96\"><\/span><\/div><\/div><\/div><\/div><\/div><\/div><\/div><\/div><\/div><\/div>\n<\/div>","protected":false},"excerpt":{"rendered":"Un aper\u00e7u de l'ESMTDe l\u2019\u00e9cole maternelle au lyc\u00e9e en passant par l\u2019\u00e9cole \u00e9l\u00e9mentaire et le coll\u00e8ge, l\u2019Ensemble Scolaire Maurice-Ti\u00e8che a&nbsp;<a href=\"https:\/\/maurice-tieche.fr\/en\/apercu-esmt\/\">&hellip;<\/a>","protected":false},"author":1,"featured_media":0,"parent":0,"menu_order":1,"comment_status":"closed","ping_status":"closed","template":"template-sidebar-right-childpages.php","meta":{"rank_math_lock_modified_date":false,"footnotes":""},"class_list":["post-170","page","type-page","status-publish","hentry","odd"],"_links":{"self":[{"href":"https:\/\/maurice-tieche.fr\/en\/wp-json\/wp\/v2\/pages\/170"}],"collection":[{"href":"https:\/\/maurice-tieche.fr\/en\/wp-json\/wp\/v2\/pages"}],"about":[{"href":"https:\/\/maurice-tieche.fr\/en\/wp-json\/wp\/v2\/types\/page"}],"author":[{"embeddable":true,"href":"https:\/\/maurice-tieche.fr\/en\/wp-json\/wp\/v2\/users\/1"}],"replies":[{"embeddable":true,"href":"https:\/\/maurice-tieche.fr\/en\/wp-json\/wp\/v2\/comments?post=170"}],"version-history":[{"count":21,"href":"https:\/\/maurice-tieche.fr\/en\/wp-json\/wp\/v2\/pages\/170\/revisions"}],"predecessor-version":[{"id":2250,"href":"https:\/\/maurice-tieche.fr\/en\/wp-json\/wp\/v2\/pages\/170\/revisions\/2250"}],"wp:attachment":[{"href":"https:\/\/maurice-tieche.fr\/en\/wp-json\/wp\/v2\/media?parent=170"}],"curies":[{"name":"wp","href":"https:\/\/api.w.org\/{rel}","templated":true}]}}