{"id":240,"date":"2017-02-16T14:29:43","date_gmt":"2017-02-16T13:29:43","guid":{"rendered":"http:\/\/ed.aislinthemes.com\/?page_id=984"},"modified":"2020-01-28T06:24:47","modified_gmt":"2020-01-28T05:24:47","slug":"vie-scolaire","status":"publish","type":"page","link":"https:\/\/maurice-tieche.fr\/en\/vie-scolaire\/","title":{"rendered":"Academic life"},"content":{"rendered":"<div class=\"wpb-content-wrapper\"><div class=\"vc_row wpb_row vc_row-fluid\"><div class=\"wpb_column vc_column_container vc_col-sm-12\"><div class=\"vc_column-inner\"><div class=\"wpb_wrapper\">\n<div class=\"vc_grid-container-wrapper vc_clearfix vc_grid-animation-fadeIn\">\n\t<div class=\"vc_grid-container vc_clearfix wpb_content_element vc_basic_grid\" data-initial-loading-animation=\"fadeIn\" data-vc-grid-settings=\"{&quot;page_id&quot;:240,&quot;style&quot;:&quot;all&quot;,&quot;action&quot;:&quot;vc_get_vc_grid_data&quot;,&quot;shortcode_id&quot;:&quot;1491386563267-8303e174-5288-5&quot;,&quot;tag&quot;:&quot;vc_basic_grid&quot;}\" data-vc-request=\"https:\/\/maurice-tieche.fr\/wp-admin\/admin-ajax.php\" data-vc-post-id=\"240\" data-vc-public-nonce=\"73f55a65de\">\n\t\t<style data-type=\"vc_shortcodes-custom-css\">.vc_custom_1487765655729{padding-top: 5px !important;padding-right: 0px !important;padding-bottom: 0px !important;padding-left: 0px !important;background-color: #ffffff !important;}.vc_custom_1487765550898{padding-right: 0px !important;padding-left: 0px !important;}.vc_custom_1487764318086{background-color: rgba(230,190,30,0.69) !important;*background-color: rgb(230,190,30) !important;}.vc_custom_1487765591353{padding-top: 0px !important;padding-right: 0px !important;padding-bottom: 0px !important;padding-left: 0px !important;}.vc_custom_1487765918758{margin-top: 15px !important;margin-bottom: 0px !important;}<\/style><div class=\"vc_grid vc_row vc_grid-gutter-30px vc_pageable-wrapper vc_hook_hover\" data-vc-pageable-content=\"true\"><div class=\"vc_pageable-slide-wrapper vc_clearfix\" data-vc-grid-content=\"true\"><div class=\"vc_grid-item vc_clearfix vc_col-sm-4 vc_grid-item-zone-c-bottom\"><div class=\"vc_grid-item-mini vc_clearfix\"><div class=\"vc_gitem-animated-block  vc_gitem-animate vc_gitem-animate-scaleRotateIn\"  data-vc-animation=\"scaleRotateIn\"><div class=\"vc_gitem-zone vc_gitem-zone-a vc_custom_1487765550898 vc_gitem-is-link\" style=\"background-image: url('https:\/\/maurice-tieche.fr\/wp-content\/uploads\/2025\/11\/dhdgh-1024x576.jpg') !important;\"><a href=\"https:\/\/maurice-tieche.fr\/wp-content\/uploads\/2025\/11\/dhdgh-1024x576.jpg\" title=\"Journ\u00e9e nationale de lutte contre le harc\u00e8lement scolaire \u2013 6 novembre\" data-lightbox=\"lightbox[rel-240-4251987462]\" data-vc-gitem-zone=\"prettyphotoLink\" class=\"vc_gitem-link prettyphoto vc-zone-link vc-prettyphoto-link\"><\/a><img decoding=\"async\" class=\"vc_gitem-zone-img\" src=\"https:\/\/maurice-tieche.fr\/wp-content\/uploads\/2025\/11\/dhdgh-1024x576.jpg\" alt=\"Journ\u00e9e nationale de lutte contre le harc\u00e8lement scolaire \u2013 6 novembre\" loading=\"lazy\"><div class=\"vc_gitem-zone-mini\"><\/div><\/div><div class=\"vc_gitem-zone vc_gitem-zone-b vc_custom_1487764318086 vc-gitem-zone-height-mode-auto vc_gitem-is-link\"><a href=\"#\" title=\"\" target=\"\" class=\"vc_gitem-link vc-zone-link\"><\/a><div class=\"vc_gitem-zone-mini\"><\/div><\/div><\/div><div class=\"vc_gitem-zone vc_gitem-zone-c vc_custom_1487765655729\"><div class=\"vc_gitem-zone-mini\"><div class=\"vc_gitem_row vc_row vc_gitem-row-position-top\"><div class=\"vc_col-sm-12 vc_gitem-col vc_gitem-col-align- vc_custom_1487765591353\"><div class=\"vc_custom_heading vc_custom_1487765918758 vc_gitem-post-data vc_gitem-post-data-source-post_title\" ><p style=\"font-size: 16px;color: #000000;line-height: 23px;text-align: left;font-family:Montserrat;font-weight:700;font-style:normal\" >Journ\u00e9e nationale de lutte contre le harc\u00e8lement scolaire \u2013 6 novembre<\/p><\/div><div class=\"vc_custom_heading vc_gitem-post-data vc_gitem-post-data-source-post_excerpt\" ><p style=\"text-align: left\" ><p>L\u2019ann\u00e9e a d\u00e9marr\u00e9 sur les chapeaux de roue, mais cette journ\u00e9e nous a offert une pause pr\u00e9cieuse pour r\u00e9fl\u00e9chir, \u00e9changer&nbsp;<a href=\"https:\/\/maurice-tieche.fr\/en\/journee-nationale-de-lutte-contre-le-harcelement-scolaire-6-novembre\/\">&hellip;<\/a><\/p>\n<\/p><\/div><\/div><\/div><\/div><\/div><\/div><div class=\"vc_clearfix\"><\/div><\/div><div class=\"vc_grid-item vc_clearfix vc_col-sm-4 vc_grid-item-zone-c-bottom\"><div class=\"vc_grid-item-mini vc_clearfix\"><div class=\"vc_gitem-animated-block  vc_gitem-animate vc_gitem-animate-scaleRotateIn\"  data-vc-animation=\"scaleRotateIn\"><div class=\"vc_gitem-zone vc_gitem-zone-a vc_custom_1487765550898 vc_gitem-is-link\" style=\"background-image: url('https:\/\/maurice-tieche.fr\/wp-content\/uploads\/2025\/06\/IMG_1241-scaled-768x1024.jpg') !important;\"><a href=\"https:\/\/maurice-tieche.fr\/wp-content\/uploads\/2025\/06\/IMG_1241-scaled-768x1024.jpg\" title=\"Une matin\u00e9e sportive plac\u00e9e sous le signe de l\u2019\u00e9nergie et de la bonne humeur !\" data-lightbox=\"lightbox[rel-240-4251987462]\" data-vc-gitem-zone=\"prettyphotoLink\" class=\"vc_gitem-link prettyphoto vc-zone-link vc-prettyphoto-link\"><\/a><img decoding=\"async\" class=\"vc_gitem-zone-img\" src=\"https:\/\/maurice-tieche.fr\/wp-content\/uploads\/2025\/06\/IMG_1241-scaled-768x1024.jpg\" alt=\"Une matin\u00e9e sportive plac\u00e9e sous le signe de l\u2019\u00e9nergie et de la bonne humeur !\" loading=\"lazy\"><div class=\"vc_gitem-zone-mini\"><\/div><\/div><div class=\"vc_gitem-zone vc_gitem-zone-b vc_custom_1487764318086 vc-gitem-zone-height-mode-auto vc_gitem-is-link\"><a href=\"#\" title=\"\" target=\"\" class=\"vc_gitem-link vc-zone-link\"><\/a><div class=\"vc_gitem-zone-mini\"><\/div><\/div><\/div><div class=\"vc_gitem-zone vc_gitem-zone-c vc_custom_1487765655729\"><div class=\"vc_gitem-zone-mini\"><div class=\"vc_gitem_row vc_row vc_gitem-row-position-top\"><div class=\"vc_col-sm-12 vc_gitem-col vc_gitem-col-align- vc_custom_1487765591353\"><div class=\"vc_custom_heading vc_custom_1487765918758 vc_gitem-post-data vc_gitem-post-data-source-post_title\" ><p style=\"font-size: 16px;color: #000000;line-height: 23px;text-align: left;font-family:Montserrat;font-weight:700;font-style:normal\" >Une matin\u00e9e sportive plac\u00e9e sous le signe de l\u2019\u00e9nergie et de la bonne humeur !<\/p><\/div><div class=\"vc_custom_heading vc_gitem-post-data vc_gitem-post-data-source-post_excerpt\" ><p style=\"text-align: left\" ><p>Le vendredi matin 6 juin, les \u00e9l\u00e8ves des classes maternelles et primaires ont particip\u00e9 \u00e0 un grand cross sur le&nbsp;<a href=\"https:\/\/maurice-tieche.fr\/en\/une-matinee-sportive-placee-sous-le-signe-de-lenergie-et-de-la-bonne-humeur\/\">&hellip;<\/a><\/p>\n<\/p><\/div><\/div><\/div><\/div><\/div><\/div><div class=\"vc_clearfix\"><\/div><\/div><div class=\"vc_grid-item vc_clearfix vc_col-sm-4 vc_grid-item-zone-c-bottom\"><div class=\"vc_grid-item-mini vc_clearfix\"><div class=\"vc_gitem-animated-block  vc_gitem-animate vc_gitem-animate-scaleRotateIn\"  data-vc-animation=\"scaleRotateIn\"><div class=\"vc_gitem-zone vc_gitem-zone-a vc_custom_1487765550898 vc_gitem-is-link\" style=\"background-image: url('https:\/\/maurice-tieche.fr\/wp-content\/uploads\/2025\/06\/IMG_1227-scaled-768x1024.jpg') !important;\"><a href=\"https:\/\/maurice-tieche.fr\/wp-content\/uploads\/2025\/06\/IMG_1227-scaled-768x1024.jpg\" title=\"Initiation aux gestes qui sauvent pour nos \u00e9l\u00e8ves de 4\u00e8me\" data-lightbox=\"lightbox[rel-240-4251987462]\" data-vc-gitem-zone=\"prettyphotoLink\" class=\"vc_gitem-link prettyphoto vc-zone-link vc-prettyphoto-link\"><\/a><img decoding=\"async\" class=\"vc_gitem-zone-img\" src=\"https:\/\/maurice-tieche.fr\/wp-content\/uploads\/2025\/06\/IMG_1227-scaled-768x1024.jpg\" alt=\"Initiation aux gestes qui sauvent pour nos \u00e9l\u00e8ves de 4\u00e8me\" loading=\"lazy\"><div class=\"vc_gitem-zone-mini\"><\/div><\/div><div class=\"vc_gitem-zone vc_gitem-zone-b vc_custom_1487764318086 vc-gitem-zone-height-mode-auto vc_gitem-is-link\"><a href=\"#\" title=\"\" target=\"\" class=\"vc_gitem-link vc-zone-link\"><\/a><div class=\"vc_gitem-zone-mini\"><\/div><\/div><\/div><div class=\"vc_gitem-zone vc_gitem-zone-c vc_custom_1487765655729\"><div class=\"vc_gitem-zone-mini\"><div class=\"vc_gitem_row vc_row vc_gitem-row-position-top\"><div class=\"vc_col-sm-12 vc_gitem-col vc_gitem-col-align- vc_custom_1487765591353\"><div class=\"vc_custom_heading vc_custom_1487765918758 vc_gitem-post-data vc_gitem-post-data-source-post_title\" ><p style=\"font-size: 16px;color: #000000;line-height: 23px;text-align: left;font-family:Montserrat;font-weight:700;font-style:normal\" >Initiation aux gestes qui sauvent pour nos \u00e9l\u00e8ves de 4\u00e8me<\/p><\/div><div class=\"vc_custom_heading vc_gitem-post-data vc_gitem-post-data-source-post_excerpt\" ><p style=\"text-align: left\" ><p>Dans le cadre de leur parcours citoyen, les \u00e9l\u00e8ves de 4\u00e8me ont suivi la formation PSC1 (Pr\u00e9vention et Secours Civiques&nbsp;<a href=\"https:\/\/maurice-tieche.fr\/en\/initiation-aux-gestes-qui-sauvent-pour-nos-eleves-de-4eme\/\">&hellip;<\/a><\/p>\n<\/p><\/div><\/div><\/div><\/div><\/div><\/div><div class=\"vc_clearfix\"><\/div><\/div><div class=\"vc_grid-item vc_clearfix vc_col-sm-4 vc_grid-item-zone-c-bottom\"><div class=\"vc_grid-item-mini vc_clearfix\"><div class=\"vc_gitem-animated-block  vc_gitem-animate vc_gitem-animate-scaleRotateIn\"  data-vc-animation=\"scaleRotateIn\"><div class=\"vc_gitem-zone vc_gitem-zone-a vc_custom_1487765550898 vc_gitem-is-link\" style=\"background-image: url('https:\/\/maurice-tieche.fr\/wp-content\/uploads\/2025\/05\/image-20250513-123519-e433aad6-768x1024.jpeg') !important;\"><a href=\"https:\/\/maurice-tieche.fr\/wp-content\/uploads\/2025\/05\/image-20250513-123519-e433aad6-768x1024.jpeg\" title=\"S\u00e9curit\u00e9 routi\u00e8re\" data-lightbox=\"lightbox[rel-240-4251987462]\" data-vc-gitem-zone=\"prettyphotoLink\" class=\"vc_gitem-link prettyphoto vc-zone-link vc-prettyphoto-link\"><\/a><img decoding=\"async\" class=\"vc_gitem-zone-img\" src=\"https:\/\/maurice-tieche.fr\/wp-content\/uploads\/2025\/05\/image-20250513-123519-e433aad6-768x1024.jpeg\" alt=\"S\u00e9curit\u00e9 routi\u00e8re\" loading=\"lazy\"><div class=\"vc_gitem-zone-mini\"><\/div><\/div><div class=\"vc_gitem-zone vc_gitem-zone-b vc_custom_1487764318086 vc-gitem-zone-height-mode-auto vc_gitem-is-link\"><a href=\"#\" title=\"\" target=\"\" class=\"vc_gitem-link vc-zone-link\"><\/a><div class=\"vc_gitem-zone-mini\"><\/div><\/div><\/div><div class=\"vc_gitem-zone vc_gitem-zone-c vc_custom_1487765655729\"><div class=\"vc_gitem-zone-mini\"><div class=\"vc_gitem_row vc_row vc_gitem-row-position-top\"><div class=\"vc_col-sm-12 vc_gitem-col vc_gitem-col-align- vc_custom_1487765591353\"><div class=\"vc_custom_heading vc_custom_1487765918758 vc_gitem-post-data vc_gitem-post-data-source-post_title\" ><p style=\"font-size: 16px;color: #000000;line-height: 23px;text-align: left;font-family:Montserrat;font-weight:700;font-style:normal\" >S\u00e9curit\u00e9 routi\u00e8re<\/p><\/div><div class=\"vc_custom_heading vc_gitem-post-data vc_gitem-post-data-source-post_excerpt\" ><p style=\"text-align: left\" ><p>Semaine v\u00e9lo et s\u00e9curit\u00e9 routi\u00e8re \u00e0 l\u2019\u00e9cole ! Les \u00e9l\u00e8ves, de la maternelle au CM2, ont particip\u00e9 \u00e0 plusieurs actions&nbsp;<a href=\"https:\/\/maurice-tieche.fr\/en\/securite-routiere\/\">&hellip;<\/a><\/p>\n<\/p><\/div><\/div><\/div><\/div><\/div><\/div><div class=\"vc_clearfix\"><\/div><\/div><div class=\"vc_grid-item vc_clearfix vc_col-sm-4 vc_grid-item-zone-c-bottom\"><div class=\"vc_grid-item-mini vc_clearfix\"><div class=\"vc_gitem-animated-block  vc_gitem-animate vc_gitem-animate-scaleRotateIn\"  data-vc-animation=\"scaleRotateIn\"><div class=\"vc_gitem-zone vc_gitem-zone-a vc_custom_1487765550898 vc_gitem-is-link\" style=\"background-image: url('https:\/\/maurice-tieche.fr\/wp-content\/uploads\/2025\/05\/IMG_0930-scaled-1024x768.jpg') !important;\"><a href=\"https:\/\/maurice-tieche.fr\/wp-content\/uploads\/2025\/05\/IMG_0930-scaled-1024x768.jpg\" title=\"Expo \u00e0 la biblioth\u00e8que: Nous c\u00e9l\u00e9brons la cr\u00e9ativit\u00e9 de nos \u00e9l\u00e8ves!\" data-lightbox=\"lightbox[rel-240-4251987462]\" data-vc-gitem-zone=\"prettyphotoLink\" class=\"vc_gitem-link prettyphoto vc-zone-link vc-prettyphoto-link\"><\/a><img decoding=\"async\" class=\"vc_gitem-zone-img\" src=\"https:\/\/maurice-tieche.fr\/wp-content\/uploads\/2025\/05\/IMG_0930-scaled-1024x768.jpg\" alt=\"Expo \u00e0 la biblioth\u00e8que: Nous c\u00e9l\u00e9brons la cr\u00e9ativit\u00e9 de nos \u00e9l\u00e8ves!\" loading=\"lazy\"><div class=\"vc_gitem-zone-mini\"><\/div><\/div><div class=\"vc_gitem-zone vc_gitem-zone-b vc_custom_1487764318086 vc-gitem-zone-height-mode-auto vc_gitem-is-link\"><a href=\"#\" title=\"\" target=\"\" class=\"vc_gitem-link vc-zone-link\"><\/a><div class=\"vc_gitem-zone-mini\"><\/div><\/div><\/div><div class=\"vc_gitem-zone vc_gitem-zone-c vc_custom_1487765655729\"><div class=\"vc_gitem-zone-mini\"><div class=\"vc_gitem_row vc_row vc_gitem-row-position-top\"><div class=\"vc_col-sm-12 vc_gitem-col vc_gitem-col-align- vc_custom_1487765591353\"><div class=\"vc_custom_heading vc_custom_1487765918758 vc_gitem-post-data vc_gitem-post-data-source-post_title\" ><p style=\"font-size: 16px;color: #000000;line-height: 23px;text-align: left;font-family:Montserrat;font-weight:700;font-style:normal\" >Expo \u00e0 la biblioth\u00e8que: Nous c\u00e9l\u00e9brons la cr\u00e9ativit\u00e9 de nos \u00e9l\u00e8ves!<\/p><\/div><div class=\"vc_custom_heading vc_gitem-post-data vc_gitem-post-data-source-post_excerpt\" ><p style=\"text-align: left\" ><p>Les 6e ont imagin\u00e9 des ch\u00e2teaux aussi originaux qu\u2019ambitieux, les 5e ont r\u00e9alis\u00e9 des bandes dessin\u00e9es sur le th\u00e8me de&nbsp;<a href=\"https:\/\/maurice-tieche.fr\/en\/expo-a-la-bibliotheque-nous-celebrons-la-creativite-de-nos-eleves\/\">&hellip;<\/a><\/p>\n<\/p><\/div><\/div><\/div><\/div><\/div><\/div><div class=\"vc_clearfix\"><\/div><\/div><div class=\"vc_grid-item vc_clearfix vc_col-sm-4 vc_grid-item-zone-c-bottom\"><div class=\"vc_grid-item-mini vc_clearfix\"><div class=\"vc_gitem-animated-block  vc_gitem-animate vc_gitem-animate-scaleRotateIn\"  data-vc-animation=\"scaleRotateIn\"><div class=\"vc_gitem-zone vc_gitem-zone-a vc_custom_1487765550898 vc_gitem-is-link\" style=\"background-image: url('https:\/\/maurice-tieche.fr\/wp-content\/uploads\/2025\/04\/Affiche-crosse-solidaire-V2-1-e1744958725333-1024x1024.png') !important;\"><a href=\"https:\/\/maurice-tieche.fr\/wp-content\/uploads\/2025\/04\/Affiche-crosse-solidaire-V2-1-e1744958725333-1024x1024.png\" title=\"CROSS Solidaire\" data-lightbox=\"lightbox[rel-240-4251987462]\" data-vc-gitem-zone=\"prettyphotoLink\" class=\"vc_gitem-link prettyphoto vc-zone-link vc-prettyphoto-link\"><\/a><img decoding=\"async\" class=\"vc_gitem-zone-img\" src=\"https:\/\/maurice-tieche.fr\/wp-content\/uploads\/2025\/04\/Affiche-crosse-solidaire-V2-1-e1744958725333-1024x1024.png\" alt=\"CROSS Solidaire\" loading=\"lazy\"><div class=\"vc_gitem-zone-mini\"><\/div><\/div><div class=\"vc_gitem-zone vc_gitem-zone-b vc_custom_1487764318086 vc-gitem-zone-height-mode-auto vc_gitem-is-link\"><a href=\"#\" title=\"\" target=\"\" class=\"vc_gitem-link vc-zone-link\"><\/a><div class=\"vc_gitem-zone-mini\"><\/div><\/div><\/div><div class=\"vc_gitem-zone vc_gitem-zone-c vc_custom_1487765655729\"><div class=\"vc_gitem-zone-mini\"><div class=\"vc_gitem_row vc_row vc_gitem-row-position-top\"><div class=\"vc_col-sm-12 vc_gitem-col vc_gitem-col-align- vc_custom_1487765591353\"><div class=\"vc_custom_heading vc_custom_1487765918758 vc_gitem-post-data vc_gitem-post-data-source-post_title\" ><p style=\"font-size: 16px;color: #000000;line-height: 23px;text-align: left;font-family:Montserrat;font-weight:700;font-style:normal\" >CROSS Solidaire<\/p><\/div><div class=\"vc_custom_heading vc_gitem-post-data vc_gitem-post-data-source-post_excerpt\" ><p style=\"text-align: left\" ><p>Un grand bravo \u00e0 tous les \u00e9l\u00e8ves pour leur engagement lors du cross solidaire organis\u00e9 en soutien \u00e0 &#8220;L&#8217;Enfant Bleu&#8221;&nbsp;<a href=\"https:\/\/maurice-tieche.fr\/en\/cross-solidaire\/\">&hellip;<\/a><\/p>\n<\/p><\/div><\/div><\/div><\/div><\/div><\/div><div class=\"vc_clearfix\"><\/div><\/div><div class=\"vc_grid-item vc_clearfix vc_col-sm-4 vc_grid-item-zone-c-bottom\"><div class=\"vc_grid-item-mini vc_clearfix\"><div class=\"vc_gitem-animated-block  vc_gitem-animate vc_gitem-animate-scaleRotateIn\"  data-vc-animation=\"scaleRotateIn\"><div class=\"vc_gitem-zone vc_gitem-zone-a vc_custom_1487765550898 vc_gitem-is-link\" style=\"background-image: url('https:\/\/maurice-tieche.fr\/wp-content\/uploads\/2025\/01\/1000040143-scaled-1024x1024.jpg') !important;\"><a href=\"https:\/\/maurice-tieche.fr\/wp-content\/uploads\/2025\/01\/1000040143-scaled-1024x1024.jpg\" title=\"Savoir Skier, 5\u00e8me\" data-lightbox=\"lightbox[rel-240-4251987462]\" data-vc-gitem-zone=\"prettyphotoLink\" class=\"vc_gitem-link prettyphoto vc-zone-link vc-prettyphoto-link\"><\/a><img decoding=\"async\" class=\"vc_gitem-zone-img\" src=\"https:\/\/maurice-tieche.fr\/wp-content\/uploads\/2025\/01\/1000040143-scaled-1024x1024.jpg\" alt=\"Savoir Skier, 5\u00e8me\" loading=\"lazy\"><div class=\"vc_gitem-zone-mini\"><\/div><\/div><div class=\"vc_gitem-zone vc_gitem-zone-b vc_custom_1487764318086 vc-gitem-zone-height-mode-auto vc_gitem-is-link\"><a href=\"#\" title=\"\" target=\"\" class=\"vc_gitem-link vc-zone-link\"><\/a><div class=\"vc_gitem-zone-mini\"><\/div><\/div><\/div><div class=\"vc_gitem-zone vc_gitem-zone-c vc_custom_1487765655729\"><div class=\"vc_gitem-zone-mini\"><div class=\"vc_gitem_row vc_row vc_gitem-row-position-top\"><div class=\"vc_col-sm-12 vc_gitem-col vc_gitem-col-align- vc_custom_1487765591353\"><div class=\"vc_custom_heading vc_custom_1487765918758 vc_gitem-post-data vc_gitem-post-data-source-post_title\" ><p style=\"font-size: 16px;color: #000000;line-height: 23px;text-align: left;font-family:Montserrat;font-weight:700;font-style:normal\" >Savoir Skier, 5\u00e8me<\/p><\/div><div class=\"vc_custom_heading vc_gitem-post-data vc_gitem-post-data-source-post_excerpt\" ><p style=\"text-align: left\" ><p>Nos \u00e9l\u00e8ves de 5\u00e8me ont pris de la hauteur lors de la sortie &#8220;Savoir Skier&#8221;, sponsoris\u00e9e par le D\u00e9partement de&nbsp;<a href=\"https:\/\/maurice-tieche.fr\/en\/savoir-skier-5eme\/\">&hellip;<\/a><\/p>\n<\/p><\/div><\/div><\/div><\/div><\/div><\/div><div class=\"vc_clearfix\"><\/div><\/div><div class=\"vc_grid-item vc_clearfix vc_col-sm-4 vc_grid-item-zone-c-bottom\"><div class=\"vc_grid-item-mini vc_clearfix\"><div class=\"vc_gitem-animated-block  vc_gitem-animate vc_gitem-animate-scaleRotateIn\"  data-vc-animation=\"scaleRotateIn\"><div class=\"vc_gitem-zone vc_gitem-zone-a vc_custom_1487765550898 vc_gitem-is-link\" style=\"background-image: url('https:\/\/maurice-tieche.fr\/wp-content\/uploads\/2024\/12\/IMG-20241122-WA0035-642x615.jpg') !important;\"><a href=\"https:\/\/maurice-tieche.fr\/wp-content\/uploads\/2024\/12\/IMG-20241122-WA0035-642x615.jpg\" title=\"Semaine de R\u00e9flexion Biblique chez les \u00e9l\u00e9mentaires\" data-lightbox=\"lightbox[rel-240-4251987462]\" data-vc-gitem-zone=\"prettyphotoLink\" class=\"vc_gitem-link prettyphoto vc-zone-link vc-prettyphoto-link\"><\/a><img decoding=\"async\" class=\"vc_gitem-zone-img\" src=\"https:\/\/maurice-tieche.fr\/wp-content\/uploads\/2024\/12\/IMG-20241122-WA0035-642x615.jpg\" alt=\"Semaine de R\u00e9flexion Biblique chez les \u00e9l\u00e9mentaires\" loading=\"lazy\"><div class=\"vc_gitem-zone-mini\"><\/div><\/div><div class=\"vc_gitem-zone vc_gitem-zone-b vc_custom_1487764318086 vc-gitem-zone-height-mode-auto vc_gitem-is-link\"><a href=\"#\" title=\"\" target=\"\" class=\"vc_gitem-link vc-zone-link\"><\/a><div class=\"vc_gitem-zone-mini\"><\/div><\/div><\/div><div class=\"vc_gitem-zone vc_gitem-zone-c vc_custom_1487765655729\"><div class=\"vc_gitem-zone-mini\"><div class=\"vc_gitem_row vc_row vc_gitem-row-position-top\"><div class=\"vc_col-sm-12 vc_gitem-col vc_gitem-col-align- vc_custom_1487765591353\"><div class=\"vc_custom_heading vc_custom_1487765918758 vc_gitem-post-data vc_gitem-post-data-source-post_title\" ><p style=\"font-size: 16px;color: #000000;line-height: 23px;text-align: left;font-family:Montserrat;font-weight:700;font-style:normal\" >Semaine de R\u00e9flexion Biblique chez les \u00e9l\u00e9mentaires<\/p><\/div><div class=\"vc_custom_heading vc_gitem-post-data vc_gitem-post-data-source-post_excerpt\" ><p style=\"text-align: left\" ><p>Semaine de R\u00e9flexion Biblique 2024 pour les \u00e9l\u00e9mentaires Parce que les plus jeunes aussi ont la possibilit\u00e9 de d\u00e9couvrir, comprendre&nbsp;<a href=\"https:\/\/maurice-tieche.fr\/en\/semaine-de-reflexion-biblique-chez-les-elementaires\/\">&hellip;<\/a><\/p>\n<\/p><\/div><\/div><\/div><\/div><\/div><\/div><div class=\"vc_clearfix\"><\/div><\/div><div class=\"vc_grid-item vc_clearfix vc_col-sm-4 vc_grid-item-zone-c-bottom\"><div class=\"vc_grid-item-mini vc_clearfix\"><div class=\"vc_gitem-animated-block  vc_gitem-animate vc_gitem-animate-scaleRotateIn\"  data-vc-animation=\"scaleRotateIn\"><div class=\"vc_gitem-zone vc_gitem-zone-a vc_custom_1487765550898 vc_gitem-is-link\" style=\"background-image: url('https:\/\/maurice-tieche.fr\/wp-content\/uploads\/2024\/11\/2024_11_PO_recto2-1024x726.jpg') !important;\"><a href=\"https:\/\/maurice-tieche.fr\/wp-content\/uploads\/2024\/11\/2024_11_PO_recto2-1024x726.jpg\" title=\"Portes Ouvertes le dimanche 8 d\u00e9cembre 2024\" data-lightbox=\"lightbox[rel-240-4251987462]\" data-vc-gitem-zone=\"prettyphotoLink\" class=\"vc_gitem-link prettyphoto vc-zone-link vc-prettyphoto-link\"><\/a><img decoding=\"async\" class=\"vc_gitem-zone-img\" src=\"https:\/\/maurice-tieche.fr\/wp-content\/uploads\/2024\/11\/2024_11_PO_recto2-1024x726.jpg\" alt=\"Portes Ouvertes le dimanche 8 d\u00e9cembre 2024\" loading=\"lazy\"><div class=\"vc_gitem-zone-mini\"><\/div><\/div><div class=\"vc_gitem-zone vc_gitem-zone-b vc_custom_1487764318086 vc-gitem-zone-height-mode-auto vc_gitem-is-link\"><a href=\"#\" title=\"\" target=\"\" class=\"vc_gitem-link vc-zone-link\"><\/a><div class=\"vc_gitem-zone-mini\"><\/div><\/div><\/div><div class=\"vc_gitem-zone vc_gitem-zone-c vc_custom_1487765655729\"><div class=\"vc_gitem-zone-mini\"><div class=\"vc_gitem_row vc_row vc_gitem-row-position-top\"><div class=\"vc_col-sm-12 vc_gitem-col vc_gitem-col-align- vc_custom_1487765591353\"><div class=\"vc_custom_heading vc_custom_1487765918758 vc_gitem-post-data vc_gitem-post-data-source-post_title\" ><p style=\"font-size: 16px;color: #000000;line-height: 23px;text-align: left;font-family:Montserrat;font-weight:700;font-style:normal\" >Portes Ouvertes le dimanche 8 d\u00e9cembre 2024<\/p><\/div><div class=\"vc_custom_heading vc_gitem-post-data vc_gitem-post-data-source-post_excerpt\" ><p style=\"text-align: left\" ><p>Venez d\u00e9couvrir notre \u00e9tablissement lors des portes ouvertes, le 8 d\u00e9cembre de 14h \u00e0 17h ! De la maternelle jusqu\u2019au&nbsp;<a href=\"https:\/\/maurice-tieche.fr\/en\/portes-ouvertes-24\/\">&hellip;<\/a><\/p>\n<\/p><\/div><\/div><\/div><\/div><\/div><\/div><div class=\"vc_clearfix\"><\/div><\/div><div class=\"vc_grid-item vc_clearfix vc_col-sm-4 vc_grid-item-zone-c-bottom\"><div class=\"vc_grid-item-mini vc_clearfix\"><div class=\"vc_gitem-animated-block  vc_gitem-animate vc_gitem-animate-scaleRotateIn\"  data-vc-animation=\"scaleRotateIn\"><div class=\"vc_gitem-zone vc_gitem-zone-a vc_custom_1487765550898 vc_gitem-is-link\" style=\"background-image: url('https:\/\/maurice-tieche.fr\/wp-content\/uploads\/2024\/10\/1-rotated-683x1024.jpg') !important;\"><a href=\"https:\/\/maurice-tieche.fr\/wp-content\/uploads\/2024\/10\/1-rotated-683x1024.jpg\" title=\"Succ\u00e8s de la Matin\u00e9e des \u00ab Jeux du Sal\u00e8ve \u00bb !\" data-lightbox=\"lightbox[rel-240-4251987462]\" data-vc-gitem-zone=\"prettyphotoLink\" class=\"vc_gitem-link prettyphoto vc-zone-link vc-prettyphoto-link\"><\/a><img decoding=\"async\" class=\"vc_gitem-zone-img\" src=\"https:\/\/maurice-tieche.fr\/wp-content\/uploads\/2024\/10\/1-rotated-683x1024.jpg\" alt=\"Succ\u00e8s de la Matin\u00e9e des \u00ab Jeux du Sal\u00e8ve \u00bb !\" loading=\"lazy\"><div class=\"vc_gitem-zone-mini\"><\/div><\/div><div class=\"vc_gitem-zone vc_gitem-zone-b vc_custom_1487764318086 vc-gitem-zone-height-mode-auto vc_gitem-is-link\"><a href=\"#\" title=\"\" target=\"\" class=\"vc_gitem-link vc-zone-link\"><\/a><div class=\"vc_gitem-zone-mini\"><\/div><\/div><\/div><div class=\"vc_gitem-zone vc_gitem-zone-c vc_custom_1487765655729\"><div class=\"vc_gitem-zone-mini\"><div class=\"vc_gitem_row vc_row vc_gitem-row-position-top\"><div class=\"vc_col-sm-12 vc_gitem-col vc_gitem-col-align- vc_custom_1487765591353\"><div class=\"vc_custom_heading vc_custom_1487765918758 vc_gitem-post-data vc_gitem-post-data-source-post_title\" ><p style=\"font-size: 16px;color: #000000;line-height: 23px;text-align: left;font-family:Montserrat;font-weight:700;font-style:normal\" >Succ\u00e8s de la Matin\u00e9e des \u00ab Jeux du Sal\u00e8ve \u00bb !<\/p><\/div><div class=\"vc_custom_heading vc_gitem-post-data vc_gitem-post-data-source-post_excerpt\" ><p style=\"text-align: left\" ><p>La fameuse matin\u00e9e des \u00ab Jeux du Sal\u00e8ve \u00bb a encore une fois \u00e9t\u00e9 un grand succ\u00e8s ! Les \u00e9l\u00e8ves,&nbsp;<a href=\"https:\/\/maurice-tieche.fr\/en\/succes-de-la-matinee-des-jeux-du-saleve\/\">&hellip;<\/a><\/p>\n<\/p><\/div><\/div><\/div><\/div><\/div><\/div><div class=\"vc_clearfix\"><\/div><\/div><\/div><\/div>\n\t<\/div>\n<\/div><\/div><\/div><\/div><\/div>\n<\/div>","protected":false},"excerpt":{"rendered":"Journ\u00e9e nationale de lutte contre le harc\u00e8lement scolaire \u2013 6 novembreL\u2019ann\u00e9e a d\u00e9marr\u00e9 sur les chapeaux de roue, mais cette&nbsp;<a href=\"https:\/\/maurice-tieche.fr\/en\/vie-scolaire\/\">&hellip;<\/a>","protected":false},"author":1,"featured_media":0,"parent":0,"menu_order":0,"comment_status":"closed","ping_status":"closed","template":"template-sidebar-right-childpages.php","meta":{"rank_math_lock_modified_date":false,"footnotes":""},"class_list":["post-240","page","type-page","status-publish","hentry","odd"],"_links":{"self":[{"href":"https:\/\/maurice-tieche.fr\/en\/wp-json\/wp\/v2\/pages\/240"}],"collection":[{"href":"https:\/\/maurice-tieche.fr\/en\/wp-json\/wp\/v2\/pages"}],"about":[{"href":"https:\/\/maurice-tieche.fr\/en\/wp-json\/wp\/v2\/types\/page"}],"author":[{"embeddable":true,"href":"https:\/\/maurice-tieche.fr\/en\/wp-json\/wp\/v2\/users\/1"}],"replies":[{"embeddable":true,"href":"https:\/\/maurice-tieche.fr\/en\/wp-json\/wp\/v2\/comments?post=240"}],"version-history":[{"count":1,"href":"https:\/\/maurice-tieche.fr\/en\/wp-json\/wp\/v2\/pages\/240\/revisions"}],"predecessor-version":[{"id":390,"href":"https:\/\/maurice-tieche.fr\/en\/wp-json\/wp\/v2\/pages\/240\/revisions\/390"}],"wp:attachment":[{"href":"https:\/\/maurice-tieche.fr\/en\/wp-json\/wp\/v2\/media?parent=240"}],"curies":[{"name":"wp","href":"https:\/\/api.w.org\/{rel}","templated":true}]}}