{"id":393,"date":"2020-01-28T06:27:18","date_gmt":"2020-01-28T05:27:18","guid":{"rendered":"https:\/\/maurice-tieche.fr\/?page_id=393"},"modified":"2025-02-14T11:45:39","modified_gmt":"2025-02-14T10:45:39","slug":"informatique","status":"publish","type":"page","link":"https:\/\/maurice-tieche.fr\/en\/vie-scolaire\/informatique\/","title":{"rendered":"Information technology"},"content":{"rendered":"<div class=\"wpb-content-wrapper\"><div class=\"vc_row wpb_row vc_row-fluid vc_custom_1491472723216\"><div class=\"wpb_column vc_column_container vc_col-sm-12\"><div class=\"vc_column-inner vc_custom_1490090587979\"><div class=\"wpb_wrapper\"><h1 style=\"text-align: left\" class=\"vc_custom_heading vc_do_custom_heading vc_custom_1588710469505\" >Learning about computers<\/h1><h4 style=\"text-align: left\" class=\"vc_custom_heading vc_do_custom_heading\" >Information technology is an essential tool in our society today. Our school is committed to helping students learn how to use it.<\/h4><\/div><\/div><\/div><\/div><div class=\"vc_row wpb_row vc_row-fluid\"><div class=\"wpb_column vc_column_container vc_col-sm-6\"><div class=\"vc_column-inner vc_custom_1490090609198\"><div class=\"wpb_wrapper\">\n\t<div  class=\"wpb_single_image wpb_content_element vc_align_left wpb_content_element wpb_animate_when_almost_visible wpb_fadeIn fadeIn\">\n\t\t\n\t\t<figure class=\"wpb_wrapper vc_figure\">\n\t\t\t<div class=\"vc_single_image-wrapper   vc_box_border_grey\"><img loading=\"lazy\" decoding=\"async\" width=\"1680\" height=\"1050\" src=\"https:\/\/maurice-tieche.fr\/wp-content\/uploads\/2022\/02\/Screenshot-2022-02-09-15-34-54.png\" class=\"vc_single_image-img attachment-full\" alt=\"\" title=\"Screenshot 2022-02-09 15-34-54\" srcset=\"https:\/\/maurice-tieche.fr\/wp-content\/uploads\/2022\/02\/Screenshot-2022-02-09-15-34-54.png 1680w, https:\/\/maurice-tieche.fr\/wp-content\/uploads\/2022\/02\/Screenshot-2022-02-09-15-34-54-300x188.png 300w, https:\/\/maurice-tieche.fr\/wp-content\/uploads\/2022\/02\/Screenshot-2022-02-09-15-34-54-1024x640.png 1024w, https:\/\/maurice-tieche.fr\/wp-content\/uploads\/2022\/02\/Screenshot-2022-02-09-15-34-54-16x10.png 16w\" sizes=\"(max-width: 1680px) 100vw, 1680px\" \/><\/div>\n\t\t<\/figure>\n\t<\/div>\n<\/div><\/div><\/div><div class=\"wpb_column vc_column_container vc_col-sm-6\"><div class=\"vc_column-inner\"><div class=\"wpb_wrapper\"><h4 style=\"text-align: left\" class=\"vc_custom_heading vc_do_custom_heading vc_custom_1588710536217\" >Primary :<\/h4>\n\t<div class=\"wpb_text_column wpb_content_element vc_custom_1739529926941\" >\n\t\t<div class=\"wpb_wrapper\">\n\t\t\t<p>Equip\u00e9 d\u2019un rack muni d\u2019ordinateurs portables, les enfants, du CP au CM2, b\u00e9n\u00e9ficient de s\u00e9ances d\u2019initiation et d\u2019apprentissage adapt\u00e9es \u00e0 leur \u00e2ge. Il ne s\u2019agit pas d\u2019ajouter encore du temps d\u2019\u00e9cran dans leur vie mais bien de leur faire d\u00e9couvrir un outil de travail et un espace culturel.<\/p>\n\n\t\t<\/div>\n\t<\/div>\n<\/div><\/div><\/div><\/div><div class=\"vc_row wpb_row vc_row-fluid\"><div class=\"wpb_column vc_column_container vc_col-sm-6\"><div class=\"vc_column-inner vc_custom_1490090614115\"><div class=\"wpb_wrapper\">\n\t<div  class=\"wpb_single_image wpb_content_element vc_align_left wpb_content_element wpb_animate_when_almost_visible wpb_fadeIn fadeIn\">\n\t\t\n\t\t<figure class=\"wpb_wrapper vc_figure\">\n\t\t\t<div class=\"vc_single_image-wrapper   vc_box_border_grey\"><img loading=\"lazy\" decoding=\"async\" width=\"1506\" height=\"1000\" src=\"https:\/\/maurice-tieche.fr\/wp-content\/uploads\/2020\/01\/esmt-18.jpg\" class=\"vc_single_image-img attachment-full\" alt=\"\" title=\"Monde virtuel\" srcset=\"https:\/\/maurice-tieche.fr\/wp-content\/uploads\/2020\/01\/esmt-18.jpg 1506w, https:\/\/maurice-tieche.fr\/wp-content\/uploads\/2020\/01\/esmt-18-300x199.jpg 300w, https:\/\/maurice-tieche.fr\/wp-content\/uploads\/2020\/01\/esmt-18-1024x680.jpg 1024w, https:\/\/maurice-tieche.fr\/wp-content\/uploads\/2020\/01\/esmt-18-16x12.jpg 16w\" sizes=\"(max-width: 1506px) 100vw, 1506px\" \/><\/div>\n\t\t<\/figure>\n\t<\/div>\n<\/div><\/div><\/div><div class=\"wpb_column vc_column_container vc_col-sm-6\"><div class=\"vc_column-inner\"><div class=\"wpb_wrapper\"><h4 style=\"text-align: left\" class=\"vc_custom_heading vc_do_custom_heading vc_custom_1588710602879\" >Secondary - High school<\/h4>\n\t<div class=\"wpb_text_column wpb_content_element vc_custom_1588710614834\" >\n\t\t<div class=\"wpb_wrapper\">\n\t\t\t<p>In the junior high school, the teaching of the main office automation tools introduces the students to the use of computers in the professional world. From secondary school to high school, students use computers regularly for research and work, and have access to two multimedia rooms.<\/p>\n\n\t\t<\/div>\n\t<\/div>\n<\/div><\/div><\/div><\/div><div class=\"vc_row wpb_row vc_row-fluid\"><div class=\"wpb_column vc_column_container vc_col-sm-12\"><div class=\"vc_column-inner\"><div class=\"wpb_wrapper\"><section class=\"vc_cta3-container\"><div class=\"vc_general vc_do_cta3 vc_cta3 vc_cta3-style-classic vc_cta3-shape-rounded vc_cta3-align-left vc_cta3-color-classic vc_cta3-icon-size-md\"><div class=\"vc_cta3_content-container\"><div class=\"vc_cta3-content\"><header class=\"vc_cta3-content-header\"><h2>Charter for the use of computers<\/h2><\/header><p>L&#8217;internet apporte une grande richesse dans le domaine de la documentation et des possibilit\u00e9s \u00e9normes dans le domaine de la communication. L&#8217;internet fait partie de notre vie quotidienne.<\/p>\n<p>La facilit\u00e9 de la recherche documentaire et des communications sur l&#8217;internet ne doivent cependant pas nous faire oublier la l\u00e9gislation, notre philosophie chr\u00e9tienne et nos objectifs p\u00e9dagogiques.<\/p>\n<\/div><\/div><\/div><\/section><a href=\"https:\/\/maurice-tieche.fr\/wp-content\/uploads\/2020\/05\/ESMT-CHARTE-DES-UTILISATEURS.pdf\" class=\"wh-button  scp_theme_button-50f29f4e4757cccb3e5c3507d3615530\">Download the Charter<\/a><\/div><\/div><\/div><\/div>\n<\/div>","protected":false},"excerpt":{"rendered":"L\u2019apprentissage de l\u2019informatiqueL\u2019outil informatique est aujourd\u2019hui un outil essentiel dans notre soci\u00e9t\u00e9. Notre \u00e9tablissement s\u2019applique \u00e0 accompagner les \u00e9l\u00e8ves dans&nbsp;<a href=\"https:\/\/maurice-tieche.fr\/en\/vie-scolaire\/informatique\/\">&hellip;<\/a>","protected":false},"author":1,"featured_media":0,"parent":240,"menu_order":1,"comment_status":"closed","ping_status":"closed","template":"template-sidebar-right-childpages.php","meta":{"rank_math_lock_modified_date":false,"footnotes":""},"class_list":["post-393","page","type-page","status-publish","hentry","odd"],"_links":{"self":[{"href":"https:\/\/maurice-tieche.fr\/en\/wp-json\/wp\/v2\/pages\/393"}],"collection":[{"href":"https:\/\/maurice-tieche.fr\/en\/wp-json\/wp\/v2\/pages"}],"about":[{"href":"https:\/\/maurice-tieche.fr\/en\/wp-json\/wp\/v2\/types\/page"}],"author":[{"embeddable":true,"href":"https:\/\/maurice-tieche.fr\/en\/wp-json\/wp\/v2\/users\/1"}],"replies":[{"embeddable":true,"href":"https:\/\/maurice-tieche.fr\/en\/wp-json\/wp\/v2\/comments?post=393"}],"version-history":[{"count":16,"href":"https:\/\/maurice-tieche.fr\/en\/wp-json\/wp\/v2\/pages\/393\/revisions"}],"predecessor-version":[{"id":2182,"href":"https:\/\/maurice-tieche.fr\/en\/wp-json\/wp\/v2\/pages\/393\/revisions\/2182"}],"up":[{"embeddable":true,"href":"https:\/\/maurice-tieche.fr\/en\/wp-json\/wp\/v2\/pages\/240"}],"wp:attachment":[{"href":"https:\/\/maurice-tieche.fr\/en\/wp-json\/wp\/v2\/media?parent=393"}],"curies":[{"name":"wp","href":"https:\/\/api.w.org\/{rel}","templated":true}]}}