{"id":412,"date":"2020-01-28T06:49:19","date_gmt":"2020-01-28T05:49:19","guid":{"rendered":"https:\/\/maurice-tieche.fr\/?page_id=412"},"modified":"2025-03-12T10:29:27","modified_gmt":"2025-03-12T09:29:27","slug":"internat","status":"publish","type":"page","link":"https:\/\/maurice-tieche.fr\/en\/accueil\/classes\/internat\/","title":{"rendered":"Boarding school"},"content":{"rendered":"<div class=\"wpb-content-wrapper\"><div class=\"vc_row wpb_row vc_row-fluid vc_custom_1487250199380\"><div class=\"wpb_column vc_column_container vc_col-sm-12\"><div class=\"vc_column-inner vc_custom_1490018662966\"><div class=\"wpb_wrapper\"><h1 style=\"text-align: left\" class=\"vc_custom_heading vc_do_custom_heading vc_custom_1580190579539\" >Boarding school<\/h1><h4 style=\"text-align: left\" class=\"vc_custom_heading vc_do_custom_heading\" >L'internat est accessible d\u00e8s le Lyc\u00e9e et \u00e0 partir de 15 ans. Pour qu'un \u00e9l\u00e8ve soit admis, la famille doit remplir une demande d'admission sp\u00e9cifique et la joindre \u00e0 la demande d'admission g\u00e9n\u00e9rale.<\/h4>\n\t<div  class=\"wpb_single_image wpb_content_element vc_align_left wpb_content_element wpb_animate_when_almost_visible wpb_fadeIn fadeIn\">\n\t\t\n\t\t<figure class=\"wpb_wrapper vc_figure\">\n\t\t\t<div class=\"vc_single_image-wrapper   vc_box_border_grey\"><img loading=\"lazy\" decoding=\"async\" width=\"1184\" height=\"789\" src=\"https:\/\/maurice-tieche.fr\/wp-content\/uploads\/2020\/01\/jean-wiedner-internat.jpg\" class=\"vc_single_image-img attachment-full\" alt=\"jean-wiedner-internat\" title=\"jean-wiedner-internat\" srcset=\"https:\/\/maurice-tieche.fr\/wp-content\/uploads\/2020\/01\/jean-wiedner-internat.jpg 1184w, https:\/\/maurice-tieche.fr\/wp-content\/uploads\/2020\/01\/jean-wiedner-internat-300x200.jpg 300w, https:\/\/maurice-tieche.fr\/wp-content\/uploads\/2020\/01\/jean-wiedner-internat-1024x682.jpg 1024w, https:\/\/maurice-tieche.fr\/wp-content\/uploads\/2020\/01\/jean-wiedner-internat-150x100.jpg 150w, https:\/\/maurice-tieche.fr\/wp-content\/uploads\/2020\/01\/jean-wiedner-internat-16x12.jpg 16w\" sizes=\"(max-width: 1184px) 100vw, 1184px\" \/><\/div>\n\t\t<\/figure>\n\t<\/div>\n<\/div><\/div><\/div><\/div><div class=\"vc_row wpb_row vc_row-fluid\"><div class=\"wpb_column vc_column_container vc_col-sm-6\"><div class=\"vc_column-inner vc_custom_1459847629856\"><div class=\"wpb_wrapper\"><h4 style=\"text-align: left\" class=\"vc_custom_heading vc_do_custom_heading vc_custom_1580190647443\" ><a href=\"#\">Boarding school regime<\/a><\/h4>\n\t<div class=\"wpb_text_column wpb_content_element vc_custom_1580190679338\" >\n\t\t<div class=\"wpb_wrapper\">\n\t\t\t<p><span style=\"font-weight: 400;\">A student can be a weekday boarder (Sunday evening to Friday midday) or a full boarder (including weekends). <\/span><\/p>\n<p><span style=\"font-weight: 400;\">Full boarders staying on weekends can participate in the various activities of the Campus and remain subject to the same rules as during the week. <\/span><\/p>\n<p><span style=\"font-weight: 400;\">During the school holidays, boarders go home.<\/span><\/p>\n\n\t\t<\/div>\n\t<\/div>\n<\/div><\/div><\/div><div class=\"wpb_column vc_column_container vc_col-sm-6\"><div class=\"vc_column-inner\"><div class=\"wpb_wrapper\">\n\t<div  class=\"wpb_single_image wpb_content_element vc_align_left wpb_content_element wpb_animate_when_almost_visible wpb_fadeIn fadeIn\">\n\t\t\n\t\t<figure class=\"wpb_wrapper vc_figure\">\n\t\t\t<div class=\"vc_single_image-wrapper   vc_box_border_grey\"><img loading=\"lazy\" decoding=\"async\" width=\"2560\" height=\"1707\" src=\"https:\/\/maurice-tieche.fr\/wp-content\/uploads\/2022\/02\/Salle-de-sport-4-scaled.jpg\" class=\"vc_single_image-img attachment-full\" alt=\"\" title=\"Salle de sport 4\" srcset=\"https:\/\/maurice-tieche.fr\/wp-content\/uploads\/2022\/02\/Salle-de-sport-4-scaled.jpg 2560w, https:\/\/maurice-tieche.fr\/wp-content\/uploads\/2022\/02\/Salle-de-sport-4-scaled-300x200.jpg 300w, https:\/\/maurice-tieche.fr\/wp-content\/uploads\/2022\/02\/Salle-de-sport-4-scaled-1024x683.jpg 1024w, https:\/\/maurice-tieche.fr\/wp-content\/uploads\/2022\/02\/Salle-de-sport-4-scaled-16x12.jpg 16w\" sizes=\"(max-width: 2560px) 100vw, 2560px\" \/><\/div>\n\t\t<\/figure>\n\t<\/div>\n<\/div><\/div><\/div><\/div><div class=\"vc_row wpb_row vc_row-fluid\"><div class=\"wpb_column vc_column_container vc_col-sm-6\"><div class=\"vc_column-inner vc_custom_1459847672941\"><div class=\"wpb_wrapper\"><h4 style=\"text-align: left\" class=\"vc_custom_heading vc_do_custom_heading vc_custom_1580190691230\" ><a href=\"#\">A caring and rigorous environment<\/a><\/h4>\n\t<div class=\"wpb_text_column wpb_content_element vc_custom_1614682940562\" >\n\t\t<div class=\"wpb_wrapper\">\n\t\t\t<p><span style=\"font-weight: 400;\">Nous prenons un soin tout particulier \u00e0 veiller sur les \u00e9l\u00e8ves internes. Une \u00e9quipe de professionnels est investie pour garantir le bien-\u00eatre et le travail des internes en dehors du temps scolaire et veille \u00e0 les orienter vers des activit\u00e9s sportives et r\u00e9cr\u00e9atives saines. Deux \u00e9quipes sont en charge des internes : une pour les filles et une pour les gar\u00e7ons. Chaque \u00e9quipe est contitu\u00e9e d&#8217;un directeur de r\u00e9sidence, de trois assistant(e)s, d&#8217;un chef par \u00e9tage.\u00a0<\/span><\/p>\n\n\t\t<\/div>\n\t<\/div>\n<\/div><\/div><\/div><div class=\"wpb_column vc_column_container vc_col-sm-6\"><div class=\"vc_column-inner vc_custom_1490170360438\"><div class=\"wpb_wrapper\">\n\t<div  class=\"wpb_single_image wpb_content_element vc_align_left wpb_content_element wpb_animate_when_almost_visible wpb_fadeIn fadeIn\">\n\t\t\n\t\t<figure class=\"wpb_wrapper vc_figure\">\n\t\t\t<div class=\"vc_single_image-wrapper   vc_box_border_grey\"><img loading=\"lazy\" decoding=\"async\" width=\"2560\" height=\"1920\" src=\"https:\/\/maurice-tieche.fr\/wp-content\/uploads\/2021\/02\/cross-volley-scaled.jpg\" class=\"vc_single_image-img attachment-full\" alt=\"\" title=\"cross-volley\" srcset=\"https:\/\/maurice-tieche.fr\/wp-content\/uploads\/2021\/02\/cross-volley-scaled.jpg 2560w, https:\/\/maurice-tieche.fr\/wp-content\/uploads\/2021\/02\/cross-volley-scaled-300x225.jpg 300w, https:\/\/maurice-tieche.fr\/wp-content\/uploads\/2021\/02\/cross-volley-scaled-1024x768.jpg 1024w, https:\/\/maurice-tieche.fr\/wp-content\/uploads\/2021\/02\/cross-volley-scaled-16x12.jpg 16w\" sizes=\"(max-width: 2560px) 100vw, 2560px\" \/><\/div>\n\t\t<\/figure>\n\t<\/div>\n<\/div><\/div><\/div><\/div><div class=\"vc_row wpb_row vc_row-fluid vc_custom_1459427754259\"><div class=\"wpb_column vc_column_container vc_col-sm-12\"><div class=\"vc_column-inner vc_custom_1490170363831\"><div class=\"wpb_wrapper\"><div class=\"vc_separator wpb_content_element vc_separator_align_center vc_sep_width_100 vc_sep_border_width_4 vc_sep_pos_align_center vc_separator_no_text vc_sep_color_grey wpb_content_element  wpb_content_element\" ><span class=\"vc_sep_holder vc_sep_holder_l\"><span class=\"vc_sep_line\"><\/span><\/span><span class=\"vc_sep_holder vc_sep_holder_r\"><span class=\"vc_sep_line\"><\/span><\/span>\n<\/div><\/div><\/div><\/div><\/div><div class=\"vc_row wpb_row vc_row-fluid\"><div class=\"wpb_column vc_column_container vc_col-sm-12\"><div class=\"vc_column-inner\"><div class=\"wpb_wrapper\">\n\t<div class=\"wpb_text_column wpb_content_element\" >\n\t\t<div class=\"wpb_wrapper\">\n\t\t\t<h4><span style=\"font-weight: 400;\">Boarders &amp; Half Boarders rates<\/span><\/h4>\n<h5><span style=\"font-weight: 400;\">Conditions et modalit\u00e9s financi\u00e8res 2025-2026<br \/>\n<\/span><span style=\"font-weight: 400;\">Boarders &amp; Half Boarders<\/span><\/h5>\n\n\t\t<\/div>\n\t<\/div>\n<a href=\"https:\/\/maurice-tieche.fr\/wp-content\/uploads\/2024\/11\/INTERNES_FINANCE_2025_2026.pdf\" class=\"wh-button  scp_theme_button-99eef8b073627d6a5abdf21419bbcfb1\">DOWNLOAD THE TARIFFS<\/a><\/div><\/div><\/div><\/div>\n<\/div>","protected":false},"excerpt":{"rendered":"InternatL'internat est accessible d\u00e8s le Lyc\u00e9e et \u00e0 partir de 15 ans. Pour qu'un \u00e9l\u00e8ve soit admis, la famille doit&nbsp;<a href=\"https:\/\/maurice-tieche.fr\/en\/accueil\/classes\/internat\/\">&hellip;<\/a>","protected":false},"author":1,"featured_media":0,"parent":148,"menu_order":3,"comment_status":"closed","ping_status":"closed","template":"template-sidebar-right-childpages.php","meta":{"rank_math_lock_modified_date":false,"footnotes":""},"class_list":["post-412","page","type-page","status-publish","hentry","odd"],"_links":{"self":[{"href":"https:\/\/maurice-tieche.fr\/en\/wp-json\/wp\/v2\/pages\/412"}],"collection":[{"href":"https:\/\/maurice-tieche.fr\/en\/wp-json\/wp\/v2\/pages"}],"about":[{"href":"https:\/\/maurice-tieche.fr\/en\/wp-json\/wp\/v2\/types\/page"}],"author":[{"embeddable":true,"href":"https:\/\/maurice-tieche.fr\/en\/wp-json\/wp\/v2\/users\/1"}],"replies":[{"embeddable":true,"href":"https:\/\/maurice-tieche.fr\/en\/wp-json\/wp\/v2\/comments?post=412"}],"version-history":[{"count":19,"href":"https:\/\/maurice-tieche.fr\/en\/wp-json\/wp\/v2\/pages\/412\/revisions"}],"predecessor-version":[{"id":2281,"href":"https:\/\/maurice-tieche.fr\/en\/wp-json\/wp\/v2\/pages\/412\/revisions\/2281"}],"up":[{"embeddable":true,"href":"https:\/\/maurice-tieche.fr\/en\/wp-json\/wp\/v2\/pages\/148"}],"wp:attachment":[{"href":"https:\/\/maurice-tieche.fr\/en\/wp-json\/wp\/v2\/media?parent=412"}],"curies":[{"name":"wp","href":"https:\/\/api.w.org\/{rel}","templated":true}]}}