{"id":416,"date":"2020-01-28T07:06:21","date_gmt":"2020-01-28T06:06:21","guid":{"rendered":"https:\/\/maurice-tieche.fr\/?page_id=416"},"modified":"2025-12-04T14:39:10","modified_gmt":"2025-12-04T13:39:10","slug":"tarifs","status":"publish","type":"page","link":"https:\/\/maurice-tieche.fr\/en\/tarifs\/","title":{"rendered":"Prices"},"content":{"rendered":"<div class=\"wpb-content-wrapper\"><div class=\"vc_row wpb_row vc_row-fluid vc_custom_1501152596112\"><div class=\"wpb_column vc_column_container vc_col-sm-12\"><div class=\"vc_column-inner vc_custom_1491469743240\"><div class=\"wpb_wrapper\"><h1 style=\"text-align: left\" class=\"vc_custom_heading vc_do_custom_heading vc_custom_1580192036883\" >Prices<\/h1><h4 style=\"text-align: left\" class=\"vc_custom_heading vc_do_custom_heading\" >Voici les conditions et les modalit\u00e9s financi\u00e8res 2025-2026 pour l'Ensemble Scolaire Maurice Ti\u00e8che (ESMT).<\/h4><\/div><\/div><\/div><\/div><div class=\"vc_row wpb_row vc_row-fluid\"><div class=\"wpb_column vc_column_container vc_col-sm-4\"><div class=\"vc_column-inner\"><div class=\"wpb_wrapper\">\n\t<div  class=\"wpb_single_image wpb_content_element vc_align_left wpb_content_element\">\n\t\t\n\t\t<figure class=\"wpb_wrapper vc_figure\">\n\t\t\t<div class=\"vc_single_image-wrapper   vc_box_border_grey\"><img loading=\"lazy\" decoding=\"async\" width=\"300\" height=\"200\" src=\"https:\/\/maurice-tieche.fr\/wp-content\/uploads\/2020\/01\/esmt-15-300x200.jpg\" class=\"vc_single_image-img attachment-medium\" alt=\"ESMT - fille bricolage\" title=\"ESMT - fille bricolage\" srcset=\"https:\/\/maurice-tieche.fr\/wp-content\/uploads\/2020\/01\/esmt-15-300x200.jpg 300w, https:\/\/maurice-tieche.fr\/wp-content\/uploads\/2020\/01\/esmt-15-1024x684.jpg 1024w, https:\/\/maurice-tieche.fr\/wp-content\/uploads\/2020\/01\/esmt-15-16x12.jpg 16w, https:\/\/maurice-tieche.fr\/wp-content\/uploads\/2020\/01\/esmt-15.jpg 1498w\" sizes=\"(max-width: 300px) 100vw, 300px\" \/><\/div>\n\t\t<\/figure>\n\t<\/div>\n<h5 style=\"text-align: left\" class=\"vc_custom_heading vc_do_custom_heading\" >Kindergarten &amp; Primary school<\/h5><a href=\"https:\/\/maurice-tieche.fr\/wp-content\/uploads\/2025\/12\/PRIMAIRE_FINANCE_2026-27.pdf\" class=\"wh-button  scp_theme_button-462915d30750c46f3bf527db565269ba\" target=\"_blank\">Download tariffs<\/a><\/div><\/div><\/div><div class=\"wpb_column vc_column_container vc_col-sm-4\"><div class=\"vc_column-inner\"><div class=\"wpb_wrapper\">\n\t<div  class=\"wpb_single_image wpb_content_element vc_align_left wpb_content_element\">\n\t\t\n\t\t<figure class=\"wpb_wrapper vc_figure\">\n\t\t\t<div class=\"vc_single_image-wrapper   vc_box_border_grey\"><img loading=\"lazy\" decoding=\"async\" width=\"300\" height=\"200\" src=\"https:\/\/maurice-tieche.fr\/wp-content\/uploads\/2020\/01\/esmt-5-300x200.jpg\" class=\"vc_single_image-img attachment-medium\" alt=\"\" title=\"ESMT - biblioth\u00e8que\" srcset=\"https:\/\/maurice-tieche.fr\/wp-content\/uploads\/2020\/01\/esmt-5-300x200.jpg 300w, https:\/\/maurice-tieche.fr\/wp-content\/uploads\/2020\/01\/esmt-5-1024x683.jpg 1024w, https:\/\/maurice-tieche.fr\/wp-content\/uploads\/2020\/01\/esmt-5.jpg 1500w, https:\/\/maurice-tieche.fr\/wp-content\/uploads\/2020\/01\/esmt-5-150x100.jpg 150w, https:\/\/maurice-tieche.fr\/wp-content\/uploads\/2020\/01\/esmt-5-768x510.jpg 768w, https:\/\/maurice-tieche.fr\/wp-content\/uploads\/2020\/01\/esmt-5-16x12.jpg 16w\" sizes=\"(max-width: 300px) 100vw, 300px\" \/><\/div>\n\t\t<\/figure>\n\t<\/div>\n<h5 style=\"text-align: left\" class=\"vc_custom_heading vc_do_custom_heading\" >Secondary &amp; High school<\/h5><a href=\"https:\/\/maurice-tieche.fr\/wp-content\/uploads\/2025\/12\/COLLEGE_FINANCE_2026-2027.pdf\" class=\"wh-button  scp_theme_button-488ecca7f2ec103d2d82c7e607eb048e\" target=\"_blank\">Download tariffs<\/a><\/div><\/div><\/div><div class=\"wpb_column vc_column_container vc_col-sm-4\"><div class=\"vc_column-inner\"><div class=\"wpb_wrapper\">\n\t<div  class=\"wpb_single_image wpb_content_element vc_align_left wpb_content_element\">\n\t\t\n\t\t<figure class=\"wpb_wrapper vc_figure\">\n\t\t\t<div class=\"vc_single_image-wrapper   vc_box_border_grey\"><img loading=\"lazy\" decoding=\"async\" width=\"300\" height=\"200\" src=\"https:\/\/maurice-tieche.fr\/wp-content\/uploads\/2020\/01\/jean-wiedner-internat-300x200.jpg\" class=\"vc_single_image-img attachment-medium\" alt=\"jean-wiedner-internat\" title=\"jean-wiedner-internat\" srcset=\"https:\/\/maurice-tieche.fr\/wp-content\/uploads\/2020\/01\/jean-wiedner-internat-300x200.jpg 300w, https:\/\/maurice-tieche.fr\/wp-content\/uploads\/2020\/01\/jean-wiedner-internat-1024x682.jpg 1024w, https:\/\/maurice-tieche.fr\/wp-content\/uploads\/2020\/01\/jean-wiedner-internat.jpg 1184w, https:\/\/maurice-tieche.fr\/wp-content\/uploads\/2020\/01\/jean-wiedner-internat-150x100.jpg 150w, https:\/\/maurice-tieche.fr\/wp-content\/uploads\/2020\/01\/jean-wiedner-internat-768x510.jpg 768w, https:\/\/maurice-tieche.fr\/wp-content\/uploads\/2020\/01\/jean-wiedner-internat-16x12.jpg 16w\" sizes=\"(max-width: 300px) 100vw, 300px\" \/><\/div>\n\t\t<\/figure>\n\t<\/div>\n<h5 style=\"text-align: left\" class=\"vc_custom_heading vc_do_custom_heading\" >Internes &amp; Semi-internes<\/h5><a href=\"https:\/\/maurice-tieche.fr\/wp-content\/uploads\/2025\/12\/INTERNES_FINANCE_2026_2027.pdf\" class=\"wh-button  scp_theme_button-fca8bd554f995f8e7006d5d6ed3a332a\" target=\"_blank\">Download tariffs<\/a><\/div><\/div><\/div><\/div>\n<\/div>","protected":false},"excerpt":{"rendered":"TarifsVoici les conditions et les modalit\u00e9s financi\u00e8res 2025-2026 pour l'Ensemble Scolaire Maurice Ti\u00e8che (ESMT). \u00c9cole Maternelle &amp; \u00c9l\u00e9mentaireT\u00e9l\u00e9charger les tarifs&nbsp;<a href=\"https:\/\/maurice-tieche.fr\/en\/tarifs\/\">&hellip;<\/a>","protected":false},"author":1,"featured_media":0,"parent":0,"menu_order":0,"comment_status":"closed","ping_status":"closed","template":"template-fullwidth.php","meta":{"rank_math_lock_modified_date":false,"footnotes":""},"class_list":["post-416","page","type-page","status-publish","hentry","odd"],"_links":{"self":[{"href":"https:\/\/maurice-tieche.fr\/en\/wp-json\/wp\/v2\/pages\/416"}],"collection":[{"href":"https:\/\/maurice-tieche.fr\/en\/wp-json\/wp\/v2\/pages"}],"about":[{"href":"https:\/\/maurice-tieche.fr\/en\/wp-json\/wp\/v2\/types\/page"}],"author":[{"embeddable":true,"href":"https:\/\/maurice-tieche.fr\/en\/wp-json\/wp\/v2\/users\/1"}],"replies":[{"embeddable":true,"href":"https:\/\/maurice-tieche.fr\/en\/wp-json\/wp\/v2\/comments?post=416"}],"version-history":[{"count":13,"href":"https:\/\/maurice-tieche.fr\/en\/wp-json\/wp\/v2\/pages\/416\/revisions"}],"predecessor-version":[{"id":2402,"href":"https:\/\/maurice-tieche.fr\/en\/wp-json\/wp\/v2\/pages\/416\/revisions\/2402"}],"wp:attachment":[{"href":"https:\/\/maurice-tieche.fr\/en\/wp-json\/wp\/v2\/media?parent=416"}],"curies":[{"name":"wp","href":"https:\/\/api.w.org\/{rel}","templated":true}]}}