{"id":438,"date":"2020-02-05T23:26:55","date_gmt":"2020-02-05T22:26:55","guid":{"rendered":"https:\/\/maurice-tieche.fr\/?page_id=438"},"modified":"2024-10-08T10:27:00","modified_gmt":"2024-10-08T08:27:00","slug":"association-parents","status":"publish","type":"page","link":"https:\/\/maurice-tieche.fr\/en\/vie-scolaire\/association-parents\/","title":{"rendered":"Association des Parents d&#8217;\u00e9l\u00e8ves"},"content":{"rendered":"<div class=\"wpb-content-wrapper\"><div class=\"vc_row wpb_row vc_row-fluid vc_custom_1491472723216\"><div class=\"wpb_column vc_column_container vc_col-sm-12\"><div class=\"vc_column-inner vc_custom_1490090587979\"><div class=\"wpb_wrapper\"><h1 style=\"text-align: left\" class=\"vc_custom_heading vc_do_custom_heading vc_custom_1588896895212\" >Parents' Association<br \/>\nMaurice-Ti\u00e8che<\/h1><h4 style=\"text-align: left\" class=\"vc_custom_heading vc_do_custom_heading\" >A very dynamic association! Always more ideas, always more projects, this is the desire of the Parents' Association Maurice-Tieche. One goal: that the children of the Maurice-Ti\u00e8che school ensemble flourish in our school.<\/h4><\/div><\/div><\/div><\/div><div class=\"vc_row wpb_row vc_row-fluid\"><div class=\"wpb_column vc_column_container vc_col-sm-6\"><div class=\"vc_column-inner vc_custom_1490090609198\"><div class=\"wpb_wrapper\">\n\t<div  class=\"wpb_single_image wpb_content_element vc_align_left wpb_content_element wpb_animate_when_almost_visible wpb_fadeIn fadeIn\">\n\t\t\n\t\t<figure class=\"wpb_wrapper vc_figure\">\n\t\t\t<div class=\"vc_single_image-wrapper   vc_box_border_grey\"><img loading=\"lazy\" decoding=\"async\" width=\"567\" height=\"377\" src=\"https:\/\/maurice-tieche.fr\/wp-content\/uploads\/2020\/02\/APE4.jpg\" class=\"vc_single_image-img attachment-full\" alt=\"APE4\" title=\"APE4\" srcset=\"https:\/\/maurice-tieche.fr\/wp-content\/uploads\/2020\/02\/APE4.jpg 567w, https:\/\/maurice-tieche.fr\/wp-content\/uploads\/2020\/02\/APE4-300x199.jpg 300w, https:\/\/maurice-tieche.fr\/wp-content\/uploads\/2020\/02\/APE4-16x12.jpg 16w\" sizes=\"(max-width: 567px) 100vw, 567px\" \/><\/div>\n\t\t<\/figure>\n\t<\/div>\n<\/div><\/div><\/div><div class=\"wpb_column vc_column_container vc_col-sm-6\"><div class=\"vc_column-inner\"><div class=\"wpb_wrapper\"><h4 style=\"text-align: left\" class=\"vc_custom_heading vc_do_custom_heading vc_custom_1580941737579\" >Actions<\/h4>\n\t<div class=\"wpb_text_column wpb_content_element vc_custom_1580941752890\" >\n\t\t<div class=\"wpb_wrapper\">\n\t\t\t<p><span style=\"font-weight: 400;\">Ainsi, l&#8217;APE organise des actions tout au long de l&#8217;ann\u00e9e afin de subventionner les sorties scolaires et les activit\u00e9s des enfants : Foire de la Sainte Barbe, action paquets cadeaux \u00e0 No\u00ebl, vide grenier&#8230;<\/span><\/p>\n\n\t\t<\/div>\n\t<\/div>\n<\/div><\/div><\/div><\/div><div class=\"vc_row wpb_row vc_row-fluid\"><div class=\"wpb_column vc_column_container vc_col-sm-6\"><div class=\"vc_column-inner vc_custom_1490090609198\"><div class=\"wpb_wrapper\">\n\t<div  class=\"wpb_single_image wpb_content_element vc_align_left wpb_content_element wpb_animate_when_almost_visible wpb_fadeIn fadeIn\">\n\t\t\n\t\t<figure class=\"wpb_wrapper vc_figure\">\n\t\t\t<div class=\"vc_single_image-wrapper   vc_box_border_grey\"><img loading=\"lazy\" decoding=\"async\" width=\"567\" height=\"425\" src=\"https:\/\/maurice-tieche.fr\/wp-content\/uploads\/2020\/02\/APE2.jpg\" class=\"vc_single_image-img attachment-full\" alt=\"ski-club de l&#039;ESMT\" title=\"ski-club de l&#039;ESMT\" srcset=\"https:\/\/maurice-tieche.fr\/wp-content\/uploads\/2020\/02\/APE2.jpg 567w, https:\/\/maurice-tieche.fr\/wp-content\/uploads\/2020\/02\/APE2-300x225.jpg 300w, https:\/\/maurice-tieche.fr\/wp-content\/uploads\/2020\/02\/APE2-16x12.jpg 16w\" sizes=\"(max-width: 567px) 100vw, 567px\" \/><\/div>\n\t\t<\/figure>\n\t<\/div>\n<\/div><\/div><\/div><div class=\"wpb_column vc_column_container vc_col-sm-6\"><div class=\"vc_column-inner\"><div class=\"wpb_wrapper\"><h4 style=\"text-align: left\" class=\"vc_custom_heading vc_do_custom_heading vc_custom_1588894922514\" >Skiing Club<\/h4>\n\t<div class=\"wpb_text_column wpb_content_element vc_custom_1588894976223\" >\n\t\t<div class=\"wpb_wrapper\">\n\t\t\t<p class=\"vc_custom_heading\">Initiation for some, new lessons for others. Discovering the resort, the slopes or the slalom. Good times that the children share with their instructors and guides, every week during the ski season.<\/p>\n\n\t\t<\/div>\n\t<\/div>\n<\/div><\/div><\/div><\/div><div class=\"vc_row wpb_row vc_row-fluid\"><div class=\"wpb_column vc_column_container vc_col-sm-12\"><div class=\"vc_column-inner\"><div class=\"wpb_wrapper\">\n\t<div class=\"wpb_text_column wpb_content_element\" >\n\t\t<div class=\"wpb_wrapper\">\n\t\t\t<p>Everything is possible thanks to its actions, but above all thanks to the students, their parents, the support of the teaching staff and the goodwill of those who get involved in all the projects.<\/p>\n\n\t\t<\/div>\n\t<\/div>\n<a href=\"https:\/\/www.ape-mauricetieche.fr\/\" class=\"wh-button  scp_theme_button-704d5009ed307d95464fa1f18823c01e\" target=\"_blank\" rel=\"noopener\">APE de Maurice-Ti\u00e8che<\/a><\/div><\/div><\/div><\/div>\n<\/div>","protected":false},"excerpt":{"rendered":"Association des Parents d'El\u00e8ves Maurice-Ti\u00e8cheUne association tr\u00e8s dynamique ! Toujours plus d'id\u00e9es, toujours plus de projets, c'est le d\u00e9sir de&nbsp;<a href=\"https:\/\/maurice-tieche.fr\/en\/vie-scolaire\/association-parents\/\">&hellip;<\/a>","protected":false},"author":1,"featured_media":0,"parent":240,"menu_order":3,"comment_status":"closed","ping_status":"closed","template":"template-sidebar-right-childpages.php","meta":{"rank_math_lock_modified_date":false,"footnotes":""},"class_list":["post-438","page","type-page","status-publish","hentry","odd"],"_links":{"self":[{"href":"https:\/\/maurice-tieche.fr\/en\/wp-json\/wp\/v2\/pages\/438"}],"collection":[{"href":"https:\/\/maurice-tieche.fr\/en\/wp-json\/wp\/v2\/pages"}],"about":[{"href":"https:\/\/maurice-tieche.fr\/en\/wp-json\/wp\/v2\/types\/page"}],"author":[{"embeddable":true,"href":"https:\/\/maurice-tieche.fr\/en\/wp-json\/wp\/v2\/users\/1"}],"replies":[{"embeddable":true,"href":"https:\/\/maurice-tieche.fr\/en\/wp-json\/wp\/v2\/comments?post=438"}],"version-history":[{"count":12,"href":"https:\/\/maurice-tieche.fr\/en\/wp-json\/wp\/v2\/pages\/438\/revisions"}],"predecessor-version":[{"id":2087,"href":"https:\/\/maurice-tieche.fr\/en\/wp-json\/wp\/v2\/pages\/438\/revisions\/2087"}],"up":[{"embeddable":true,"href":"https:\/\/maurice-tieche.fr\/en\/wp-json\/wp\/v2\/pages\/240"}],"wp:attachment":[{"href":"https:\/\/maurice-tieche.fr\/en\/wp-json\/wp\/v2\/media?parent=438"}],"curies":[{"name":"wp","href":"https:\/\/api.w.org\/{rel}","templated":true}]}}