{"id":458,"date":"2020-02-06T18:26:14","date_gmt":"2020-02-06T17:26:14","guid":{"rendered":"https:\/\/maurice-tieche.fr\/?page_id=458"},"modified":"2025-03-12T10:39:57","modified_gmt":"2025-03-12T09:39:57","slug":"activites-spirituelles","status":"publish","type":"page","link":"https:\/\/maurice-tieche.fr\/en\/vie-scolaire\/activites-spirituelles\/","title":{"rendered":"Spiritual activities"},"content":{"rendered":"<div class=\"wpb-content-wrapper\"><div class=\"vc_row wpb_row vc_row-fluid vc_custom_1491472723216\"><div class=\"wpb_column vc_column_container vc_col-sm-12\"><div class=\"vc_column-inner vc_custom_1490090587979\"><div class=\"wpb_wrapper\"><h1 style=\"text-align: left\" class=\"vc_custom_heading vc_do_custom_heading vc_custom_1581010003847\" >Spiritual activities<\/h1><h4 style=\"text-align: left\" class=\"vc_custom_heading vc_do_custom_heading\" >Throughout the year, activities are organised to provide a special time for the awakening and experience of spirituality. Regular daily and weekly activities, as well as special events throughout the year, are an integral part of the programme.<\/h4><\/div><\/div><\/div><\/div><div class=\"vc_row wpb_row vc_row-fluid\"><div class=\"wpb_column vc_column_container vc_col-sm-6\"><div class=\"vc_column-inner vc_custom_1490090609198\"><div class=\"wpb_wrapper\">\n\t<div  class=\"wpb_single_image wpb_content_element vc_align_left wpb_content_element wpb_animate_when_almost_visible wpb_fadeIn fadeIn\">\n\t\t\n\t\t<figure class=\"wpb_wrapper vc_figure\">\n\t\t\t<div class=\"vc_single_image-wrapper   vc_box_border_grey\"><img decoding=\"async\" class=\"vc_single_image-img\" src=\"https:\/\/maurice-tieche.fr\/wp-content\/uploads\/2017\/01\/about-us-01-380x200.jpg\" width=\"380\" height=\"200\" alt=\"about-us-01\" title=\"about-us-01\" loading=\"lazy\" \/><\/div>\n\t\t<\/figure>\n\t<\/div>\n<\/div><\/div><\/div><div class=\"wpb_column vc_column_container vc_col-sm-6\"><div class=\"vc_column-inner\"><div class=\"wpb_wrapper\"><h4 style=\"text-align: left\" class=\"vc_custom_heading vc_do_custom_heading vc_custom_1588712302742\" >Moment of reflection<\/h4>\n\t<div class=\"wpb_text_column wpb_content_element vc_custom_1588893479577\" >\n\t\t<div class=\"wpb_wrapper\">\n\t\t\t<p>Starting the day or week with a thought that encourages reflection on a subject, allows students to question themselves, find answers and be encouraged in their daily lives. In this way, whether in primary or secondary school, some lessons at the beginning of the day begin with a thought shared by the teacher with the students.<\/p>\n\n\t\t<\/div>\n\t<\/div>\n<\/div><\/div><\/div><\/div><div class=\"vc_row wpb_row vc_row-fluid\"><div class=\"wpb_column vc_column_container vc_col-sm-6\"><div class=\"vc_column-inner vc_custom_1490090609198\"><div class=\"wpb_wrapper\">\n\t<div  class=\"wpb_single_image wpb_content_element vc_align_left wpb_content_element wpb_animate_when_almost_visible wpb_fadeIn fadeIn\">\n\t\t\n\t\t<figure class=\"wpb_wrapper vc_figure\">\n\t\t\t<div class=\"vc_single_image-wrapper   vc_box_border_grey\"><img decoding=\"async\" class=\"vc_single_image-img\" src=\"https:\/\/maurice-tieche.fr\/wp-content\/uploads\/2020\/05\/eleve-bible-evb-380x200.jpg\" width=\"380\" height=\"200\" alt=\"eleve-bible-evb\" title=\"eleve-bible-evb\" loading=\"lazy\" \/><\/div>\n\t\t<\/figure>\n\t<\/div>\n<\/div><\/div><\/div><div class=\"wpb_column vc_column_container vc_col-sm-6\"><div class=\"vc_column-inner\"><div class=\"wpb_wrapper\"><h4 style=\"text-align: left\" class=\"vc_custom_heading vc_do_custom_heading vc_custom_1588712348138\" >EVB<\/h4>\n\t<div class=\"wpb_text_column wpb_content_element vc_custom_1741771870337\" >\n\t\t<div class=\"wpb_wrapper\">\n\t\t\t<p>L\u2019Education aux Valeurs de la Bible est int\u00e9gr\u00e9e dans le programme scolaire \u00e0 raison d&#8217;un fois par semaine pour les coll\u00e9gien et les lyc\u00e9ens. Le programme comprend des temps d\u2019\u00e9change sur des sujets touchant la r\u00e9alit\u00e9 de la vie \u00e0 la lumi\u00e8re des enseignements bibliques.<\/p>\n\n\t\t<\/div>\n\t<\/div>\n<\/div><\/div><\/div><\/div><div class=\"vc_row wpb_row vc_row-fluid\"><div class=\"wpb_column vc_column_container vc_col-sm-6\"><div class=\"vc_column-inner vc_custom_1490090614115\"><div class=\"wpb_wrapper\">\n\t<div  class=\"wpb_single_image wpb_content_element vc_align_left wpb_content_element wpb_animate_when_almost_visible wpb_fadeIn fadeIn\">\n\t\t\n\t\t<figure class=\"wpb_wrapper vc_figure\">\n\t\t\t<div class=\"vc_single_image-wrapper   vc_box_border_grey\"><img decoding=\"async\" class=\"vc_single_image-img\" src=\"https:\/\/maurice-tieche.fr\/wp-content\/uploads\/2020\/02\/Vie-spirituelle1-380x200.jpg\" width=\"380\" height=\"200\" alt=\"Vie spirituelle\" title=\"Vie spirituelle\" loading=\"lazy\" \/><\/div>\n\t\t<\/figure>\n\t<\/div>\n<\/div><\/div><\/div><div class=\"wpb_column vc_column_container vc_col-sm-6\"><div class=\"vc_column-inner\"><div class=\"wpb_wrapper\"><h4 style=\"text-align: left\" class=\"vc_custom_heading vc_do_custom_heading vc_custom_1588712371040\" >Liturgy<\/h4>\n\t<div class=\"wpb_text_column wpb_content_element vc_custom_1588712385056\" >\n\t\t<div class=\"wpb_wrapper\">\n\t\t\t<p>Christmas and Easter are special occasions to celebrate together, with students, teachers and administrative staff, as well as parents wishing to join in these special meetings.<\/p>\n\n\t\t<\/div>\n\t<\/div>\n<\/div><\/div><\/div><\/div><div class=\"vc_row wpb_row vc_row-fluid\"><div class=\"wpb_column vc_column_container vc_col-sm-6\"><div class=\"vc_column-inner vc_custom_1490090614115\"><div class=\"wpb_wrapper\">\n\t<div  class=\"wpb_single_image wpb_content_element vc_align_left wpb_content_element wpb_animate_when_almost_visible wpb_fadeIn fadeIn\">\n\t\t\n\t\t<figure class=\"wpb_wrapper vc_figure\">\n\t\t\t<div class=\"vc_single_image-wrapper   vc_box_border_grey\"><img decoding=\"async\" class=\"vc_single_image-img\" src=\"https:\/\/maurice-tieche.fr\/wp-content\/uploads\/2025\/03\/Design-sans-titre-2.png\" width=\"380\" height=\"200\" alt=\"Design sans titre\" title=\"Design sans titre\" loading=\"lazy\" \/><\/div>\n\t\t<\/figure>\n\t<\/div>\n<\/div><\/div><\/div><div class=\"wpb_column vc_column_container vc_col-sm-6\"><div class=\"vc_column-inner\"><div class=\"wpb_wrapper\"><h4 style=\"text-align: left\" class=\"vc_custom_heading vc_do_custom_heading vc_custom_1588712406904\" >Week of biblical reflection<\/h4>\n\t<div class=\"wpb_text_column wpb_content_element vc_custom_1588712417164\" >\n\t\t<div class=\"wpb_wrapper\">\n\t\t\t<p>Once a year, at the beginning of the school year for the secondary and High school, and in the spring for the primary school, the students meet each day to experience a time of biblical reflection. These meetings are led by a special guest around a particular theme and are enriched by moments of song and music.<\/p>\n\n\t\t<\/div>\n\t<\/div>\n<\/div><\/div><\/div><\/div><div class=\"vc_row wpb_row vc_row-fluid\"><div class=\"wpb_column vc_column_container vc_col-sm-6\"><div class=\"vc_column-inner vc_custom_1490090614115\"><div class=\"wpb_wrapper\">\n\t<div  class=\"wpb_single_image wpb_content_element vc_align_left wpb_content_element wpb_animate_when_almost_visible wpb_fadeIn fadeIn\">\n\t\t\n\t\t<figure class=\"wpb_wrapper vc_figure\">\n\t\t\t<div class=\"vc_single_image-wrapper   vc_box_border_grey\"><img decoding=\"async\" class=\"vc_single_image-img\" src=\"https:\/\/maurice-tieche.fr\/wp-content\/uploads\/2023\/06\/louange-16-mai-suite-2-380x200.png\" width=\"380\" height=\"200\" alt=\"louange 16 mai suite 2\" title=\"louange 16 mai suite 2\" loading=\"lazy\" \/><\/div>\n\t\t<\/figure>\n\t<\/div>\n<\/div><\/div><\/div><div class=\"wpb_column vc_column_container vc_col-sm-6\"><div class=\"vc_column-inner\"><div class=\"wpb_wrapper\"><h4 style=\"text-align: left\" class=\"vc_custom_heading vc_do_custom_heading vc_custom_1588712434410\" >The praises<\/h4>\n\t<div class=\"wpb_text_column wpb_content_element vc_custom_1588893647878\" >\n\t\t<div class=\"wpb_wrapper\">\n\t\t\t<p>Plusieurs fois dans l\u2019ann\u00e9e, les \u00e9l\u00e8ves de l\u2019\u00e9cole primaire se retrouvent tous ensemble pour vivre un programme qu&#8217;ils ont pr\u00e9par\u00e9 avec leurs enseignants. Ce moment, ouvert aux parents, permet un v\u00e9cu de temps spirituel tr\u00e8s appr\u00e9ci\u00e9 de tous. Une louange sp\u00e9ciale de No\u00ebl est \u00e9galement propos\u00e9e.<\/p>\n\n\t\t<\/div>\n\t<\/div>\n<\/div><\/div><\/div><\/div>\n<\/div>","protected":false},"excerpt":{"rendered":"Activit\u00e9s spirituellesTout au long de l\u2019ann\u00e9e, des activit\u00e9s rythment des temps privil\u00e9gi\u00e9s pour l\u2019\u00e9veil et le v\u00e9cu de la spiritualit\u00e9.&nbsp;<a href=\"https:\/\/maurice-tieche.fr\/en\/vie-scolaire\/activites-spirituelles\/\">&hellip;<\/a>","protected":false},"author":1,"featured_media":0,"parent":240,"menu_order":0,"comment_status":"closed","ping_status":"closed","template":"template-sidebar-right-childpages.php","meta":{"rank_math_lock_modified_date":false,"footnotes":""},"class_list":["post-458","page","type-page","status-publish","hentry","odd"],"_links":{"self":[{"href":"https:\/\/maurice-tieche.fr\/en\/wp-json\/wp\/v2\/pages\/458"}],"collection":[{"href":"https:\/\/maurice-tieche.fr\/en\/wp-json\/wp\/v2\/pages"}],"about":[{"href":"https:\/\/maurice-tieche.fr\/en\/wp-json\/wp\/v2\/types\/page"}],"author":[{"embeddable":true,"href":"https:\/\/maurice-tieche.fr\/en\/wp-json\/wp\/v2\/users\/1"}],"replies":[{"embeddable":true,"href":"https:\/\/maurice-tieche.fr\/en\/wp-json\/wp\/v2\/comments?post=458"}],"version-history":[{"count":15,"href":"https:\/\/maurice-tieche.fr\/en\/wp-json\/wp\/v2\/pages\/458\/revisions"}],"predecessor-version":[{"id":2311,"href":"https:\/\/maurice-tieche.fr\/en\/wp-json\/wp\/v2\/pages\/458\/revisions\/2311"}],"up":[{"embeddable":true,"href":"https:\/\/maurice-tieche.fr\/en\/wp-json\/wp\/v2\/pages\/240"}],"wp:attachment":[{"href":"https:\/\/maurice-tieche.fr\/en\/wp-json\/wp\/v2\/media?parent=458"}],"curies":[{"name":"wp","href":"https:\/\/api.w.org\/{rel}","templated":true}]}}