{"id":463,"date":"2020-02-06T18:35:52","date_gmt":"2020-02-06T17:35:52","guid":{"rendered":"https:\/\/maurice-tieche.fr\/?page_id=463"},"modified":"2022-03-06T15:38:40","modified_gmt":"2022-03-06T14:38:40","slug":"ecole-directe","status":"publish","type":"page","link":"https:\/\/maurice-tieche.fr\/en\/accueil\/classes\/ecole-directe\/","title":{"rendered":"Ecole Directe"},"content":{"rendered":"<div class=\"wpb-content-wrapper\"><div class=\"vc_row wpb_row vc_row-fluid vc_custom_1487250199380\"><div class=\"wpb_column vc_column_container vc_col-sm-12\"><div class=\"vc_column-inner vc_custom_1490018662966\"><div class=\"wpb_wrapper\"><h1 style=\"text-align: left\" class=\"vc_custom_heading vc_do_custom_heading vc_custom_1588719909458\" >Ecole Directe<\/h1><h4 style=\"text-align: left\" class=\"vc_custom_heading vc_do_custom_heading\" >\u00c9cole Directe, is our digital platform that gives you the opportunity to follow your child's education as closely as possible.<\/h4>\n\t<div  class=\"wpb_single_image wpb_content_element vc_align_left wpb_content_element wpb_animate_when_almost_visible wpb_fadeIn fadeIn\">\n\t\t\n\t\t<figure class=\"wpb_wrapper vc_figure\">\n\t\t\t<div class=\"vc_single_image-wrapper   vc_box_border_grey\"><img loading=\"lazy\" decoding=\"async\" width=\"1920\" height=\"1080\" src=\"https:\/\/maurice-tieche.fr\/wp-content\/uploads\/2022\/03\/maurice-tieche-ecole-directe-application-smartphone.jpg\" class=\"vc_single_image-img attachment-full\" alt=\"maurice-tieche-ecole-directe-application-smartphone\" title=\"maurice-tieche-ecole-directe-application-smartphone\" srcset=\"https:\/\/maurice-tieche.fr\/wp-content\/uploads\/2022\/03\/maurice-tieche-ecole-directe-application-smartphone.jpg 1920w, https:\/\/maurice-tieche.fr\/wp-content\/uploads\/2022\/03\/maurice-tieche-ecole-directe-application-smartphone-300x169.jpg 300w, https:\/\/maurice-tieche.fr\/wp-content\/uploads\/2022\/03\/maurice-tieche-ecole-directe-application-smartphone-1024x576.jpg 1024w, https:\/\/maurice-tieche.fr\/wp-content\/uploads\/2022\/03\/maurice-tieche-ecole-directe-application-smartphone-16x9.jpg 16w\" sizes=\"(max-width: 1920px) 100vw, 1920px\" \/><\/div>\n\t\t<\/figure>\n\t<\/div>\n<\/div><\/div><\/div><\/div><div class=\"vc_row wpb_row vc_row-fluid\"><div class=\"wpb_column vc_column_container vc_col-sm-4\"><div class=\"vc_column-inner vc_custom_1644482196462\"><div class=\"wpb_wrapper\"><h4 style=\"text-align: left\" class=\"vc_custom_heading vc_do_custom_heading vc_custom_1581010681918\" ><a href=\"#\">Absences, lateness, sanctions, congratulations<\/a><\/h4>\n\t<div class=\"wpb_text_column wpb_content_element vc_custom_1581010696056\" >\n\t\t<div class=\"wpb_wrapper\">\n\t\t\t<p><span style=\"font-weight: 400;\">Notre conseiller d&#8217;\u00e9ducation saisit r\u00e9guli\u00e8rement les diff\u00e9rents \u00e9l\u00e9ments relatifs \u00e0 la vie scolaire ce qui vous permet d&#8217;\u00eatre inform\u00e9 au plus pr\u00e8s du d\u00e9roulement de l&#8217;ann\u00e9e de votre enfant.<\/span><\/p>\n\n\t\t<\/div>\n\t<\/div>\n<\/div><\/div><\/div><div class=\"wpb_column vc_column_container vc_col-sm-4\"><div class=\"vc_column-inner\"><div class=\"wpb_wrapper\"><h4 style=\"text-align: left\" class=\"vc_custom_heading vc_do_custom_heading vc_custom_1581010751996\" ><a href=\"#\">Timetables, textbooks, session reports<\/a><\/h4>\n\t<div class=\"wpb_text_column wpb_content_element vc_custom_1588895853340\" >\n\t\t<div class=\"wpb_wrapper\">\n\t\t\t<p>You can keep an eye on your child's daily schedule, detailed by period and by day, on the work to be done independently and on the content of the lessons made available by the teachers.<\/p>\n\n\t\t<\/div>\n\t<\/div>\n<\/div><\/div><\/div><div class=\"wpb_column vc_column_container vc_col-sm-4\"><div class=\"vc_column-inner\"><div class=\"wpb_wrapper\"><h4 style=\"text-align: left\" class=\"vc_custom_heading vc_do_custom_heading vc_custom_1581010851184\" ><a href=\"#\">Grades, averages, report cards, single school report<\/a><\/h4>\n\t<div class=\"wpb_text_column wpb_content_element vc_custom_1581010862863\" >\n\t\t<div class=\"wpb_wrapper\">\n\t\t\t<p><span style=\"font-weight: 400;\">Les bulletins trimestriels sont \u00e0 votre disposition et les notes sont saisies tout au long du trimestre pour vous permettre de suivre, avec votre enfant, l&#8217;\u00e9volution de ses r\u00e9sultats.<\/span><\/p>\n\n\t\t<\/div>\n\t<\/div>\n<\/div><\/div><\/div><\/div><div class=\"vc_row wpb_row vc_row-fluid\"><div class=\"wpb_column vc_column_container vc_col-sm-4\"><div class=\"vc_column-inner\"><div class=\"wpb_wrapper\"><h4 style=\"text-align: left\" class=\"vc_custom_heading vc_do_custom_heading vc_custom_1581010905658\" ><a href=\"#\">Email<\/a><\/h4>\n\t<div class=\"wpb_text_column wpb_content_element vc_custom_1581010919933\" >\n\t\t<div class=\"wpb_wrapper\">\n\t\t\t<p><span style=\"font-weight: 400;\">Pour \u00e9changer avec les professeurs ou l&#8217;administration.<\/span><\/p>\n\n\t\t<\/div>\n\t<\/div>\n<\/div><\/div><\/div><div class=\"wpb_column vc_column_container vc_col-sm-4\"><div class=\"vc_column-inner\"><div class=\"wpb_wrapper\"><h4 style=\"text-align: left\" class=\"vc_custom_heading vc_do_custom_heading vc_custom_1581010980156\" ><a href=\"#\">Online Documents<\/a><\/h4>\n\t<div class=\"wpb_text_column wpb_content_element vc_custom_1581011000306\" >\n\t\t<div class=\"wpb_wrapper\">\n\t\t\t<p><span style=\"font-weight: 400;\">School certificate, trimester report card, request for regularisation..., everything is available in your secure space.<\/span><\/p>\n\n\t\t<\/div>\n\t<\/div>\n<\/div><\/div><\/div><div class=\"wpb_column vc_column_container vc_col-sm-4\"><div class=\"vc_column-inner\"><div class=\"wpb_wrapper\"><h4 style=\"text-align: left\" class=\"vc_custom_heading vc_do_custom_heading vc_custom_1581011019285\" ><a href=\"#\">Parent-teacher meetings<\/a><\/h4>\n\t<div class=\"wpb_text_column wpb_content_element vc_custom_1581011033108\" >\n\t\t<div class=\"wpb_wrapper\">\n\t\t\t<p><span style=\"font-weight: 400;\">Aux p\u00e9riodes indiqu\u00e9es en cours d&#8217;ann\u00e9e, inscrivez-vous directement en ligne.<\/span><\/p>\n\n\t\t<\/div>\n\t<\/div>\n<\/div><\/div><\/div><\/div>\n<\/div>","protected":false},"excerpt":{"rendered":"\u00c9cole Directe\u00c9cole Directe, c'est notre plateforme digitale qui vous donne la possibilit\u00e9 de suivre au plus pr\u00e8s toute la scolarit\u00e9&nbsp;<a href=\"https:\/\/maurice-tieche.fr\/en\/accueil\/classes\/ecole-directe\/\">&hellip;<\/a>","protected":false},"author":1,"featured_media":0,"parent":148,"menu_order":5,"comment_status":"closed","ping_status":"closed","template":"template-sidebar-right-childpages.php","meta":{"rank_math_lock_modified_date":false,"footnotes":""},"class_list":["post-463","page","type-page","status-publish","hentry","odd"],"_links":{"self":[{"href":"https:\/\/maurice-tieche.fr\/en\/wp-json\/wp\/v2\/pages\/463"}],"collection":[{"href":"https:\/\/maurice-tieche.fr\/en\/wp-json\/wp\/v2\/pages"}],"about":[{"href":"https:\/\/maurice-tieche.fr\/en\/wp-json\/wp\/v2\/types\/page"}],"author":[{"embeddable":true,"href":"https:\/\/maurice-tieche.fr\/en\/wp-json\/wp\/v2\/users\/1"}],"replies":[{"embeddable":true,"href":"https:\/\/maurice-tieche.fr\/en\/wp-json\/wp\/v2\/comments?post=463"}],"version-history":[{"count":10,"href":"https:\/\/maurice-tieche.fr\/en\/wp-json\/wp\/v2\/pages\/463\/revisions"}],"predecessor-version":[{"id":1209,"href":"https:\/\/maurice-tieche.fr\/en\/wp-json\/wp\/v2\/pages\/463\/revisions\/1209"}],"up":[{"embeddable":true,"href":"https:\/\/maurice-tieche.fr\/en\/wp-json\/wp\/v2\/pages\/148"}],"wp:attachment":[{"href":"https:\/\/maurice-tieche.fr\/en\/wp-json\/wp\/v2\/media?parent=463"}],"curies":[{"name":"wp","href":"https:\/\/api.w.org\/{rel}","templated":true}]}}